{"id":936,"date":"2025-12-04T10:20:41","date_gmt":"2025-12-04T09:20:41","guid":{"rendered":"https:\/\/www.svbs-asse.ch\/svbs3\/?page_id=936"},"modified":"2026-01-27T10:19:29","modified_gmt":"2026-01-27T09:19:29","slug":"svbs-award-2","status":"publish","type":"page","link":"https:\/\/www.svbs-asse.ch\/?page_id=936","title":{"rendered":"SVBS AWARD"},"content":{"rendered":"\n<div class=\"wp-block-columns is-layout-flex wp-container-core-columns-is-layout-9d6595d7 wp-block-columns-is-layout-flex\">\n<div class=\"wp-block-column is-layout-flow wp-block-column-is-layout-flow\" style=\"flex-basis:33.33%\">\n<div class=\"wp-block-cover\" style=\"min-height:748px;aspect-ratio:unset;\"><img loading=\"lazy\" decoding=\"async\" width=\"683\" height=\"1024\" class=\"wp-block-cover__image-background wp-image-246\" alt=\"\" src=\"https:\/\/www.svbs-asse.ch\/wp-content\/uploads\/2025\/08\/svbs-award-683x1024.jpg\" data-object-fit=\"cover\" srcset=\"https:\/\/www.svbs-asse.ch\/wp-content\/uploads\/2025\/08\/svbs-award-683x1024.jpg 683w, https:\/\/www.svbs-asse.ch\/wp-content\/uploads\/2025\/08\/svbs-award-200x300.jpg 200w, https:\/\/www.svbs-asse.ch\/wp-content\/uploads\/2025\/08\/svbs-award-768x1152.jpg 768w, https:\/\/www.svbs-asse.ch\/wp-content\/uploads\/2025\/08\/svbs-award.jpg 1000w\" sizes=\"auto, (max-width: 683px) 100vw, 683px\" \/><span aria-hidden=\"true\" class=\"wp-block-cover__background has-background-dim\"><\/span><div class=\"wp-block-cover__inner-container is-layout-flow wp-block-cover-is-layout-flow\">\n<p class=\"has-text-align-center has-large-font-size\"><\/p>\n<\/div><\/div>\n<\/div>\n\n\n\n<div class=\"wp-block-column is-layout-flow wp-block-column-is-layout-flow\" style=\"flex-basis:66.66%\">\n<h3 class=\"wp-block-heading\">SVBS AWARD&nbsp;f\u00fcr die Ersthelfer des Jahres<\/h3>\n\n\n\n<p>Die Schweizerische Vereinigung f\u00fcr Betriebssanit\u00e4t (SVBS) zeichnet Ersthelfer oder Organisationen aus, die ein\u00a0aussergew\u00f6hnliches oder innovatives\u00a0Projekt rund um die Erste Hilfe oder die Betriebssanit\u00e4t umgesetzt haben oder einen\u00a0Einsatz als Ersthelfer:in oder Betriebssanit\u00e4ter:in\u00a0besonders kompetent\u00a0und vorbildlich durchgef\u00fchrt oder geleitet haben.<br><br>Der SVBS AWARD ist f\u00fcr alle Ersthelfer offen, ganz gleich ob sie in Betriebssanit\u00e4ten arbeiten oder nicht und\/oder ob sie SVBS-Mitglied sind oder nicht.<br><br>Zu gewinnen gibt es neben einem Award auch einen\u00a0Barpreis\u00a0von CHF 2500, gesponsert von <a href=\"https:\/\/www.betriebsapotheke.ch\" data-type=\"link\" data-id=\"https:\/\/www.betriebsapotheke.ch\" target=\"_blank\" rel=\"noreferrer noopener\">betriebsapotheke.ch<\/a>.<br><br>Ausgezeichnet werden ausschliesslich Ersthelfer oder Betriebssanit\u00e4ter. Ausgeschlossen sind \u00c4rzte, medizinische Fachpersonen, Rettungssanit\u00e4ter und Personen, die im Auftrag eines Rettungsdienstes mit einem Ambulanzfahrzeug oder einem Rettungshelikopter im Einsatz stehen. Das Ereignis darf nicht l\u00e4nger als 18 Monate zur\u00fcck liegen.\u00a0<br><br>Die detaillierten Wettbewerbs- und Teilnahmebedingungen finden Sie\u00a0<a href=\"https:\/\/www.svbs-asse.ch\/wp-content\/uploads\/2025\/12\/2024_Erweiterte_Wettbewerbs_und_Teilnahmebedingungen.pdf\" data-type=\"link\" data-id=\"https:\/\/www.svbs-asse.ch\/wp-content\/uploads\/2025\/12\/2024_Erweiterte_Wettbewerbs_und_Teilnahmebedingungen.pdf\" target=\"_blank\" rel=\"noreferrer noopener\">hier<\/a>.<br><br>Eingabeschluss ist jeweils am 1. April eines Jahres (f\u00fcr Projekte und Eins\u00e4tze aus dem Vorjahr). Das Antragsformular findet sich\u00a0unten verlinkt.<br><br>Die Gesuche um eine Auszeichnung werden von einer Jury aus ehemaligen Gewinnern und verschiedenen Schulungsanbietern gepr\u00fcft. Der Entscheid der Jury ist endg\u00fcltig. Es besteht kein Anspruch auf Auszeichnung.<br><br>Die Preisverleihung findet im Rahmen des &#8220;<a href=\"http:\/\/www.ersthelfersymposium.ch\/\" target=\"_blank\" rel=\"noreferrer noopener\">Ersthelfer Symposium<\/a>&#8221; oder in privaterem Rahmen statt &#8211; je nach Wunsch der Gewinner.<br><\/p>\n\n\n\n<br>\n\n\n<div class=\"grid grid-cols-2 sm:grid-cols-3 lg:grid-cols-4 gap-6\"><a class=\"relative aspect-video rounded-xl overflow-hidden group block\" href=\"https:\/\/www.svbs-asse.ch\/?page_id=1327\" aria-label=\"Zur Seite \u201eOnline Antrag\u201c\"><div class=\"absolute inset-0 bg-cover bg-center transition-transform duration-300 group-hover:scale-105\" style=\"background-image:url(https:\/\/www.svbs-asse.ch\/wp-content\/uploads\/2025\/12\/award.jpg);\"><\/div><div class=\"absolute inset-0 bg-black\/40 flex items-center justify-center\"><span class=\"text-white text-xl font-semibold bg-black\/60 px-3 py-1 rounded-md drop-shadow-lg\">Online Antrag<\/span><\/div><\/a><\/div>\n<\/div>\n<\/div>\n\n\n\n<details class=\"wp-block-details is-layout-flow wp-block-details-is-layout-flow\"><summary>History<\/summary>\n<h3 class=\"wp-block-heading\">SVBS AWARD 2024: Die Bedeutung der Intuition in der Ersten Hilfe<\/h3>\n\n\n\n<figure class=\"wp-block-image size-large\"><img loading=\"lazy\" decoding=\"async\" width=\"1024\" height=\"683\" src=\"https:\/\/www.svbs-asse.ch\/wp-content\/uploads\/2025\/12\/Ersthelfer_1083-1200x800-1-1024x683.jpg\" alt=\"\" class=\"wp-image-1062\" srcset=\"https:\/\/www.svbs-asse.ch\/wp-content\/uploads\/2025\/12\/Ersthelfer_1083-1200x800-1-1024x683.jpg 1024w, https:\/\/www.svbs-asse.ch\/wp-content\/uploads\/2025\/12\/Ersthelfer_1083-1200x800-1-300x200.jpg 300w, https:\/\/www.svbs-asse.ch\/wp-content\/uploads\/2025\/12\/Ersthelfer_1083-1200x800-1-768x512.jpg 768w, https:\/\/www.svbs-asse.ch\/wp-content\/uploads\/2025\/12\/Ersthelfer_1083-1200x800-1.jpg 1200w\" sizes=\"auto, (max-width: 1024px) 100vw, 1024px\" \/><\/figure>\n\n\n\n<p>Der \u00abSVBS AWARD\u00bb f\u00fcr die Ersthelfer des Jahres 2024 ging an Pascale Imboden, Katja Nafz und Rolf M\u00e4rchy von der Kantonsschule Hohe Promenade. Sie h\u00f6rten auf ihr Bauchgef\u00fchl, auf ihren Instinkt und auf ihre Intuition \u2013 und erkannten dadurch einen medizinischen Notfall, obwohl offensichtliche Symptome fehlten. Einen ausf\u00fchrlichen Bericht finden Sie <a href=\"https:\/\/www.safety-security.ch\/svbs-award-2024-intuition-erste-hilfe\/\" target=\"_blank\" rel=\"noreferrer noopener\">hier<\/a>.<\/p>\n\n\n\n<hr class=\"wp-block-separator has-alpha-channel-opacity\"\/>\n\n\n\n<h3 class=\"wp-block-heading\">SVBS AWARD 2022: Alle Mitarbeitenden zu Ersthelfern gemacht<\/h3>\n\n\n\n<div style=\"height:25px\" aria-hidden=\"true\" class=\"wp-block-spacer\"><\/div>\n\n\n\n<figure class=\"wp-block-embed is-type-video is-provider-youtube wp-block-embed-youtube wp-embed-aspect-16-9 wp-has-aspect-ratio\"><div class=\"wp-block-embed__wrapper\">\n<iframe loading=\"lazy\" title=\"SVBS Award 2022 am Ersthelfer Symposium\" width=\"500\" height=\"281\" src=\"https:\/\/www.youtube.com\/embed\/p_-WsT2t8Lw?feature=oembed\" frameborder=\"0\" allow=\"accelerometer; autoplay; clipboard-write; encrypted-media; gyroscope; picture-in-picture; web-share\" referrerpolicy=\"strict-origin-when-cross-origin\" allowfullscreen><\/iframe>\n<\/div><\/figure>\n\n\n\n<p> <br><\/p>\n\n\n\n<hr class=\"wp-block-separator has-alpha-channel-opacity\"\/>\n\n\n\n<h3 class=\"wp-block-heading\">SVBS AWARD 2021 &#8211;&nbsp;Einen Notfall erkennen: Voraussetzung f\u00fcr die richtige Erste Hilfe<br>  <\/h3>\n\n\n\n<p><br>Der \u00abSVBS AWARD\u00bb f\u00fcr die Ersthelfer des Jahres 2021 ging an die Betriebssanit\u00e4ter der Scintilla AG in St. Niklaus. Sie machten mit ihrem Einsatz deutlich: erst muss man einen Notfall als solchen erkennen, damit man \u00fcberhaupt Erste Hilfe leisten kann. F\u00fcr den betroffenen Mitarbeitenden bedeutet das vorbildliche Vorgehen der Betriebssanit\u00e4ter, dass er heute noch lebt \u2013 und zwar ohne Folgesch\u00e4den.<\/p>\n\n\n\n<figure class=\"wp-block-embed is-type-video is-provider-youtube wp-block-embed-youtube wp-embed-aspect-16-9 wp-has-aspect-ratio\"><div class=\"wp-block-embed__wrapper\">\n<iframe loading=\"lazy\" title=\"SVBS AWARD 2021\" width=\"500\" height=\"281\" src=\"https:\/\/www.youtube.com\/embed\/__lJY4refu4?feature=oembed\" frameborder=\"0\" allow=\"accelerometer; autoplay; clipboard-write; encrypted-media; gyroscope; picture-in-picture; web-share\" referrerpolicy=\"strict-origin-when-cross-origin\" allowfullscreen><\/iframe>\n<\/div><\/figure>\n\n\n\n<p>Es war an einem Morgen im Oktober 2021, als einem Mitarbeitenden der Scintilla AG in der Walliser Ortschaft St. Niklaus pl\u00f6tzlich Teile aus der Hand fielen. Ein Vorgesetzter bemerkte das und informierte Christian Juon.&nbsp;\u00abDer Mitarbeiter hatte keine Kraft in der Hand\u00bb, erz\u00e4hlt Ersthelfer&nbsp;Juon. Er dachte an einen Schlaganfall und f\u00fchrte den BE FAST Check durch. \u00abNur das A war auff\u00e4llig. Der Patient dr\u00fcckte eine Hand nicht\u00bb, erz\u00e4hlt Christian Juon. Sofort alarmierte er die Notrufzentrale 144 und informierte die Leitung Betriebssanit\u00e4t, die am Ereignistag nicht im Hause war. \u00abIch betreute den Patienten und nutzte die Zeit, um weitere Informationen rund um die Symptome, allf\u00e4llige Allergien oder Medikamente des Patienten, \u00fcber die Patientengeschichte, letzte Nahrungsaufnahme, dem Vorfall vorangegangene Ereignisse oder m\u00f6gliche Risikofaktoren zu sammeln.\u00bb<br><br>Bald traf der Rettungsdienst ein, der nach einigen weiteren Tests den Rettungs-Helikopter aufbot. Der Patient wurde direkt ins Zentrumsspital in Sion geflogen. \u00abEs war tats\u00e4chlich ein Schlaganfall und im Spital hatte er noch einen weiteren\u00bb, erz\u00e4hlt Christian Juon. \u00abNach ein paar Tagen Spitalaufenthalt konnte der Patient entlassen werden und in die Reha gehen. Lange war er noch schwach. Es brauchte Zeit und Geduld, aber es wurde seither immer besser.\u00bb<br><br><strong>Lob von der SVBS<\/strong><br><br>Die Lebenspartnerin des Patienten betonte den Betriebssanit\u00e4tern der Scintilla AG gegen\u00fcber immer wieder, dass nur dank dem vorbildlichen Eingreifen von Christian Juon sich alles zum Guten wenden konnte. Auch Stefan K\u00fchnis, Pr\u00e4sident der Schweizerischen Vereinigung f\u00fcr Betriebssanit\u00e4t (SVBS), stimmt dem zu: \u00abOhne die rasche und richtige Erste Hilfe w\u00e4re dieser Einsatz kaum so gut ausgegangen. Es ist ganz zentral, dass man einen Notfall als solchen erkennt. Nur so kann man \u00fcberhaupt Erste Hilfe leisten. Rund um einen Schlaganfall ist dieses Erkennen aber h\u00e4ufig schwierig. Dass der Ersthelfer sofort reagierte, obwohl nur ein Symptom zutreffend war, verdient Lob und Applaus. Und dass er den Notfall nicht nur erkannte, sondern auch genau wusste, was zu tun ist, hat viel mit einer guten Organisation und mit Aus- und Weiterbildung zu tun. Deshalb hat nicht nur Christian Juon, sondern hat die gesamte Betriebssanit\u00e4t der Scintilla AG diesen Award verdient.\u00bb<br><br><\/p>\n\n\n\n<hr class=\"wp-block-separator has-alpha-channel-opacity\"\/>\n\n\n\n<h3 class=\"wp-block-heading\">SVBS AWARD 2019 und SVBS AWARD 2020: Erfolgreiche Reanimation und Einsatz bei Augennotfall werden ausgezeichnet<br>  <\/h3>\n\n\n\n<p>Die SVBS k\u00fcrte die Ersthelfer der Jahre 2019 und 2020 mit dem SVBS AWARD. Der Award aus dem Jahr 2019 ging an Manuela Greco aus Neuhausen am Rheinfall. Sie rettete an einem Weihnachtsbaumverkauf das Leben eines Mannes mit pl\u00f6tzlichem Herzstillstand. Der SVBS AWARD 2020 ging an die Betriebssanit\u00e4t IBM Research Europe \u2013 Zurich. Das Team leistete in einem Augennotfall vorbildliche Erste Hilfe.<br><br>Mehr dazu lesen Sie&nbsp;<a href=\"https:\/\/www.safety-security.ch\/svbs-award-2019-2020\/\" target=\"_blank\" rel=\"noreferrer noopener\">hier<\/a>.&nbsp;<br><br><\/p>\n\n\n\n<hr class=\"wp-block-separator has-alpha-channel-opacity\"\/>\n\n\n\n<h3 class=\"wp-block-heading\">SVBS AWARD 2018<\/h3>\n\n\n\n<p><br>Die SVBS k\u00fcrte am 5. April 2019 die Betriebssanit\u00e4ter des Jahres 2018 mit dem<br>&#8220;SVBS AWARD&#8221;.<br><br>Mit dem ersten Preis wurden die Betriebssanit\u00e4ter Urs Berni und Richard Hubert von der Valser Mineralquellen AG ausgezeichnet. Sie retteten am 14. Februar 2018, dem Valentinstag, das Leben eines Monteurs.<br><br>Der 2. Platz ging an die Apleona HSG AG f\u00fcr die Entwicklung einer Betriebssanit\u00e4ts-Software, auf dem dritten Platz landete die Reasco AG f\u00fcr die Konzeption und Durchf\u00fchrung verschiedener Gesundheitsaktionen.<br><br>Mehr lesen Sie im&nbsp;<strong><a href=\"https:\/\/www.suedostschweiz.ch\/aus-dem-leben\/2019-04-06\/valser-lebensretter-werden-fuer-ihre-tat-geehrt\" target=\"_blank\" rel=\"noreferrer noopener\">Artikel der &#8220;S\u00fcdostschweiz&#8221;<\/a><\/strong>.<br><br><\/p>\n\n\n\n<hr class=\"wp-block-separator has-alpha-channel-opacity\"\/>\n\n\n\n<h3 class=\"wp-block-heading\">SVBS AWARD 2017<\/h3>\n\n\n\n<h3 class=\"wp-block-heading\"><strong>Der SVBS AWARD 2017 wurde am 6.4.2017 verliehen &#8211; herzliche Gratulation den Gewinnern!<\/strong><\/h3>\n\n\n\n<p><strong>1. Preis: Apleona HSG<br>2. Preis: Reasco AG<br>3. Preis: Perlen Papier AG<\/strong><br><br>Neben Pokalen und viel Applaus gab es zudem fette Bar-Preise, gesponsert von der IVF HARTMANN AG!<br><br><br><br><\/p>\n\n\n\n<hr class=\"wp-block-separator has-alpha-channel-opacity\"\/>\n<\/details>\n","protected":false},"excerpt":{"rendered":"<p>SVBS AWARD&nbsp;f\u00fcr die Ersthelfer des Jahres Die Schweizerische Vereinigung f\u00fcr Betriebssanit\u00e4t (SVBS) zeichnet Ersthelfer oder Organisationen aus, die ein\u00a0aussergew\u00f6hnliches oder innovatives\u00a0Projekt rund um die Erste Hilfe oder die Betriebssanit\u00e4t umgesetzt [&hellip;]<\/p>\n","protected":false},"author":1,"featured_media":0,"parent":22,"menu_order":0,"comment_status":"closed","ping_status":"closed","template":"","meta":{"_acf_changed":false,"footnotes":""},"class_list":["post-936","page","type-page","status-publish","hentry"],"acf":[],"lang":"de","translations":{"de":936,"fr":938,"it":1272,"en":1434},"pll_sync_post":[],"_links":{"self":[{"href":"https:\/\/www.svbs-asse.ch\/index.php?rest_route=\/wp\/v2\/pages\/936","targetHints":{"allow":["GET"]}}],"collection":[{"href":"https:\/\/www.svbs-asse.ch\/index.php?rest_route=\/wp\/v2\/pages"}],"about":[{"href":"https:\/\/www.svbs-asse.ch\/index.php?rest_route=\/wp\/v2\/types\/page"}],"author":[{"embeddable":true,"href":"https:\/\/www.svbs-asse.ch\/index.php?rest_route=\/wp\/v2\/users\/1"}],"replies":[{"embeddable":true,"href":"https:\/\/www.svbs-asse.ch\/index.php?rest_route=%2Fwp%2Fv2%2Fcomments&post=936"}],"version-history":[{"count":30,"href":"https:\/\/www.svbs-asse.ch\/index.php?rest_route=\/wp\/v2\/pages\/936\/revisions"}],"predecessor-version":[{"id":1276,"href":"https:\/\/www.svbs-asse.ch\/index.php?rest_route=\/wp\/v2\/pages\/936\/revisions\/1276"}],"up":[{"embeddable":true,"href":"https:\/\/www.svbs-asse.ch\/index.php?rest_route=\/wp\/v2\/pages\/22"}],"wp:attachment":[{"href":"https:\/\/www.svbs-asse.ch\/index.php?rest_route=%2Fwp%2Fv2%2Fmedia&parent=936"}],"curies":[{"name":"wp","href":"https:\/\/api.w.org\/{rel}","templated":true}]}}