{"id":781,"date":"2025-10-09T16:50:04","date_gmt":"2025-10-09T14:50:04","guid":{"rendered":"https:\/\/www.svbs-asse.ch\/svbs3\/?page_id=781"},"modified":"2026-01-27T10:18:07","modified_gmt":"2026-01-27T09:18:07","slug":"a-propos-dasse","status":"publish","type":"page","link":"https:\/\/www.svbs-asse.ch\/?page_id=781&lang=fr","title":{"rendered":"A propos d&#8217;ASSE"},"content":{"rendered":"\n<div class=\"wp-block-columns is-layout-flex wp-container-core-columns-is-layout-9d6595d7 wp-block-columns-is-layout-flex\">\n<div class=\"wp-block-column is-layout-flow wp-block-column-is-layout-flow\" style=\"flex-basis:25%\">\n<div class=\"wp-block-cover\" style=\"min-height:480px;aspect-ratio:unset;\"><img loading=\"lazy\" decoding=\"async\" width=\"800\" height=\"268\" class=\"wp-block-cover__image-background wp-image-543\" alt=\"\" src=\"https:\/\/www.svbs-asse.ch\/wp-content\/uploads\/2025\/09\/logo_banner_breit.png\" data-object-fit=\"cover\" srcset=\"https:\/\/www.svbs-asse.ch\/wp-content\/uploads\/2025\/09\/logo_banner_breit.png 800w, https:\/\/www.svbs-asse.ch\/wp-content\/uploads\/2025\/09\/logo_banner_breit-300x101.png 300w, https:\/\/www.svbs-asse.ch\/wp-content\/uploads\/2025\/09\/logo_banner_breit-768x257.png 768w\" sizes=\"auto, (max-width: 800px) 100vw, 800px\" \/><span aria-hidden=\"true\" class=\"wp-block-cover__background has-background-dim\"><\/span><div class=\"wp-block-cover__inner-container is-layout-flow wp-block-cover-is-layout-flow\">\n<p class=\"has-text-align-center has-large-font-size\"><\/p>\n<\/div><\/div>\n<\/div>\n\n\n\n<div class=\"wp-block-column is-layout-flow wp-block-column-is-layout-flow\" style=\"flex-basis:100%\">\n<p><strong>Nous combinons : th\u00e9orie et pratique, entreprise et secourisme<\/strong><br><br><strong>Notre association<\/strong><br><br>L&#8217;Association Suisse des Secouristes d&#8217;Entreprise a \u00e9t\u00e9 fond\u00e9e en 1986. Nous sommes la seule organisation professionnelle pour les secouristes d&#8217;entreprise en Suisse. Des entreprises et des soci\u00e9t\u00e9s nous soutiennent en tant que membres individuels et collectifs. Nous sommes politiquement et confessionnellement neutres.\u00a0<br><br><strong>Nos activit\u00e9s<\/strong><br><br>Nous sommes un centre de conseil et de documentation sur le th\u00e8me des secouristes d&#8217;entreprise pour nos membres. Nous collaborons avec divers comit\u00e9s d&#8217;experts et y repr\u00e9sentons les besoins des secouristes d&#8217;entreprise. Nous nous engageons activement dans l&#8217;assurance qualit\u00e9 des offres de formation initiale et continue pour les secouristes d&#8217;entreprise. Nous organisons des formations continues dans le domaine du secourisme et publions des documents et des guides sur des questions pertinentes relatives aux secouristes d&#8217;entreprise. Nous menons des actions de relations publiques et mettons en r\u00e9seau les secouristes d&#8217;entreprise entre eux et avec d&#8217;autres groupes cibles.<br><br><strong>Nos objectifs<\/strong><br><br>Nous exigeons et promouvons la r\u00e9putation et la comp\u00e9tence professionnelle des secouristes d&#8217;entreprise, encourageons l&#8217;\u00e9change d&#8217;exp\u00e9riences, nous engageons activement pour garantir un niveau \u00e9lev\u00e9 dans l&#8217;ensemble de l&#8217;offre de formation en Suisse et accordons une grande importance \u00e0 un niveau de qualit\u00e9 \u00e9lev\u00e9 dans la pratique des services de secourisme d&#8217;entreprise. Nous apportons notre soutien sous forme de conseils et \u00e9laborons des formats de formation continue et des documents utiles \u00e0 nos membres et \u00e0 la branche.<br><br><\/p>\n<\/div>\n<\/div>\n\n\n\n<p><\/p>\n","protected":false},"excerpt":{"rendered":"<p>Nous combinons : th\u00e9orie et pratique, entreprise et secourisme Notre association L&#8217;Association Suisse des Secouristes d&#8217;Entreprise a \u00e9t\u00e9 fond\u00e9e en 1986. Nous sommes la seule organisation professionnelle pour les secouristes [&hellip;]<\/p>\n","protected":false},"author":1,"featured_media":0,"parent":705,"menu_order":0,"comment_status":"closed","ping_status":"closed","template":"","meta":{"_acf_changed":false,"footnotes":""},"class_list":["post-781","page","type-page","status-publish","hentry"],"acf":[],"lang":"fr","translations":{"fr":781,"de":528,"it":1117,"en":1465},"pll_sync_post":[],"_links":{"self":[{"href":"https:\/\/www.svbs-asse.ch\/index.php?rest_route=\/wp\/v2\/pages\/781","targetHints":{"allow":["GET"]}}],"collection":[{"href":"https:\/\/www.svbs-asse.ch\/index.php?rest_route=\/wp\/v2\/pages"}],"about":[{"href":"https:\/\/www.svbs-asse.ch\/index.php?rest_route=\/wp\/v2\/types\/page"}],"author":[{"embeddable":true,"href":"https:\/\/www.svbs-asse.ch\/index.php?rest_route=\/wp\/v2\/users\/1"}],"replies":[{"embeddable":true,"href":"https:\/\/www.svbs-asse.ch\/index.php?rest_route=%2Fwp%2Fv2%2Fcomments&post=781"}],"version-history":[{"count":3,"href":"https:\/\/www.svbs-asse.ch\/index.php?rest_route=\/wp\/v2\/pages\/781\/revisions"}],"predecessor-version":[{"id":1671,"href":"https:\/\/www.svbs-asse.ch\/index.php?rest_route=\/wp\/v2\/pages\/781\/revisions\/1671"}],"up":[{"embeddable":true,"href":"https:\/\/www.svbs-asse.ch\/index.php?rest_route=\/wp\/v2\/pages\/705"}],"wp:attachment":[{"href":"https:\/\/www.svbs-asse.ch\/index.php?rest_route=%2Fwp%2Fv2%2Fmedia&parent=781"}],"curies":[{"name":"wp","href":"https:\/\/api.w.org\/{rel}","templated":true}]}}