{"id":698,"date":"2025-10-08T14:00:45","date_gmt":"2025-10-08T12:00:45","guid":{"rendered":"https:\/\/www.svbs-asse.ch\/svbs3\/?page_id=698"},"modified":"2026-01-27T10:20:30","modified_gmt":"2026-01-27T09:20:30","slug":"conseils-audits","status":"publish","type":"page","link":"https:\/\/www.svbs-asse.ch\/?page_id=698&lang=fr","title":{"rendered":"Conseils \/ Audits"},"content":{"rendered":"\n<div class=\"wp-block-columns is-layout-flex wp-container-core-columns-is-layout-9d6595d7 wp-block-columns-is-layout-flex\">\n<div class=\"wp-block-column is-layout-flow wp-block-column-is-layout-flow\" style=\"flex-basis:33.33%\">\n<div class=\"wp-block-cover is-light\"><img loading=\"lazy\" decoding=\"async\" width=\"1024\" height=\"683\" class=\"wp-block-cover__image-background wp-image-689 size-large\" alt=\"\" src=\"https:\/\/www.svbs-asse.ch\/wp-content\/uploads\/2025\/10\/beratung_audits-1024x683.jpg\" data-object-fit=\"cover\" srcset=\"https:\/\/www.svbs-asse.ch\/wp-content\/uploads\/2025\/10\/beratung_audits-1024x683.jpg 1024w, https:\/\/www.svbs-asse.ch\/wp-content\/uploads\/2025\/10\/beratung_audits-300x200.jpg 300w, https:\/\/www.svbs-asse.ch\/wp-content\/uploads\/2025\/10\/beratung_audits-768x513.jpg 768w\" sizes=\"auto, (max-width: 1024px) 100vw, 1024px\" \/><span aria-hidden=\"true\" class=\"wp-block-cover__background has-background-dim\" style=\"background-color:#bcbcbd\"><\/span><div class=\"wp-block-cover__inner-container is-layout-constrained wp-block-cover-is-layout-constrained\">\n<p class=\"has-text-align-center has-large-font-size\"><\/p>\n<\/div><\/div>\n<\/div>\n\n\n\n<div class=\"wp-block-column is-layout-flow wp-block-column-is-layout-flow\" style=\"flex-basis:66.66%\">\n<p>Nous conseillons volontiers les membres et les non-membres sur toutes les questions relatives \u00e0 la s\u00e9curit\u00e9 au travail. Nous proposons diff\u00e9rentes offres \u00e0 cet effet (voir tableau). Dans tous les cas, l&#8217;adh\u00e9sion en vaut la peine, car vous b\u00e9n\u00e9ficiez de consultations br\u00e8ves gratuites et de prix r\u00e9duits pour des consultations plus approfondies. Pour devenir membre de l\u2019ASSE,\u00a0<strong>v<a href=\"https:\/\/www.svbs-asse.ch\/?page_id=675&amp;lang=fr\" data-type=\"link\" data-id=\"https:\/\/www.svbs-asse.ch\/?page_id=675&amp;lang=fr\">ous trouverez ici les formulaires d&#8217;adh\u00e9sion correspondants<\/a><\/strong>.<\/p>\n\n\n\n<br>\n\n\n\n<figure class=\"wp-block-table is-style-stripes has-small-font-size\"><table class=\"has-fixed-layout\"><tbody><tr><td><strong><strong>Audits, conseils et pr\u00e9sentations<\/strong><\/strong><\/td><td><strong><strong>membres<\/strong><\/strong><\/td><td><strong><strong>Non-membres<\/strong><\/strong><\/td><\/tr><tr><td>Consultation t\u00e9l\u00e9phonique \/ examen de documents jusqu&#8217;\u00e0 15 minutes.<\/td><td>offert<\/td><td>offert<\/td><\/tr><tr><td>Consultation t\u00e9l\u00e9phonique \/ examen de documents, premi\u00e8re heure<\/td><td>offert<\/td><td>CHF 125<\/td><\/tr><tr><td>Consultation t\u00e9l\u00e9phonique \/ examen de documents : chaque heure suppl\u00e9mentaire<\/td><td>CHF 95<\/td><td>CHF 125<\/td><\/tr><tr><td>Consultation sur site par demi-journ\u00e9e<\/td><td>CHF 600*<\/td><td>CHF 700*<\/td><\/tr><tr><td>Audit d&#8217;un service de sant\u00e9 d&#8217;entreprise existant<\/td><td>CHF 2500*<\/td><td>CHF 2600*<\/td><\/tr><tr><td>Pr\u00e9sentations standard (dur\u00e9e totale requise : jusqu&#8217;\u00e0 4 heures)<\/td><td>CHF 500*<\/td><td>CHF 600*<\/td><\/tr><tr><td>Pr\u00e9sentations sp\u00e9ciales (dur\u00e9e totale: plus de 4 heures)<\/td><td>CHF 800*<\/td><td>CHF 900*<\/td><\/tr><tr><td>*hors frais de d\u00e9placement<\/td><td><\/td><td><\/td><\/tr><\/tbody><\/table><\/figure>\n<\/div>\n<\/div>\n\n\n\n<br>\n\n\n\n<p><strong>Audit d&#8217;un service de premiers secours d&#8217;entreprise<\/strong><br><br>Vous avez besoin d&#8217;un regard ext\u00e9rieur sur votre service sanitaire d&#8217;entreprise ? Ou vous avez besoin d&#8217;arguments plus nombreux et plus convaincants \u00e0 pr\u00e9senter \u00e0 la direction ? <br><br>Nous nous ferons un plaisir de soumettre votre service des premiers secours de votre entreprise \u00e0 un contr\u00f4le complet et surtout absolument neutre ! Deux professionnels se rendront dans vos locaux pendant une journ\u00e9e, examineront votre service sanitaire d&#8217;entreprise sous toutes ses coutures et r\u00e9digeront une \u00e9valuation \u00e9crite d\u00e9taill\u00e9e accompagn\u00e9e de recommandations. Pour obtenir un devis, envoyez-nous un e-mail \u00e0\u00a0<strong><a href=\"mailto:info@svbs-asse.ch\">info@svbs-asse.ch<\/a><\/strong>.\u00a0<br><br><\/p>\n\n\n\n<h2 class=\"wp-block-heading\">Equipe d&#8217;auditeurs<\/h2>\n\n\n<div class=\"vorstand-grid \" style=\"--vg-cols:3\"><article class=\"vorstand-card\"><div class=\"vorstand-avatar\"><img loading=\"lazy\" decoding=\"async\" width=\"200\" height=\"200\" src=\"https:\/\/www.svbs-asse.ch\/wp-content\/uploads\/2025\/10\/Bruno2.jpg\" class=\"attachment-medium size-medium wp-post-image\" alt=\"\" srcset=\"https:\/\/www.svbs-asse.ch\/wp-content\/uploads\/2025\/10\/Bruno2.jpg 200w, https:\/\/www.svbs-asse.ch\/wp-content\/uploads\/2025\/10\/Bruno2-150x150.jpg 150w\" sizes=\"auto, (max-width: 200px) 100vw, 200px\" \/><\/div><h3 class=\"vorstand-name\">Bruno Ducceschi<\/h3><div class=\"vorstand-funktion\">Lead-Auditor<\/div><div class=\"vorstand-contact\"><i>E-Mail: <a href=\"mailto:br&#117;&#110;&#111;&#046;d&#117;cc&#101;&#115;ch&#105;&#064;sv&#098;&#115;&#045;ass&#101;.c&#104;\">br&#117;&#110;&#111;&#046;d&#117;cc&#101;&#115;ch&#105;&#064;sv&#098;&#115;&#045;ass&#101;.c&#104;<\/a><\/i><\/div><\/article><article class=\"vorstand-card\"><div class=\"vorstand-avatar\"><img loading=\"lazy\" decoding=\"async\" width=\"200\" height=\"200\" src=\"https:\/\/www.svbs-asse.ch\/wp-content\/uploads\/2025\/10\/Bruno2.jpg\" class=\"attachment-medium size-medium wp-post-image\" alt=\"\" srcset=\"https:\/\/www.svbs-asse.ch\/wp-content\/uploads\/2025\/10\/Bruno2.jpg 200w, https:\/\/www.svbs-asse.ch\/wp-content\/uploads\/2025\/10\/Bruno2-150x150.jpg 150w\" sizes=\"auto, (max-width: 200px) 100vw, 200px\" \/><\/div><h3 class=\"vorstand-name\">Bruno Ducceschi<\/h3><div class=\"vorstand-funktion\">Auditeur principal<\/div><div class=\"vorstand-contact\"><i>E-Mail: <a href=\"mailto:b&#114;u&#110;o.&#100;uc&#099;e&#115;chi&#064;&#115;v&#098;s&#045;&#097;s&#115;e&#046;&#099;&#104;\">b&#114;u&#110;o.&#100;uc&#099;e&#115;chi&#064;&#115;v&#098;s&#045;&#097;s&#115;e&#046;&#099;&#104;<\/a><\/i><\/div><\/article><article class=\"vorstand-card\"><div class=\"vorstand-avatar\"><img loading=\"lazy\" decoding=\"async\" width=\"200\" height=\"200\" src=\"https:\/\/www.svbs-asse.ch\/wp-content\/uploads\/2025\/10\/Bruno2.jpg\" class=\"attachment-medium size-medium wp-post-image\" alt=\"\" srcset=\"https:\/\/www.svbs-asse.ch\/wp-content\/uploads\/2025\/10\/Bruno2.jpg 200w, https:\/\/www.svbs-asse.ch\/wp-content\/uploads\/2025\/10\/Bruno2-150x150.jpg 150w\" sizes=\"auto, (max-width: 200px) 100vw, 200px\" \/><\/div><h3 class=\"vorstand-name\">Bruno Ducceschi<\/h3><div class=\"vorstand-funktion\">Revisore capo<\/div><div class=\"vorstand-contact\"><i>E-Mail: <a href=\"mailto:&#098;r&#117;&#110;&#111;&#046;&#100;&#117;&#099;c&#101;sc&#104;i&#064;&#115;vbs&#045;a&#115;s&#101;&#046;&#099;h\">&#098;r&#117;&#110;&#111;&#046;&#100;&#117;&#099;c&#101;sc&#104;i&#064;&#115;vbs&#045;a&#115;s&#101;&#046;&#099;h<\/a><\/i><\/div><\/article><article class=\"vorstand-card\"><div class=\"vorstand-avatar\"><img loading=\"lazy\" decoding=\"async\" width=\"200\" height=\"200\" src=\"https:\/\/www.svbs-asse.ch\/wp-content\/uploads\/2025\/10\/Bruno2.jpg\" class=\"attachment-medium size-medium wp-post-image\" alt=\"\" srcset=\"https:\/\/www.svbs-asse.ch\/wp-content\/uploads\/2025\/10\/Bruno2.jpg 200w, https:\/\/www.svbs-asse.ch\/wp-content\/uploads\/2025\/10\/Bruno2-150x150.jpg 150w\" sizes=\"auto, (max-width: 200px) 100vw, 200px\" \/><\/div><h3 class=\"vorstand-name\">Bruno Ducceschi<\/h3><div class=\"vorstand-funktion\">Lead-Auditor<\/div><div class=\"vorstand-contact\"><i>E-Mail: <a href=\"mailto:&#098;&#114;u&#110;&#111;.&#100;&#117;c&#099;e&#115;c&#104;&#105;&#064;s&#118;&#098;&#115;-as&#115;&#101;.c&#104;\">&#098;&#114;u&#110;&#111;.&#100;&#117;c&#099;e&#115;c&#104;&#105;&#064;s&#118;&#098;&#115;-as&#115;&#101;.c&#104;<\/a><\/i><\/div><\/article><article class=\"vorstand-card\"><div class=\"vorstand-avatar\"><img loading=\"lazy\" decoding=\"async\" width=\"200\" height=\"200\" src=\"https:\/\/www.svbs-asse.ch\/wp-content\/uploads\/2025\/10\/Katja2.jpg\" class=\"attachment-medium size-medium wp-post-image\" alt=\"\" srcset=\"https:\/\/www.svbs-asse.ch\/wp-content\/uploads\/2025\/10\/Katja2.jpg 200w, https:\/\/www.svbs-asse.ch\/wp-content\/uploads\/2025\/10\/Katja2-150x150.jpg 150w\" sizes=\"auto, (max-width: 200px) 100vw, 200px\" \/><\/div><h3 class=\"vorstand-name\">Katja G\u00fcntert<\/h3><div class=\"vorstand-funktion\">Auditorin<\/div><div class=\"vorstand-contact\"><i>E-Mail: <a href=\"mailto:ka&#116;&#105;&#097;.gue&#110;tert&#064;s&#118;bs&#045;&#097;ss&#101;&#046;ch\">ka&#116;&#105;&#097;.gue&#110;tert&#064;s&#118;bs&#045;&#097;ss&#101;&#046;ch<\/a><\/i><\/div><\/article><article class=\"vorstand-card\"><div class=\"vorstand-avatar\"><img loading=\"lazy\" decoding=\"async\" width=\"200\" height=\"200\" src=\"https:\/\/www.svbs-asse.ch\/wp-content\/uploads\/2025\/10\/Katja2.jpg\" class=\"attachment-medium size-medium wp-post-image\" alt=\"\" srcset=\"https:\/\/www.svbs-asse.ch\/wp-content\/uploads\/2025\/10\/Katja2.jpg 200w, https:\/\/www.svbs-asse.ch\/wp-content\/uploads\/2025\/10\/Katja2-150x150.jpg 150w\" sizes=\"auto, (max-width: 200px) 100vw, 200px\" \/><\/div><h3 class=\"vorstand-name\">Katja G\u00fcntert<\/h3><div class=\"vorstand-funktion\">Auditrice<\/div><div class=\"vorstand-contact\"><i>E-Mail: <a href=\"mailto:k&#097;t&#105;&#097;.gu&#101;&#110;&#116;er&#116;&#064;&#115;v&#098;&#115;-asse.ch\">k&#097;t&#105;&#097;.gu&#101;&#110;&#116;er&#116;&#064;&#115;v&#098;&#115;-asse.ch<\/a><\/i><\/div><\/article><article class=\"vorstand-card\"><div class=\"vorstand-avatar\"><img loading=\"lazy\" decoding=\"async\" width=\"200\" height=\"200\" src=\"https:\/\/www.svbs-asse.ch\/wp-content\/uploads\/2025\/10\/Katja2.jpg\" class=\"attachment-medium size-medium wp-post-image\" alt=\"\" srcset=\"https:\/\/www.svbs-asse.ch\/wp-content\/uploads\/2025\/10\/Katja2.jpg 200w, https:\/\/www.svbs-asse.ch\/wp-content\/uploads\/2025\/10\/Katja2-150x150.jpg 150w\" sizes=\"auto, (max-width: 200px) 100vw, 200px\" \/><\/div><h3 class=\"vorstand-name\">Katja G\u00fcntert<\/h3><div class=\"vorstand-funktion\">Revisore<\/div><div class=\"vorstand-contact\"><i>E-Mail: <a href=\"mailto:&#107;a&#116;&#105;&#097;&#046;&#103;u&#101;nt&#101;rt&#064;s&#118;&#098;&#115;&#045;&#097;&#115;s&#101;&#046;c&#104;\">&#107;a&#116;&#105;&#097;&#046;&#103;u&#101;nt&#101;rt&#064;s&#118;&#098;&#115;&#045;&#097;&#115;s&#101;&#046;c&#104;<\/a><\/i><\/div><\/article><article class=\"vorstand-card\"><div class=\"vorstand-avatar\"><img loading=\"lazy\" decoding=\"async\" width=\"200\" height=\"200\" src=\"https:\/\/www.svbs-asse.ch\/wp-content\/uploads\/2025\/10\/Katja2.jpg\" class=\"attachment-medium size-medium wp-post-image\" alt=\"\" srcset=\"https:\/\/www.svbs-asse.ch\/wp-content\/uploads\/2025\/10\/Katja2.jpg 200w, https:\/\/www.svbs-asse.ch\/wp-content\/uploads\/2025\/10\/Katja2-150x150.jpg 150w\" sizes=\"auto, (max-width: 200px) 100vw, 200px\" \/><\/div><h3 class=\"vorstand-name\">Katja G\u00fcntert<\/h3><div class=\"vorstand-funktion\">Auditor<\/div><div class=\"vorstand-contact\"><i>E-Mail: <a href=\"mailto:ka&#116;i&#097;&#046;&#103;&#117;ent&#101;rt&#064;sv&#098;&#115;&#045;ass&#101;.&#099;h\">ka&#116;i&#097;&#046;&#103;&#117;ent&#101;rt&#064;sv&#098;&#115;&#045;ass&#101;.&#099;h<\/a><\/i><\/div><\/article><article class=\"vorstand-card\"><div class=\"vorstand-avatar\"><img loading=\"lazy\" decoding=\"async\" width=\"200\" height=\"200\" src=\"https:\/\/www.svbs-asse.ch\/wp-content\/uploads\/2025\/10\/Morgana2.jpg\" class=\"attachment-medium size-medium wp-post-image\" alt=\"\" srcset=\"https:\/\/www.svbs-asse.ch\/wp-content\/uploads\/2025\/10\/Morgana2.jpg 200w, https:\/\/www.svbs-asse.ch\/wp-content\/uploads\/2025\/10\/Morgana2-150x150.jpg 150w\" sizes=\"auto, (max-width: 200px) 100vw, 200px\" \/><\/div><h3 class=\"vorstand-name\">Morgana Dias-Langhi<\/h3><div class=\"vorstand-funktion\">Auditorin<\/div><div class=\"vorstand-contact\"><i>E-Mail: <a href=\"mailto:&#109;&#111;&#114;g&#097;na&#046;&#100;&#105;as&#045;&#108;a&#110;&#103;&#104;i&#064;s&#118;bs&#045;&#097;&#115;se.ch\">&#109;&#111;&#114;g&#097;na&#046;&#100;&#105;as&#045;&#108;a&#110;&#103;&#104;i&#064;s&#118;bs&#045;&#097;&#115;se.ch<\/a><\/i><\/div><\/article><article class=\"vorstand-card\"><div class=\"vorstand-avatar\"><img loading=\"lazy\" decoding=\"async\" width=\"200\" height=\"200\" src=\"https:\/\/www.svbs-asse.ch\/wp-content\/uploads\/2025\/10\/Morgana2.jpg\" class=\"attachment-medium size-medium wp-post-image\" alt=\"\" srcset=\"https:\/\/www.svbs-asse.ch\/wp-content\/uploads\/2025\/10\/Morgana2.jpg 200w, https:\/\/www.svbs-asse.ch\/wp-content\/uploads\/2025\/10\/Morgana2-150x150.jpg 150w\" sizes=\"auto, (max-width: 200px) 100vw, 200px\" \/><\/div><h3 class=\"vorstand-name\">Morgana Dias-Langhi<\/h3><div class=\"vorstand-funktion\">Auditrice<\/div><div class=\"vorstand-contact\"><i>E-Mail: <a href=\"mailto:m&#111;r&#103;&#097;n&#097;&#046;d&#105;a&#115;-&#108;&#097;n&#103;&#104;&#105;&#064;&#115;vbs-as&#115;&#101;.&#099;&#104;\">m&#111;r&#103;&#097;n&#097;&#046;d&#105;a&#115;-&#108;&#097;n&#103;&#104;&#105;&#064;&#115;vbs-as&#115;&#101;.&#099;&#104;<\/a><\/i><\/div><\/article><article class=\"vorstand-card\"><div class=\"vorstand-avatar\"><img loading=\"lazy\" decoding=\"async\" width=\"200\" height=\"200\" src=\"https:\/\/www.svbs-asse.ch\/wp-content\/uploads\/2025\/10\/Morgana2.jpg\" class=\"attachment-medium size-medium wp-post-image\" alt=\"\" srcset=\"https:\/\/www.svbs-asse.ch\/wp-content\/uploads\/2025\/10\/Morgana2.jpg 200w, https:\/\/www.svbs-asse.ch\/wp-content\/uploads\/2025\/10\/Morgana2-150x150.jpg 150w\" sizes=\"auto, (max-width: 200px) 100vw, 200px\" \/><\/div><h3 class=\"vorstand-name\">Morgana Dias-Langhi<\/h3><div class=\"vorstand-funktion\">Revisore<\/div><div class=\"vorstand-contact\"><i>E-Mail: <a href=\"mailto:&#109;&#111;rg&#097;n&#097;&#046;&#100;i&#097;s-la&#110;g&#104;&#105;&#064;&#115;&#118;bs&#045;&#097;sse&#046;&#099;&#104;\">&#109;&#111;rg&#097;n&#097;&#046;&#100;i&#097;s-la&#110;g&#104;&#105;&#064;&#115;&#118;bs&#045;&#097;sse&#046;&#099;&#104;<\/a><\/i><\/div><\/article><article class=\"vorstand-card\"><div class=\"vorstand-avatar\"><img loading=\"lazy\" decoding=\"async\" width=\"200\" height=\"200\" src=\"https:\/\/www.svbs-asse.ch\/wp-content\/uploads\/2025\/10\/Morgana2.jpg\" class=\"attachment-medium size-medium wp-post-image\" alt=\"\" srcset=\"https:\/\/www.svbs-asse.ch\/wp-content\/uploads\/2025\/10\/Morgana2.jpg 200w, https:\/\/www.svbs-asse.ch\/wp-content\/uploads\/2025\/10\/Morgana2-150x150.jpg 150w\" sizes=\"auto, (max-width: 200px) 100vw, 200px\" \/><\/div><h3 class=\"vorstand-name\">Morgana Dias-Langhi<\/h3><div class=\"vorstand-funktion\">Auditor<\/div><div class=\"vorstand-contact\"><i>E-Mail: <a href=\"mailto:&#109;&#111;&#114;&#103;&#097;n&#097;&#046;d&#105;&#097;&#115;&#045;la&#110;&#103;&#104;&#105;&#064;s&#118;b&#115;&#045;a&#115;&#115;&#101;.ch\">&#109;&#111;&#114;&#103;&#097;n&#097;&#046;d&#105;&#097;&#115;&#045;la&#110;&#103;&#104;&#105;&#064;s&#118;b&#115;&#045;a&#115;&#115;&#101;.ch<\/a><\/i><\/div><\/article><article class=\"vorstand-card\"><div class=\"vorstand-avatar\"><img loading=\"lazy\" decoding=\"async\" width=\"200\" height=\"200\" src=\"https:\/\/www.svbs-asse.ch\/wp-content\/uploads\/2025\/10\/Roger2.jpg\" class=\"attachment-medium size-medium wp-post-image\" alt=\"\" srcset=\"https:\/\/www.svbs-asse.ch\/wp-content\/uploads\/2025\/10\/Roger2.jpg 200w, https:\/\/www.svbs-asse.ch\/wp-content\/uploads\/2025\/10\/Roger2-150x150.jpg 150w\" sizes=\"auto, (max-width: 200px) 100vw, 200px\" \/><\/div><h3 class=\"vorstand-name\">Roger Berger<\/h3><div class=\"vorstand-funktion\">Auditor<\/div><div class=\"vorstand-contact\"><i>E-Mail: <a href=\"mailto:r&#111;&#103;er.b&#101;rg&#101;r&#064;&#115;v&#098;&#115;-asse&#046;&#099;&#104;\">r&#111;&#103;er.b&#101;rg&#101;r&#064;&#115;v&#098;&#115;-asse&#046;&#099;&#104;<\/a><\/i><\/div><\/article><article class=\"vorstand-card\"><div class=\"vorstand-avatar\"><img loading=\"lazy\" decoding=\"async\" width=\"200\" height=\"200\" src=\"https:\/\/www.svbs-asse.ch\/wp-content\/uploads\/2025\/10\/Roger2.jpg\" class=\"attachment-medium size-medium wp-post-image\" alt=\"\" srcset=\"https:\/\/www.svbs-asse.ch\/wp-content\/uploads\/2025\/10\/Roger2.jpg 200w, https:\/\/www.svbs-asse.ch\/wp-content\/uploads\/2025\/10\/Roger2-150x150.jpg 150w\" sizes=\"auto, (max-width: 200px) 100vw, 200px\" \/><\/div><h3 class=\"vorstand-name\">Roger Berger<\/h3><div class=\"vorstand-funktion\">Auditeur<\/div><div class=\"vorstand-contact\"><i>E-Mail: <a href=\"mailto:r&#111;&#103;er&#046;&#098;e&#114;ge&#114;&#064;s&#118;bs-&#097;s&#115;&#101;.&#099;h\">r&#111;&#103;er&#046;&#098;e&#114;ge&#114;&#064;s&#118;bs-&#097;s&#115;&#101;.&#099;h<\/a><\/i><\/div><\/article><article class=\"vorstand-card\"><div class=\"vorstand-avatar\"><img loading=\"lazy\" decoding=\"async\" width=\"200\" height=\"200\" src=\"https:\/\/www.svbs-asse.ch\/wp-content\/uploads\/2025\/10\/Roger2.jpg\" class=\"attachment-medium size-medium wp-post-image\" alt=\"\" srcset=\"https:\/\/www.svbs-asse.ch\/wp-content\/uploads\/2025\/10\/Roger2.jpg 200w, https:\/\/www.svbs-asse.ch\/wp-content\/uploads\/2025\/10\/Roger2-150x150.jpg 150w\" sizes=\"auto, (max-width: 200px) 100vw, 200px\" \/><\/div><h3 class=\"vorstand-name\">Roger Berger<\/h3><div class=\"vorstand-funktion\">Revisore<\/div><div class=\"vorstand-contact\"><i>E-Mail: <a href=\"mailto:r&#111;g&#101;r.&#098;er&#103;&#101;r&#064;&#115;&#118;b&#115;&#045;&#097;s&#115;e.&#099;&#104;\">r&#111;g&#101;r.&#098;er&#103;&#101;r&#064;&#115;&#118;b&#115;&#045;&#097;s&#115;e.&#099;&#104;<\/a><\/i><\/div><\/article><article class=\"vorstand-card\"><div class=\"vorstand-avatar\"><img loading=\"lazy\" decoding=\"async\" width=\"200\" height=\"200\" src=\"https:\/\/www.svbs-asse.ch\/wp-content\/uploads\/2025\/10\/Roger2.jpg\" class=\"attachment-medium size-medium wp-post-image\" alt=\"\" srcset=\"https:\/\/www.svbs-asse.ch\/wp-content\/uploads\/2025\/10\/Roger2.jpg 200w, https:\/\/www.svbs-asse.ch\/wp-content\/uploads\/2025\/10\/Roger2-150x150.jpg 150w\" sizes=\"auto, (max-width: 200px) 100vw, 200px\" \/><\/div><h3 class=\"vorstand-name\">Roger Berger<\/h3><div class=\"vorstand-funktion\">Auditor<\/div><div class=\"vorstand-contact\"><i>E-Mail: <a href=\"mailto:&#114;o&#103;er&#046;berg&#101;&#114;&#064;s&#118;&#098;&#115;&#045;a&#115;&#115;&#101;&#046;c&#104;\">&#114;o&#103;er&#046;berg&#101;&#114;&#064;s&#118;&#098;&#115;&#045;a&#115;&#115;&#101;&#046;c&#104;<\/a><\/i><\/div><\/article><article class=\"vorstand-card\"><div class=\"vorstand-avatar\"><img loading=\"lazy\" decoding=\"async\" width=\"200\" height=\"200\" src=\"https:\/\/www.svbs-asse.ch\/wp-content\/uploads\/2025\/10\/Stefan2.jpg\" class=\"attachment-medium size-medium wp-post-image\" alt=\"\" srcset=\"https:\/\/www.svbs-asse.ch\/wp-content\/uploads\/2025\/10\/Stefan2.jpg 200w, https:\/\/www.svbs-asse.ch\/wp-content\/uploads\/2025\/10\/Stefan2-150x150.jpg 150w\" sizes=\"auto, (max-width: 200px) 100vw, 200px\" \/><\/div><h3 class=\"vorstand-name\">Stefan K\u00fchnis<\/h3><div class=\"vorstand-funktion\">Auditor<\/div><div class=\"vorstand-contact\"><i>E-Mail: <a href=\"mailto:&#115;t&#101;&#102;an.ku&#101;h&#110;is&#064;sv&#098;s-&#097;&#115;s&#101;.c&#104;\">&#115;t&#101;&#102;an.ku&#101;h&#110;is&#064;sv&#098;s-&#097;&#115;s&#101;.c&#104;<\/a><\/i><\/div><\/article><article class=\"vorstand-card\"><div class=\"vorstand-avatar\"><img loading=\"lazy\" decoding=\"async\" width=\"200\" height=\"200\" src=\"https:\/\/www.svbs-asse.ch\/wp-content\/uploads\/2025\/10\/Stefan2.jpg\" class=\"attachment-medium size-medium wp-post-image\" alt=\"\" srcset=\"https:\/\/www.svbs-asse.ch\/wp-content\/uploads\/2025\/10\/Stefan2.jpg 200w, https:\/\/www.svbs-asse.ch\/wp-content\/uploads\/2025\/10\/Stefan2-150x150.jpg 150w\" sizes=\"auto, (max-width: 200px) 100vw, 200px\" \/><\/div><h3 class=\"vorstand-name\">Stefan K\u00fchnis<\/h3><div class=\"vorstand-funktion\">Auditeur<\/div><div class=\"vorstand-contact\"><i>E-Mail: <a href=\"mailto:&#115;&#116;e&#102;an.ku&#101;hni&#115;&#064;&#115;&#118;&#098;s&#045;ass&#101;.c&#104;\">&#115;&#116;e&#102;an.ku&#101;hni&#115;&#064;&#115;&#118;&#098;s&#045;ass&#101;.c&#104;<\/a><\/i><\/div><\/article><article class=\"vorstand-card\"><div class=\"vorstand-avatar\"><img loading=\"lazy\" decoding=\"async\" width=\"200\" height=\"200\" src=\"https:\/\/www.svbs-asse.ch\/wp-content\/uploads\/2025\/10\/Stefan2.jpg\" class=\"attachment-medium size-medium wp-post-image\" alt=\"\" srcset=\"https:\/\/www.svbs-asse.ch\/wp-content\/uploads\/2025\/10\/Stefan2.jpg 200w, https:\/\/www.svbs-asse.ch\/wp-content\/uploads\/2025\/10\/Stefan2-150x150.jpg 150w\" sizes=\"auto, (max-width: 200px) 100vw, 200px\" \/><\/div><h3 class=\"vorstand-name\">Stefan K\u00fchnis<\/h3><div class=\"vorstand-funktion\">Revisore<\/div><div class=\"vorstand-contact\"><i>E-Mail: <a href=\"mailto:&#115;&#116;e&#102;an.&#107;uehn&#105;&#115;&#064;svbs-&#097;sse.&#099;h\">&#115;&#116;e&#102;an.&#107;uehn&#105;&#115;&#064;svbs-&#097;sse.&#099;h<\/a><\/i><\/div><\/article><article class=\"vorstand-card\"><div class=\"vorstand-avatar\"><img loading=\"lazy\" decoding=\"async\" width=\"200\" height=\"200\" src=\"https:\/\/www.svbs-asse.ch\/wp-content\/uploads\/2025\/10\/Stefan2.jpg\" class=\"attachment-medium size-medium wp-post-image\" alt=\"\" srcset=\"https:\/\/www.svbs-asse.ch\/wp-content\/uploads\/2025\/10\/Stefan2.jpg 200w, https:\/\/www.svbs-asse.ch\/wp-content\/uploads\/2025\/10\/Stefan2-150x150.jpg 150w\" sizes=\"auto, (max-width: 200px) 100vw, 200px\" \/><\/div><h3 class=\"vorstand-name\">Stefan K\u00fchnis<\/h3><div class=\"vorstand-funktion\">Auditor<\/div><div class=\"vorstand-contact\"><i>E-Mail: <a href=\"mailto:&#115;t&#101;&#102;&#097;&#110;.k&#117;ehni&#115;&#064;&#115;v&#098;&#115;-&#097;s&#115;e&#046;c&#104;\">&#115;t&#101;&#102;&#097;&#110;.k&#117;ehni&#115;&#064;&#115;v&#098;&#115;-&#097;s&#115;e&#046;c&#104;<\/a><\/i><\/div><\/article><\/div>\n\n\n\n<p><\/p>\n","protected":false},"excerpt":{"rendered":"<p>Nous conseillons volontiers les membres et les non-membres sur toutes les questions relatives \u00e0 la s\u00e9curit\u00e9 au travail. Nous proposons diff\u00e9rentes offres \u00e0 cet effet (voir tableau). Dans tous les [&hellip;]<\/p>\n","protected":false},"author":1,"featured_media":0,"parent":0,"menu_order":0,"comment_status":"closed","ping_status":"closed","template":"page.php","meta":{"_acf_changed":false,"footnotes":""},"class_list":["post-698","page","type-page","status-publish","hentry"],"acf":[],"lang":"fr","translations":{"fr":698,"de":24,"it":1132,"en":1338},"pll_sync_post":[],"_links":{"self":[{"href":"https:\/\/www.svbs-asse.ch\/index.php?rest_route=\/wp\/v2\/pages\/698","targetHints":{"allow":["GET"]}}],"collection":[{"href":"https:\/\/www.svbs-asse.ch\/index.php?rest_route=\/wp\/v2\/pages"}],"about":[{"href":"https:\/\/www.svbs-asse.ch\/index.php?rest_route=\/wp\/v2\/types\/page"}],"author":[{"embeddable":true,"href":"https:\/\/www.svbs-asse.ch\/index.php?rest_route=\/wp\/v2\/users\/1"}],"replies":[{"embeddable":true,"href":"https:\/\/www.svbs-asse.ch\/index.php?rest_route=%2Fwp%2Fv2%2Fcomments&post=698"}],"version-history":[{"count":7,"href":"https:\/\/www.svbs-asse.ch\/index.php?rest_route=\/wp\/v2\/pages\/698\/revisions"}],"predecessor-version":[{"id":1291,"href":"https:\/\/www.svbs-asse.ch\/index.php?rest_route=\/wp\/v2\/pages\/698\/revisions\/1291"}],"wp:attachment":[{"href":"https:\/\/www.svbs-asse.ch\/index.php?rest_route=%2Fwp%2Fv2%2Fmedia&parent=698"}],"curies":[{"name":"wp","href":"https:\/\/api.w.org\/{rel}","templated":true}]}}