{"id":675,"date":"2025-10-08T12:51:19","date_gmt":"2025-10-08T10:51:19","guid":{"rendered":"https:\/\/www.svbs-asse.ch\/svbs3\/?page_id=675"},"modified":"2026-01-27T10:20:25","modified_gmt":"2026-01-27T09:20:25","slug":"declarations-dadhesion","status":"publish","type":"page","link":"https:\/\/www.svbs-asse.ch\/?page_id=675&lang=fr","title":{"rendered":"D\u00e9clarations d&#8217;adh\u00e9sion"},"content":{"rendered":"\n<h3 class=\"wp-block-heading has-text-align-center\">&#8211;> Devenir membre <a href=\"https:\/\/www.svbs-asse.ch\/?page_id=1253&amp;lang=fr\" data-type=\"page\" data-id=\"1253\">individuel <\/a>\u00e0 titre priv\u00e9 &lt;&#8211;<\/h3>\n\n\n\n<div style=\"height:30px\" aria-hidden=\"true\" class=\"wp-block-spacer\"><\/div>\n\n\n\n<h3 class=\"wp-block-heading has-text-align-center\">&#8211;> Devenir membre <a href=\"https:\/\/www.svbs-asse.ch\/?page_id=1256&amp;lang=fr\" data-type=\"page\" data-id=\"1256\">collectif <\/a>\u00e0 titre d&#8217;entreprise &lt;&#8211;<\/h3>\n\n\n\n<p><\/p>\n","protected":false},"excerpt":{"rendered":"<p>&#8211;> Devenir membre individuel \u00e0 titre priv\u00e9 &lt;&#8211; &#8211;> Devenir membre collectif \u00e0 titre d&#8217;entreprise &lt;&#8211;<\/p>\n","protected":false},"author":1,"featured_media":0,"parent":63,"menu_order":0,"comment_status":"closed","ping_status":"closed","template":"","meta":{"_acf_changed":false,"footnotes":""},"class_list":["post-675","page","type-page","status-publish","hentry"],"acf":[],"lang":"fr","translations":{"fr":675,"de":231,"it":1180,"en":1387},"pll_sync_post":[],"_links":{"self":[{"href":"https:\/\/www.svbs-asse.ch\/index.php?rest_route=\/wp\/v2\/pages\/675","targetHints":{"allow":["GET"]}}],"collection":[{"href":"https:\/\/www.svbs-asse.ch\/index.php?rest_route=\/wp\/v2\/pages"}],"about":[{"href":"https:\/\/www.svbs-asse.ch\/index.php?rest_route=\/wp\/v2\/types\/page"}],"author":[{"embeddable":true,"href":"https:\/\/www.svbs-asse.ch\/index.php?rest_route=\/wp\/v2\/users\/1"}],"replies":[{"embeddable":true,"href":"https:\/\/www.svbs-asse.ch\/index.php?rest_route=%2Fwp%2Fv2%2Fcomments&post=675"}],"version-history":[{"count":4,"href":"https:\/\/www.svbs-asse.ch\/index.php?rest_route=\/wp\/v2\/pages\/675\/revisions"}],"predecessor-version":[{"id":1642,"href":"https:\/\/www.svbs-asse.ch\/index.php?rest_route=\/wp\/v2\/pages\/675\/revisions\/1642"}],"up":[{"embeddable":true,"href":"https:\/\/www.svbs-asse.ch\/index.php?rest_route=\/wp\/v2\/pages\/63"}],"wp:attachment":[{"href":"https:\/\/www.svbs-asse.ch\/index.php?rest_route=%2Fwp%2Fv2%2Fmedia&parent=675"}],"curies":[{"name":"wp","href":"https:\/\/api.w.org\/{rel}","templated":true}]}}