{"id":642,"date":"2025-10-07T11:49:01","date_gmt":"2025-10-07T09:49:01","guid":{"rendered":"https:\/\/www.svbs-asse.ch\/svbs3\/?page_id=642"},"modified":"2025-12-12T15:22:18","modified_gmt":"2025-12-12T14:22:18","slug":"mentions-legales","status":"publish","type":"page","link":"https:\/\/www.svbs-asse.ch\/?page_id=642&lang=fr","title":{"rendered":"Mentions l\u00e9gales"},"content":{"rendered":"\n<p><strong>SVBS \/ ASSE \/ ASSA<\/strong><br>Stefan K\u00fchnis<br>Schulstrasse 10<br>8330 Pf\u00e4ffikon ZH<br>Telefone: +41 76 576 19 20<br>E-Mail:\u00a0<a href=\"mailto:info@svbs-asse.ch\">info@svbs-asse.ch<\/a><br>Web:\u00a0<a href=\"https:\/\/www.svbs-asse.ch\/\">https:\/\/www.svbs-asse.ch<\/a><br><br><strong>Responsable du contenu de ce site web<\/strong><br>Stefan K\u00fchnis<br><br><strong>Responsabilit\u00e9<\/strong><br>Nonobstant une v\u00e9rification minutieuse, la responsabilit\u00e9 de l\u2019\u00e9diteur ne saurait \u00eatre engag\u00e9e au titre du caract\u00e8re exact de la publication. L\u2019\u00e9diteur d\u00e9cline toute responsabilit\u00e9 quant \u00e0 l\u2019exactitude du contenu des publications identifi\u00e9es par un nom.<br><br><strong>Responsabilit\u00e9 concernant les liens hypertextes<\/strong><br>La responsabilit\u00e9 au titre du contenu des pages auxquelles renvoient les liens hypertextes incombe au seul fournisseur ou exploitant du site en question. Au moment de la cr\u00e9ation des liens hypertextes, les sites Internet auxquels renvoient ces liens ont fait l\u2019objet d\u2019une v\u00e9rification quant \u00e0 d\u2019\u00e9ventuelles violations de la loi. \u00c0 la date de la cr\u00e9ation de ces liens, aucun contenu illicite n\u2019existait. Toutefois, un contr\u00f4le permanent du contenu des pages li\u00e9es ne saurait \u00eatre raisonnablement exig\u00e9 en l\u2019absence d\u2019\u00e9l\u00e9ments concrets permettant d\u2019\u00e9tablir une violation de la loi. Si de telles violations venaient \u00e0 \u00eatre port\u00e9es \u00e0 notre connaissance, les liens hypertextes seront imm\u00e9diatement supprim\u00e9s.<br><br><br><\/p>\n\n\n<div class=\"grid grid-cols-2 sm:grid-cols-3 lg:grid-cols-4 gap-6\"><a class=\"relative aspect-video rounded-xl overflow-hidden group block\" href=\"https:\/\/www.svbs-asse.ch\/?page_id=861\" aria-label=\"Zur Seite \u201eDatenschutz\u201c\"><div class=\"absolute inset-0 bg-cover bg-center transition-transform duration-300 group-hover:scale-105\" style=\"background-image:url(https:\/\/www.svbs-asse.ch\/wp-content\/uploads\/2025\/12\/Datenschutz.jpg);\"><\/div><div class=\"absolute inset-0 bg-black\/40 flex items-center justify-center\"><span class=\"text-white text-xl font-semibold bg-black\/60 px-3 py-1 rounded-md drop-shadow-lg\">Datenschutz<\/span><\/div><\/a><a class=\"relative aspect-video rounded-xl overflow-hidden group block\" href=\"https:\/\/www.svbs-asse.ch\/?page_id=859\" aria-label=\"Zur Seite \u201eAGB\u201c\"><div class=\"absolute inset-0 bg-cover bg-center transition-transform duration-300 group-hover:scale-105\" style=\"background-image:url(https:\/\/www.svbs-asse.ch\/wp-content\/uploads\/2025\/12\/agb.jpg);\"><\/div><div class=\"absolute inset-0 bg-black\/40 flex items-center justify-center\"><span class=\"text-white text-xl font-semibold bg-black\/60 px-3 py-1 rounded-md drop-shadow-lg\">AGB<\/span><\/div><\/a><a class=\"relative aspect-video rounded-xl overflow-hidden group block\" href=\"https:\/\/www.svbs-asse.ch\/?page_id=857\" aria-label=\"Zur Seite \u201eCookie-Richtlinie\u201c\"><div class=\"absolute inset-0 bg-cover bg-center transition-transform duration-300 group-hover:scale-105\" style=\"background-image:url(https:\/\/www.svbs-asse.ch\/wp-content\/uploads\/2025\/12\/cookies-672x675.jpg);\"><\/div><div class=\"absolute inset-0 bg-black\/40 flex items-center justify-center\"><span class=\"text-white text-xl font-semibold bg-black\/60 px-3 py-1 rounded-md drop-shadow-lg\">Cookie-Richtlinie<\/span><\/div><\/a><\/div>\n","protected":false},"excerpt":{"rendered":"<p>SVBS \/ ASSE \/ ASSAStefan K\u00fchnisSchulstrasse 108330 Pf\u00e4ffikon ZHTelefone: +41 76 576 19 20E-Mail:\u00a0info@svbs-asse.chWeb:\u00a0https:\/\/www.svbs-asse.ch Responsable du contenu de ce site webStefan K\u00fchnis Responsabilit\u00e9Nonobstant une v\u00e9rification minutieuse, la responsabilit\u00e9 de l\u2019\u00e9diteur [&hellip;]<\/p>\n","protected":false},"author":1,"featured_media":0,"parent":0,"menu_order":0,"comment_status":"closed","ping_status":"closed","template":"","meta":{"_acf_changed":false,"footnotes":""},"class_list":["post-642","page","type-page","status-publish","hentry"],"acf":[],"lang":"fr","translations":{"fr":642,"de":555,"it":1191,"en":1362},"pll_sync_post":[],"_links":{"self":[{"href":"https:\/\/www.svbs-asse.ch\/index.php?rest_route=\/wp\/v2\/pages\/642","targetHints":{"allow":["GET"]}}],"collection":[{"href":"https:\/\/www.svbs-asse.ch\/index.php?rest_route=\/wp\/v2\/pages"}],"about":[{"href":"https:\/\/www.svbs-asse.ch\/index.php?rest_route=\/wp\/v2\/types\/page"}],"author":[{"embeddable":true,"href":"https:\/\/www.svbs-asse.ch\/index.php?rest_route=\/wp\/v2\/users\/1"}],"replies":[{"embeddable":true,"href":"https:\/\/www.svbs-asse.ch\/index.php?rest_route=%2Fwp%2Fv2%2Fcomments&post=642"}],"version-history":[{"count":6,"href":"https:\/\/www.svbs-asse.ch\/index.php?rest_route=\/wp\/v2\/pages\/642\/revisions"}],"predecessor-version":[{"id":1196,"href":"https:\/\/www.svbs-asse.ch\/index.php?rest_route=\/wp\/v2\/pages\/642\/revisions\/1196"}],"wp:attachment":[{"href":"https:\/\/www.svbs-asse.ch\/index.php?rest_route=%2Fwp%2Fv2%2Fmedia&parent=642"}],"curies":[{"name":"wp","href":"https:\/\/api.w.org\/{rel}","templated":true}]}}