{"id":555,"date":"2025-09-07T14:24:15","date_gmt":"2025-09-07T12:24:15","guid":{"rendered":"https:\/\/www.svbs-asse.ch\/svbs3\/?page_id=555"},"modified":"2026-04-23T10:28:19","modified_gmt":"2026-04-23T08:28:19","slug":"impressum","status":"publish","type":"page","link":"https:\/\/www.svbs-asse.ch\/?page_id=555","title":{"rendered":"Impressum"},"content":{"rendered":"\n<p><strong>SVBS \/ ASSE \/ ASSA<\/strong><br>Bruno Ducceschi<br>Wasenackerstrasse 196<br>8195 Wasterkingen<br>E-Mail:\u00a0<a href=\"mailto:info@svbs-asse.ch\">info@svbs-asse.ch<\/a><br>Web:\u00a0<a href=\"https:\/\/www.svbs-asse.ch\/\">https:\/\/www.svbs-asse.ch<\/a><br><br><strong>Gesch\u00e4ftsf\u00fchrer SVBS und verantwortlich f\u00fcr den Inhalt dieser Website<\/strong><br>Bruno Ducceschi<br><br><strong>Haftungshinweis<\/strong><br>Trotz sorgf\u00e4ltiger inhaltlicher Kontrolle \u00fcbernehmen wir keine Haftung f\u00fcr die Inhalte externer Links. F\u00fcr den Inhalt der verlinkten Seiten sind ausschlie\u00dflich deren Betreiber verantwortlich.<br><br><strong>Hyperlinks<\/strong><br>F\u00fcr die Inhalte der verlinkten Seiten ist stets der jeweilige Anbieter oder Betreiber der Seiten verantwortlich. Die verlinkten Seiten wurden zum Zeitpunkt der Verlinkung auf m\u00f6gliche Rechtsverst\u00f6sse \u00fcberpr\u00fcft. Rechtswidrige Inhalte waren zum Zeitpunkt der Verlinkung nicht erkennbar. Eine permanente inhaltliche Kontrolle der verlinkten Seiten ist jedoch ohne konkrete Anhaltspunkte einer Rechtsverletzung nicht zumutbar. Bei Bekanntwerden von Rechtsverletzungen werden wir derartige Links umgehend entfernen.<br><br><br><\/p>\n\n\n<div class=\"grid grid-cols-2 sm:grid-cols-3 lg:grid-cols-4 gap-6\"><a class=\"relative aspect-video rounded-xl overflow-hidden group block\" href=\"https:\/\/www.svbs-asse.ch\/?page_id=861\" aria-label=\"Zur Seite \u201eDatenschutz\u201c\"><div class=\"absolute inset-0 bg-cover bg-center transition-transform duration-300 group-hover:scale-105\" style=\"background-image:url(https:\/\/www.svbs-asse.ch\/wp-content\/uploads\/2025\/12\/Datenschutz.jpg);\"><\/div><div class=\"absolute inset-0 bg-black\/40 flex items-center justify-center\"><span class=\"text-white text-xl font-semibold bg-black\/60 px-3 py-1 rounded-md drop-shadow-lg\">Datenschutz<\/span><\/div><\/a><a class=\"relative aspect-video rounded-xl overflow-hidden group block\" href=\"https:\/\/www.svbs-asse.ch\/?page_id=859\" aria-label=\"Zur Seite \u201eAGB\u201c\"><div class=\"absolute inset-0 bg-cover bg-center transition-transform duration-300 group-hover:scale-105\" style=\"background-image:url(https:\/\/www.svbs-asse.ch\/wp-content\/uploads\/2025\/12\/agb.jpg);\"><\/div><div class=\"absolute inset-0 bg-black\/40 flex items-center justify-center\"><span class=\"text-white text-xl font-semibold bg-black\/60 px-3 py-1 rounded-md drop-shadow-lg\">AGB<\/span><\/div><\/a><a class=\"relative aspect-video rounded-xl overflow-hidden group block\" href=\"https:\/\/www.svbs-asse.ch\/?page_id=857\" aria-label=\"Zur Seite \u201eCookie-Richtlinie\u201c\"><div class=\"absolute inset-0 bg-cover bg-center transition-transform duration-300 group-hover:scale-105\" style=\"background-image:url(https:\/\/www.svbs-asse.ch\/wp-content\/uploads\/2025\/12\/cookies-672x675.jpg);\"><\/div><div class=\"absolute inset-0 bg-black\/40 flex items-center justify-center\"><span class=\"text-white text-xl font-semibold bg-black\/60 px-3 py-1 rounded-md drop-shadow-lg\">Cookie-Richtlinie<\/span><\/div><\/a><\/div>\n","protected":false},"excerpt":{"rendered":"<p>SVBS \/ ASSE \/ ASSABruno DucceschiWasenackerstrasse 1968195 WasterkingenE-Mail:\u00a0info@svbs-asse.chWeb:\u00a0https:\/\/www.svbs-asse.ch Gesch\u00e4ftsf\u00fchrer SVBS und verantwortlich f\u00fcr den Inhalt dieser WebsiteBruno Ducceschi HaftungshinweisTrotz sorgf\u00e4ltiger inhaltlicher Kontrolle \u00fcbernehmen wir keine Haftung f\u00fcr die Inhalte externer [&hellip;]<\/p>\n","protected":false},"author":1,"featured_media":0,"parent":0,"menu_order":0,"comment_status":"closed","ping_status":"closed","template":"","meta":{"_acf_changed":false,"footnotes":""},"class_list":["post-555","page","type-page","status-publish","hentry"],"acf":[],"lang":"de","translations":{"de":555,"fr":642,"it":1191,"en":1362},"pll_sync_post":[],"_links":{"self":[{"href":"https:\/\/www.svbs-asse.ch\/index.php?rest_route=\/wp\/v2\/pages\/555","targetHints":{"allow":["GET"]}}],"collection":[{"href":"https:\/\/www.svbs-asse.ch\/index.php?rest_route=\/wp\/v2\/pages"}],"about":[{"href":"https:\/\/www.svbs-asse.ch\/index.php?rest_route=\/wp\/v2\/types\/page"}],"author":[{"embeddable":true,"href":"https:\/\/www.svbs-asse.ch\/index.php?rest_route=\/wp\/v2\/users\/1"}],"replies":[{"embeddable":true,"href":"https:\/\/www.svbs-asse.ch\/index.php?rest_route=%2Fwp%2Fv2%2Fcomments&post=555"}],"version-history":[{"count":8,"href":"https:\/\/www.svbs-asse.ch\/index.php?rest_route=\/wp\/v2\/pages\/555\/revisions"}],"predecessor-version":[{"id":2022,"href":"https:\/\/www.svbs-asse.ch\/index.php?rest_route=\/wp\/v2\/pages\/555\/revisions\/2022"}],"wp:attachment":[{"href":"https:\/\/www.svbs-asse.ch\/index.php?rest_route=%2Fwp%2Fv2%2Fmedia&parent=555"}],"curies":[{"name":"wp","href":"https:\/\/api.w.org\/{rel}","templated":true}]}}