{"id":283,"date":"2025-08-26T13:56:13","date_gmt":"2025-08-26T11:56:13","guid":{"rendered":"https:\/\/www.svbs-asse.ch\/svbs3\/?page_id=283"},"modified":"2026-01-27T10:17:54","modified_gmt":"2026-01-27T09:17:54","slug":"avantages","status":"publish","type":"page","link":"https:\/\/www.svbs-asse.ch\/?page_id=283&lang=fr","title":{"rendered":"Avantages"},"content":{"rendered":"\n<div class=\"wp-block-columns is-layout-flex wp-container-core-columns-is-layout-9d6595d7 wp-block-columns-is-layout-flex\">\n<div class=\"wp-block-column is-layout-flow wp-block-column-is-layout-flow\" style=\"flex-basis:33.33%\">\n<div class=\"wp-block-cover\"><img loading=\"lazy\" decoding=\"async\" width=\"1024\" height=\"683\" class=\"wp-block-cover__image-background wp-image-270\" alt=\"\" src=\"https:\/\/www.svbs-asse.ch\/wp-content\/uploads\/2025\/08\/vorteile-1-1024x683.jpg\" data-object-fit=\"cover\" srcset=\"https:\/\/www.svbs-asse.ch\/wp-content\/uploads\/2025\/08\/vorteile-1-1024x683.jpg 1024w, https:\/\/www.svbs-asse.ch\/wp-content\/uploads\/2025\/08\/vorteile-1-300x200.jpg 300w, https:\/\/www.svbs-asse.ch\/wp-content\/uploads\/2025\/08\/vorteile-1-768x512.jpg 768w, https:\/\/www.svbs-asse.ch\/wp-content\/uploads\/2025\/08\/vorteile-1-1536x1024.jpg 1536w, https:\/\/www.svbs-asse.ch\/wp-content\/uploads\/2025\/08\/vorteile-1.jpg 1920w\" sizes=\"auto, (max-width: 1024px) 100vw, 1024px\" \/><span aria-hidden=\"true\" class=\"wp-block-cover__background has-background-dim\"><\/span><div class=\"wp-block-cover__inner-container is-layout-flow wp-block-cover-is-layout-flow\">\n<p class=\"has-text-align-center has-large-font-size\"><\/p>\n<\/div><\/div>\n<\/div>\n\n\n\n<div class=\"wp-block-column is-layout-flow wp-block-column-is-layout-flow\" style=\"flex-basis:66.66%\">\n<p><strong><strong>En tant que membre ASSE, vous b\u00e9n\u00e9ficiez<\/strong> :<\/strong><\/p>\n\n\n\n<ul class=\"wp-block-list svbs-list\">\n<li>de notre newsletter \u00ab ASSE NEWS \u00bb quatre fois par an <em>(actuellement qu\u2019en allemand)<\/em><\/li>\n\n\n\n<li>d&#8217;un acc\u00e8s \u00e0 nos documents et listes de contr\u00f4le dans l&#8217;espace membres<\/li>\n\n\n\n<li>de formations continues \u00e0 des tarifs pr\u00e9f\u00e9rentiels (par exemple,\u00a0<strong>symposium sur les premiers secours<\/strong>)<\/li>\n\n\n\n<li>de\u00a0<strong>r\u00e9ductions et d&#8217;avantages<\/strong>\u00a0sur les produits et services de nos prestataires<\/li>\n\n\n\n<li>la possibilit\u00e9 de participer au ASSE AWARD avec des prix allant jusqu&#8217;\u00e0 2500 CHF<\/li>\n\n\n\n<li>le guide ASSE gratuit pour la mise en \u0153uvre et l&#8217;application des directives Seco et un exemple complet de concept de premiers secours<\/li>\n\n\n\n<li>l&#8217;assembl\u00e9e g\u00e9n\u00e9rale avec une visite guid\u00e9e passionnante ou une formation continue<\/li>\n\n\n\n<li>des consultations br\u00e8ves sur vos questions ouvertes par les membres de notre comit\u00e9 directeur<\/li>\n\n\n\n<li>un r\u00e9seau actif et engag\u00e9 qui entretient des \u00e9changes anim\u00e9s<\/li>\n<\/ul>\n\n\n\n<p>Vous n&#8217;\u00eates pas encore membre ? Vous trouverez\u00a0<strong>ici<\/strong>\u00a0les formulaires d&#8217;adh\u00e9sion pour les membres individuels ou collectifs ! En adh\u00e9rant, vous soutenez notre travail au sein des comit\u00e9s et institutions o\u00f9 nous repr\u00e9sentons vos int\u00e9r\u00eats et vous renforcez notre poids et celui des secouristes d&#8217;entreprise ! Nous nous r\u00e9jouissons de votre adh\u00e9sion !<\/p>\n<\/div>\n<\/div>\n","protected":false},"excerpt":{"rendered":"<p>En tant que membre ASSE, vous b\u00e9n\u00e9ficiez : Vous n&#8217;\u00eates pas encore membre ? Vous trouverez\u00a0ici\u00a0les formulaires d&#8217;adh\u00e9sion pour les membres individuels ou collectifs ! En adh\u00e9rant, vous soutenez notre [&hellip;]<\/p>\n","protected":false},"author":1,"featured_media":0,"parent":0,"menu_order":0,"comment_status":"closed","ping_status":"closed","template":"","meta":{"_acf_changed":false,"footnotes":""},"class_list":["post-283","page","type-page","status-publish","hentry"],"acf":[],"lang":"fr","translations":{"fr":283,"de":233,"it":1178,"en":1397},"pll_sync_post":[],"_links":{"self":[{"href":"https:\/\/www.svbs-asse.ch\/index.php?rest_route=\/wp\/v2\/pages\/283","targetHints":{"allow":["GET"]}}],"collection":[{"href":"https:\/\/www.svbs-asse.ch\/index.php?rest_route=\/wp\/v2\/pages"}],"about":[{"href":"https:\/\/www.svbs-asse.ch\/index.php?rest_route=\/wp\/v2\/types\/page"}],"author":[{"embeddable":true,"href":"https:\/\/www.svbs-asse.ch\/index.php?rest_route=\/wp\/v2\/users\/1"}],"replies":[{"embeddable":true,"href":"https:\/\/www.svbs-asse.ch\/index.php?rest_route=%2Fwp%2Fv2%2Fcomments&post=283"}],"version-history":[{"count":4,"href":"https:\/\/www.svbs-asse.ch\/index.php?rest_route=\/wp\/v2\/pages\/283\/revisions"}],"predecessor-version":[{"id":1663,"href":"https:\/\/www.svbs-asse.ch\/index.php?rest_route=\/wp\/v2\/pages\/283\/revisions\/1663"}],"wp:attachment":[{"href":"https:\/\/www.svbs-asse.ch\/index.php?rest_route=%2Fwp%2Fv2%2Fmedia&parent=283"}],"curies":[{"name":"wp","href":"https:\/\/api.w.org\/{rel}","templated":true}]}}