{"id":24,"date":"2025-07-16T09:42:25","date_gmt":"2025-07-16T09:42:25","guid":{"rendered":"https:\/\/www.svbs-asse.ch\/svbs3\/?page_id=24"},"modified":"2026-01-27T10:19:47","modified_gmt":"2026-01-27T09:19:47","slug":"beratungen-audits","status":"publish","type":"page","link":"https:\/\/www.svbs-asse.ch\/?page_id=24","title":{"rendered":"Beratungen \/ Audits"},"content":{"rendered":"\n<div class=\"wp-block-columns is-layout-flex wp-container-core-columns-is-layout-9d6595d7 wp-block-columns-is-layout-flex\">\n<div class=\"wp-block-column is-layout-flow wp-block-column-is-layout-flow\" style=\"flex-basis:33.33%\">\n<div class=\"wp-block-cover is-light\"><img loading=\"lazy\" decoding=\"async\" width=\"1024\" height=\"683\" class=\"wp-block-cover__image-background wp-image-689 size-large\" alt=\"\" src=\"https:\/\/www.svbs-asse.ch\/wp-content\/uploads\/2025\/10\/beratung_audits-1024x683.jpg\" data-object-fit=\"cover\" srcset=\"https:\/\/www.svbs-asse.ch\/wp-content\/uploads\/2025\/10\/beratung_audits-1024x683.jpg 1024w, https:\/\/www.svbs-asse.ch\/wp-content\/uploads\/2025\/10\/beratung_audits-300x200.jpg 300w, https:\/\/www.svbs-asse.ch\/wp-content\/uploads\/2025\/10\/beratung_audits-768x513.jpg 768w\" sizes=\"auto, (max-width: 1024px) 100vw, 1024px\" \/><span aria-hidden=\"true\" class=\"wp-block-cover__background has-background-dim\" style=\"background-color:#bcbcbd\"><\/span><div class=\"wp-block-cover__inner-container is-layout-constrained wp-block-cover-is-layout-constrained\">\n<p class=\"has-text-align-center has-large-font-size\"><\/p>\n<\/div><\/div>\n<\/div>\n\n\n\n<div class=\"wp-block-column is-layout-flow wp-block-column-is-layout-flow\" style=\"flex-basis:66.66%\">\n<p>Gerne beraten wir Mitglieder und Nicht-Mitglieder in Fragen rund um ihre Betriebssanit\u00e4t. Wir haben daf\u00fcr verschiedene Angebote (siehe Tabelle). Auf jeden Fall lohnt sich eine Mitgliedschaft, hier profitieren Sie von kostenlosen Kurzberatungen und von reduzierten Preisen bei ausf\u00fchrlicheren Beratungen. Um Mitglied in der SVBS zu werden, <a href=\"https:\/\/www.svbs-asse.ch\/?page_id=231\" data-type=\"page\" data-id=\"231\">finden Sie hier die passenden Beitrittsformulare<\/a>.<\/p>\n\n\n\n<br>\n\n\n\n<figure class=\"wp-block-table is-style-stripes has-small-font-size\"><table class=\"has-fixed-layout\"><tbody><tr><td><strong>Audits, Beratung &amp; Referate<\/strong><\/td><td><strong>Mitglieder<\/strong><\/td><td><strong>Nicht Mitglieder<\/strong><\/td><\/tr><tr><td>Telefonische Beratung \/ Unterlagenpr\u00fcfung bis 15 Min.<\/td><td>kostenlos<\/td><td>kostenlos<\/td><\/tr><tr><td>Telefonische Beratung \/ Unterlagenpr\u00fcfung erste Stunde<\/td><td>kostenlos<\/td><td>CHF 125<\/td><\/tr><tr><td>Telefonische Beratung \/ Unterlagenpr\u00fcfung jede weitere Stunde<\/td><td>CHF 95<\/td><td>CHF 125<\/td><\/tr><tr><td>Vor-Ort-Beratung pro Halbtag<\/td><td>CHF 600*<\/td><td>CHF 700*<\/td><\/tr><tr><td>Audit einer bestehenden Betriebssanit\u00e4t<\/td><td>CHF 2500*<\/td><td>CHF 2600*<\/td><\/tr><tr><td>Standard-Referate (Gesamtaufwand bis 4 Stunden)<\/td><td>CHF 500*<\/td><td>CHF 600*<\/td><\/tr><tr><td>Spezial-Referate (Gesamtaufwand \u00fcber 4 Stunden)<\/td><td>CHF 800*<\/td><td>CHF 900*<\/td><\/tr><tr><td>*exkl. Fahrspesen<\/td><td><\/td><td><\/td><\/tr><\/tbody><\/table><\/figure>\n<\/div>\n<\/div>\n\n\n\n<br>\n\n\n\n<p><strong>Audit einer Betriebssanit\u00e4t<\/strong><br><br>Ihr braucht einen externen Blick auf Eure Betriebssanit\u00e4t? Oder Ihr braucht mehr und bessere Argumente gegen\u00fcber der Gesch\u00e4ftsleitung?<br><br>Gerne unterziehen wir Eure Betriebssanit\u00e4t einem umfassenden und vor allem absolut neutralen Check! Zwei Profis kommen w\u00e4hrend einem Tag zu Euch, pr\u00fcfen Eure Betriebssanit\u00e4t auf Herz und Nieren und verfassen eine detaillierte schriftliche Auswertung inklusive Empfehlungen.\u00a0F\u00fcr eine Offerte, schreibt uns ein E-Mail an\u00a0<a href=\"mailto:info@svbs-asse.ch\" target=\"_blank\" rel=\"noreferrer noopener\">info@svbs-asse.ch<\/a>.\u00a0<br><br><\/p>\n\n\n\n<h2 class=\"wp-block-heading\">Auditoren-Team<\/h2>\n\n\n<div class=\"vorstand-grid \" style=\"--vg-cols:3\"><article class=\"vorstand-card\"><div class=\"vorstand-avatar\"><img loading=\"lazy\" decoding=\"async\" width=\"200\" height=\"200\" src=\"https:\/\/www.svbs-asse.ch\/wp-content\/uploads\/2025\/10\/Bruno2.jpg\" class=\"attachment-medium size-medium wp-post-image\" alt=\"\" srcset=\"https:\/\/www.svbs-asse.ch\/wp-content\/uploads\/2025\/10\/Bruno2.jpg 200w, https:\/\/www.svbs-asse.ch\/wp-content\/uploads\/2025\/10\/Bruno2-150x150.jpg 150w\" sizes=\"auto, (max-width: 200px) 100vw, 200px\" \/><\/div><h3 class=\"vorstand-name\">Bruno Ducceschi<\/h3><div class=\"vorstand-funktion\">Lead-Auditor<\/div><div class=\"vorstand-contact\"><i>E-Mail: <a href=\"mailto:bruno.&#100;&#117;&#099;&#099;e&#115;&#099;h&#105;&#064;&#115;&#118;b&#115;&#045;&#097;sse.c&#104;\">bruno.&#100;&#117;&#099;&#099;e&#115;&#099;h&#105;&#064;&#115;&#118;b&#115;&#045;&#097;sse.c&#104;<\/a><\/i><\/div><\/article><article class=\"vorstand-card\"><div class=\"vorstand-avatar\"><img loading=\"lazy\" decoding=\"async\" width=\"200\" height=\"200\" src=\"https:\/\/www.svbs-asse.ch\/wp-content\/uploads\/2025\/10\/Bruno2.jpg\" class=\"attachment-medium size-medium wp-post-image\" alt=\"\" srcset=\"https:\/\/www.svbs-asse.ch\/wp-content\/uploads\/2025\/10\/Bruno2.jpg 200w, https:\/\/www.svbs-asse.ch\/wp-content\/uploads\/2025\/10\/Bruno2-150x150.jpg 150w\" sizes=\"auto, (max-width: 200px) 100vw, 200px\" \/><\/div><h3 class=\"vorstand-name\">Bruno Ducceschi<\/h3><div class=\"vorstand-funktion\">Auditeur principal<\/div><div class=\"vorstand-contact\"><i>E-Mail: <a href=\"mailto:&#098;ru&#110;o.&#100;uc&#099;esc&#104;i&#064;s&#118;&#098;&#115;&#045;as&#115;&#101;&#046;&#099;h\">&#098;ru&#110;o.&#100;uc&#099;esc&#104;i&#064;s&#118;&#098;&#115;&#045;as&#115;&#101;&#046;&#099;h<\/a><\/i><\/div><\/article><article class=\"vorstand-card\"><div class=\"vorstand-avatar\"><img loading=\"lazy\" decoding=\"async\" width=\"200\" height=\"200\" src=\"https:\/\/www.svbs-asse.ch\/wp-content\/uploads\/2025\/10\/Bruno2.jpg\" class=\"attachment-medium size-medium wp-post-image\" alt=\"\" srcset=\"https:\/\/www.svbs-asse.ch\/wp-content\/uploads\/2025\/10\/Bruno2.jpg 200w, https:\/\/www.svbs-asse.ch\/wp-content\/uploads\/2025\/10\/Bruno2-150x150.jpg 150w\" sizes=\"auto, (max-width: 200px) 100vw, 200px\" \/><\/div><h3 class=\"vorstand-name\">Bruno Ducceschi<\/h3><div class=\"vorstand-funktion\">Revisore capo<\/div><div class=\"vorstand-contact\"><i>E-Mail: <a href=\"mailto:b&#114;un&#111;.&#100;&#117;ccesch&#105;&#064;svbs&#045;&#097;s&#115;e.&#099;h\">b&#114;un&#111;.&#100;&#117;ccesch&#105;&#064;svbs&#045;&#097;s&#115;e.&#099;h<\/a><\/i><\/div><\/article><article class=\"vorstand-card\"><div class=\"vorstand-avatar\"><img loading=\"lazy\" decoding=\"async\" width=\"200\" height=\"200\" src=\"https:\/\/www.svbs-asse.ch\/wp-content\/uploads\/2025\/10\/Bruno2.jpg\" class=\"attachment-medium size-medium wp-post-image\" alt=\"\" srcset=\"https:\/\/www.svbs-asse.ch\/wp-content\/uploads\/2025\/10\/Bruno2.jpg 200w, https:\/\/www.svbs-asse.ch\/wp-content\/uploads\/2025\/10\/Bruno2-150x150.jpg 150w\" sizes=\"auto, (max-width: 200px) 100vw, 200px\" \/><\/div><h3 class=\"vorstand-name\">Bruno Ducceschi<\/h3><div class=\"vorstand-funktion\">Lead-Auditor<\/div><div class=\"vorstand-contact\"><i>E-Mail: <a href=\"mailto:bruno.&#100;&#117;cce&#115;&#099;h&#105;&#064;&#115;&#118;b&#115;-&#097;s&#115;e.&#099;h\">bruno.&#100;&#117;cce&#115;&#099;h&#105;&#064;&#115;&#118;b&#115;-&#097;s&#115;e.&#099;h<\/a><\/i><\/div><\/article><article class=\"vorstand-card\"><div class=\"vorstand-avatar\"><img loading=\"lazy\" decoding=\"async\" width=\"200\" height=\"200\" src=\"https:\/\/www.svbs-asse.ch\/wp-content\/uploads\/2025\/10\/Katja2.jpg\" class=\"attachment-medium size-medium wp-post-image\" alt=\"\" srcset=\"https:\/\/www.svbs-asse.ch\/wp-content\/uploads\/2025\/10\/Katja2.jpg 200w, https:\/\/www.svbs-asse.ch\/wp-content\/uploads\/2025\/10\/Katja2-150x150.jpg 150w\" sizes=\"auto, (max-width: 200px) 100vw, 200px\" \/><\/div><h3 class=\"vorstand-name\">Katja G\u00fcntert<\/h3><div class=\"vorstand-funktion\">Auditorin<\/div><div class=\"vorstand-contact\"><i>E-Mail: <a href=\"mailto:&#107;at&#105;a&#046;guen&#116;ert&#064;&#115;vb&#115;-&#097;&#115;&#115;&#101;&#046;ch\">&#107;at&#105;a&#046;guen&#116;ert&#064;&#115;vb&#115;-&#097;&#115;&#115;&#101;&#046;ch<\/a><\/i><\/div><\/article><article class=\"vorstand-card\"><div class=\"vorstand-avatar\"><img loading=\"lazy\" decoding=\"async\" width=\"200\" height=\"200\" src=\"https:\/\/www.svbs-asse.ch\/wp-content\/uploads\/2025\/10\/Katja2.jpg\" class=\"attachment-medium size-medium wp-post-image\" alt=\"\" srcset=\"https:\/\/www.svbs-asse.ch\/wp-content\/uploads\/2025\/10\/Katja2.jpg 200w, https:\/\/www.svbs-asse.ch\/wp-content\/uploads\/2025\/10\/Katja2-150x150.jpg 150w\" sizes=\"auto, (max-width: 200px) 100vw, 200px\" \/><\/div><h3 class=\"vorstand-name\">Katja G\u00fcntert<\/h3><div class=\"vorstand-funktion\">Auditrice<\/div><div class=\"vorstand-contact\"><i>E-Mail: <a href=\"mailto:&#107;a&#116;&#105;&#097;&#046;&#103;ue&#110;ter&#116;&#064;&#115;v&#098;s&#045;&#097;&#115;s&#101;.&#099;&#104;\">&#107;a&#116;&#105;&#097;&#046;&#103;ue&#110;ter&#116;&#064;&#115;v&#098;s&#045;&#097;&#115;s&#101;.&#099;&#104;<\/a><\/i><\/div><\/article><article class=\"vorstand-card\"><div class=\"vorstand-avatar\"><img loading=\"lazy\" decoding=\"async\" width=\"200\" height=\"200\" src=\"https:\/\/www.svbs-asse.ch\/wp-content\/uploads\/2025\/10\/Katja2.jpg\" class=\"attachment-medium size-medium wp-post-image\" alt=\"\" srcset=\"https:\/\/www.svbs-asse.ch\/wp-content\/uploads\/2025\/10\/Katja2.jpg 200w, https:\/\/www.svbs-asse.ch\/wp-content\/uploads\/2025\/10\/Katja2-150x150.jpg 150w\" sizes=\"auto, (max-width: 200px) 100vw, 200px\" \/><\/div><h3 class=\"vorstand-name\">Katja G\u00fcntert<\/h3><div class=\"vorstand-funktion\">Revisore<\/div><div class=\"vorstand-contact\"><i>E-Mail: <a href=\"mailto:k&#097;t&#105;a.g&#117;en&#116;&#101;rt&#064;s&#118;b&#115;&#045;a&#115;&#115;e&#046;c&#104;\">k&#097;t&#105;a.g&#117;en&#116;&#101;rt&#064;s&#118;b&#115;&#045;a&#115;&#115;e&#046;c&#104;<\/a><\/i><\/div><\/article><article class=\"vorstand-card\"><div class=\"vorstand-avatar\"><img loading=\"lazy\" decoding=\"async\" width=\"200\" height=\"200\" src=\"https:\/\/www.svbs-asse.ch\/wp-content\/uploads\/2025\/10\/Katja2.jpg\" class=\"attachment-medium size-medium wp-post-image\" alt=\"\" srcset=\"https:\/\/www.svbs-asse.ch\/wp-content\/uploads\/2025\/10\/Katja2.jpg 200w, https:\/\/www.svbs-asse.ch\/wp-content\/uploads\/2025\/10\/Katja2-150x150.jpg 150w\" sizes=\"auto, (max-width: 200px) 100vw, 200px\" \/><\/div><h3 class=\"vorstand-name\">Katja G\u00fcntert<\/h3><div class=\"vorstand-funktion\">Auditor<\/div><div class=\"vorstand-contact\"><i>E-Mail: <a href=\"mailto:ka&#116;&#105;a.&#103;&#117;&#101;nte&#114;&#116;&#064;sv&#098;&#115;-&#097;&#115;s&#101;.ch\">ka&#116;&#105;a.&#103;&#117;&#101;nte&#114;&#116;&#064;sv&#098;&#115;-&#097;&#115;s&#101;.ch<\/a><\/i><\/div><\/article><article class=\"vorstand-card\"><div class=\"vorstand-avatar\"><img loading=\"lazy\" decoding=\"async\" width=\"200\" height=\"200\" src=\"https:\/\/www.svbs-asse.ch\/wp-content\/uploads\/2025\/10\/Morgana2.jpg\" class=\"attachment-medium size-medium wp-post-image\" alt=\"\" srcset=\"https:\/\/www.svbs-asse.ch\/wp-content\/uploads\/2025\/10\/Morgana2.jpg 200w, https:\/\/www.svbs-asse.ch\/wp-content\/uploads\/2025\/10\/Morgana2-150x150.jpg 150w\" sizes=\"auto, (max-width: 200px) 100vw, 200px\" \/><\/div><h3 class=\"vorstand-name\">Morgana Dias-Langhi<\/h3><div class=\"vorstand-funktion\">Auditorin<\/div><div class=\"vorstand-contact\"><i>E-Mail: <a href=\"mailto:&#109;o&#114;&#103;an&#097;.&#100;&#105;a&#115;-lan&#103;&#104;&#105;&#064;&#115;&#118;&#098;s-a&#115;&#115;e.c&#104;\">&#109;o&#114;&#103;an&#097;.&#100;&#105;a&#115;-lan&#103;&#104;&#105;&#064;&#115;&#118;&#098;s-a&#115;&#115;e.c&#104;<\/a><\/i><\/div><\/article><article class=\"vorstand-card\"><div class=\"vorstand-avatar\"><img loading=\"lazy\" decoding=\"async\" width=\"200\" height=\"200\" src=\"https:\/\/www.svbs-asse.ch\/wp-content\/uploads\/2025\/10\/Morgana2.jpg\" class=\"attachment-medium size-medium wp-post-image\" alt=\"\" srcset=\"https:\/\/www.svbs-asse.ch\/wp-content\/uploads\/2025\/10\/Morgana2.jpg 200w, https:\/\/www.svbs-asse.ch\/wp-content\/uploads\/2025\/10\/Morgana2-150x150.jpg 150w\" sizes=\"auto, (max-width: 200px) 100vw, 200px\" \/><\/div><h3 class=\"vorstand-name\">Morgana Dias-Langhi<\/h3><div class=\"vorstand-funktion\">Auditrice<\/div><div class=\"vorstand-contact\"><i>E-Mail: <a href=\"mailto:&#109;&#111;rgana&#046;di&#097;&#115;-l&#097;nghi&#064;&#115;&#118;&#098;&#115;&#045;ass&#101;&#046;&#099;h\">&#109;&#111;rgana&#046;di&#097;&#115;-l&#097;nghi&#064;&#115;&#118;&#098;&#115;&#045;ass&#101;&#046;&#099;h<\/a><\/i><\/div><\/article><article class=\"vorstand-card\"><div class=\"vorstand-avatar\"><img loading=\"lazy\" decoding=\"async\" width=\"200\" height=\"200\" src=\"https:\/\/www.svbs-asse.ch\/wp-content\/uploads\/2025\/10\/Morgana2.jpg\" class=\"attachment-medium size-medium wp-post-image\" alt=\"\" srcset=\"https:\/\/www.svbs-asse.ch\/wp-content\/uploads\/2025\/10\/Morgana2.jpg 200w, https:\/\/www.svbs-asse.ch\/wp-content\/uploads\/2025\/10\/Morgana2-150x150.jpg 150w\" sizes=\"auto, (max-width: 200px) 100vw, 200px\" \/><\/div><h3 class=\"vorstand-name\">Morgana Dias-Langhi<\/h3><div class=\"vorstand-funktion\">Revisore<\/div><div class=\"vorstand-contact\"><i>E-Mail: <a href=\"mailto:&#109;&#111;&#114;&#103;ana&#046;&#100;ia&#115;-l&#097;nghi&#064;&#115;&#118;b&#115;&#045;a&#115;&#115;&#101;&#046;c&#104;\">&#109;&#111;&#114;&#103;ana&#046;&#100;ia&#115;-l&#097;nghi&#064;&#115;&#118;b&#115;&#045;a&#115;&#115;&#101;&#046;c&#104;<\/a><\/i><\/div><\/article><article class=\"vorstand-card\"><div class=\"vorstand-avatar\"><img loading=\"lazy\" decoding=\"async\" width=\"200\" height=\"200\" src=\"https:\/\/www.svbs-asse.ch\/wp-content\/uploads\/2025\/10\/Morgana2.jpg\" class=\"attachment-medium size-medium wp-post-image\" alt=\"\" srcset=\"https:\/\/www.svbs-asse.ch\/wp-content\/uploads\/2025\/10\/Morgana2.jpg 200w, https:\/\/www.svbs-asse.ch\/wp-content\/uploads\/2025\/10\/Morgana2-150x150.jpg 150w\" sizes=\"auto, (max-width: 200px) 100vw, 200px\" \/><\/div><h3 class=\"vorstand-name\">Morgana Dias-Langhi<\/h3><div class=\"vorstand-funktion\">Auditor<\/div><div class=\"vorstand-contact\"><i>E-Mail: <a href=\"mailto:morga&#110;a.d&#105;as-&#108;&#097;&#110;&#103;&#104;&#105;&#064;&#115;&#118;bs&#045;a&#115;se.&#099;h\">morga&#110;a.d&#105;as-&#108;&#097;&#110;&#103;&#104;&#105;&#064;&#115;&#118;bs&#045;a&#115;se.&#099;h<\/a><\/i><\/div><\/article><article class=\"vorstand-card\"><div class=\"vorstand-avatar\"><img loading=\"lazy\" decoding=\"async\" width=\"200\" height=\"200\" src=\"https:\/\/www.svbs-asse.ch\/wp-content\/uploads\/2025\/10\/Roger2.jpg\" class=\"attachment-medium size-medium wp-post-image\" alt=\"\" srcset=\"https:\/\/www.svbs-asse.ch\/wp-content\/uploads\/2025\/10\/Roger2.jpg 200w, https:\/\/www.svbs-asse.ch\/wp-content\/uploads\/2025\/10\/Roger2-150x150.jpg 150w\" sizes=\"auto, (max-width: 200px) 100vw, 200px\" \/><\/div><h3 class=\"vorstand-name\">Roger Berger<\/h3><div class=\"vorstand-funktion\">Auditor<\/div><div class=\"vorstand-contact\"><i>E-Mail: <a href=\"mailto:r&#111;&#103;&#101;r.be&#114;ge&#114;&#064;&#115;&#118;&#098;s-&#097;ss&#101;.&#099;h\">r&#111;&#103;&#101;r.be&#114;ge&#114;&#064;&#115;&#118;&#098;s-&#097;ss&#101;.&#099;h<\/a><\/i><\/div><\/article><article class=\"vorstand-card\"><div class=\"vorstand-avatar\"><img loading=\"lazy\" decoding=\"async\" width=\"200\" height=\"200\" src=\"https:\/\/www.svbs-asse.ch\/wp-content\/uploads\/2025\/10\/Roger2.jpg\" class=\"attachment-medium size-medium wp-post-image\" alt=\"\" srcset=\"https:\/\/www.svbs-asse.ch\/wp-content\/uploads\/2025\/10\/Roger2.jpg 200w, https:\/\/www.svbs-asse.ch\/wp-content\/uploads\/2025\/10\/Roger2-150x150.jpg 150w\" sizes=\"auto, (max-width: 200px) 100vw, 200px\" \/><\/div><h3 class=\"vorstand-name\">Roger Berger<\/h3><div class=\"vorstand-funktion\">Auditeur<\/div><div class=\"vorstand-contact\"><i>E-Mail: <a href=\"mailto:&#114;&#111;g&#101;&#114;.b&#101;r&#103;er&#064;&#115;&#118;&#098;s-a&#115;&#115;&#101;.&#099;h\">&#114;&#111;g&#101;&#114;.b&#101;r&#103;er&#064;&#115;&#118;&#098;s-a&#115;&#115;&#101;.&#099;h<\/a><\/i><\/div><\/article><article class=\"vorstand-card\"><div class=\"vorstand-avatar\"><img loading=\"lazy\" decoding=\"async\" width=\"200\" height=\"200\" src=\"https:\/\/www.svbs-asse.ch\/wp-content\/uploads\/2025\/10\/Roger2.jpg\" class=\"attachment-medium size-medium wp-post-image\" alt=\"\" srcset=\"https:\/\/www.svbs-asse.ch\/wp-content\/uploads\/2025\/10\/Roger2.jpg 200w, https:\/\/www.svbs-asse.ch\/wp-content\/uploads\/2025\/10\/Roger2-150x150.jpg 150w\" sizes=\"auto, (max-width: 200px) 100vw, 200px\" \/><\/div><h3 class=\"vorstand-name\">Roger Berger<\/h3><div class=\"vorstand-funktion\">Revisore<\/div><div class=\"vorstand-contact\"><i>E-Mail: <a href=\"mailto:rog&#101;&#114;&#046;&#098;e&#114;&#103;&#101;&#114;&#064;&#115;&#118;&#098;s&#045;&#097;&#115;se&#046;&#099;&#104;\">rog&#101;&#114;&#046;&#098;e&#114;&#103;&#101;&#114;&#064;&#115;&#118;&#098;s&#045;&#097;&#115;se&#046;&#099;&#104;<\/a><\/i><\/div><\/article><article class=\"vorstand-card\"><div class=\"vorstand-avatar\"><img loading=\"lazy\" decoding=\"async\" width=\"200\" height=\"200\" src=\"https:\/\/www.svbs-asse.ch\/wp-content\/uploads\/2025\/10\/Roger2.jpg\" class=\"attachment-medium size-medium wp-post-image\" alt=\"\" srcset=\"https:\/\/www.svbs-asse.ch\/wp-content\/uploads\/2025\/10\/Roger2.jpg 200w, https:\/\/www.svbs-asse.ch\/wp-content\/uploads\/2025\/10\/Roger2-150x150.jpg 150w\" sizes=\"auto, (max-width: 200px) 100vw, 200px\" \/><\/div><h3 class=\"vorstand-name\">Roger Berger<\/h3><div class=\"vorstand-funktion\">Auditor<\/div><div class=\"vorstand-contact\"><i>E-Mail: <a href=\"mailto:&#114;&#111;&#103;e&#114;.&#098;er&#103;&#101;r&#064;s&#118;bs&#045;a&#115;&#115;e.c&#104;\">&#114;&#111;&#103;e&#114;.&#098;er&#103;&#101;r&#064;s&#118;bs&#045;a&#115;&#115;e.c&#104;<\/a><\/i><\/div><\/article><article class=\"vorstand-card\"><div class=\"vorstand-avatar\"><img loading=\"lazy\" decoding=\"async\" width=\"200\" height=\"200\" src=\"https:\/\/www.svbs-asse.ch\/wp-content\/uploads\/2025\/10\/Stefan2.jpg\" class=\"attachment-medium size-medium wp-post-image\" alt=\"\" srcset=\"https:\/\/www.svbs-asse.ch\/wp-content\/uploads\/2025\/10\/Stefan2.jpg 200w, https:\/\/www.svbs-asse.ch\/wp-content\/uploads\/2025\/10\/Stefan2-150x150.jpg 150w\" sizes=\"auto, (max-width: 200px) 100vw, 200px\" \/><\/div><h3 class=\"vorstand-name\">Stefan K\u00fchnis<\/h3><div class=\"vorstand-funktion\">Auditor<\/div><div class=\"vorstand-contact\"><i>E-Mail: <a href=\"mailto:s&#116;&#101;&#102;&#097;n&#046;ku&#101;&#104;ni&#115;&#064;s&#118;&#098;&#115;-as&#115;e.ch\">s&#116;&#101;&#102;&#097;n&#046;ku&#101;&#104;ni&#115;&#064;s&#118;&#098;&#115;-as&#115;e.ch<\/a><\/i><\/div><\/article><article class=\"vorstand-card\"><div class=\"vorstand-avatar\"><img loading=\"lazy\" decoding=\"async\" width=\"200\" height=\"200\" src=\"https:\/\/www.svbs-asse.ch\/wp-content\/uploads\/2025\/10\/Stefan2.jpg\" class=\"attachment-medium size-medium wp-post-image\" alt=\"\" srcset=\"https:\/\/www.svbs-asse.ch\/wp-content\/uploads\/2025\/10\/Stefan2.jpg 200w, https:\/\/www.svbs-asse.ch\/wp-content\/uploads\/2025\/10\/Stefan2-150x150.jpg 150w\" sizes=\"auto, (max-width: 200px) 100vw, 200px\" \/><\/div><h3 class=\"vorstand-name\">Stefan K\u00fchnis<\/h3><div class=\"vorstand-funktion\">Auditeur<\/div><div class=\"vorstand-contact\"><i>E-Mail: <a href=\"mailto:st&#101;fa&#110;.k&#117;&#101;h&#110;&#105;&#115;&#064;&#115;&#118;b&#115;-&#097;&#115;&#115;e.ch\">st&#101;fa&#110;.k&#117;&#101;h&#110;&#105;&#115;&#064;&#115;&#118;b&#115;-&#097;&#115;&#115;e.ch<\/a><\/i><\/div><\/article><article class=\"vorstand-card\"><div class=\"vorstand-avatar\"><img loading=\"lazy\" decoding=\"async\" width=\"200\" height=\"200\" src=\"https:\/\/www.svbs-asse.ch\/wp-content\/uploads\/2025\/10\/Stefan2.jpg\" class=\"attachment-medium size-medium wp-post-image\" alt=\"\" srcset=\"https:\/\/www.svbs-asse.ch\/wp-content\/uploads\/2025\/10\/Stefan2.jpg 200w, https:\/\/www.svbs-asse.ch\/wp-content\/uploads\/2025\/10\/Stefan2-150x150.jpg 150w\" sizes=\"auto, (max-width: 200px) 100vw, 200px\" \/><\/div><h3 class=\"vorstand-name\">Stefan K\u00fchnis<\/h3><div class=\"vorstand-funktion\">Revisore<\/div><div class=\"vorstand-contact\"><i>E-Mail: <a href=\"mailto:&#115;&#116;&#101;&#102;a&#110;.ku&#101;&#104;ni&#115;&#064;sv&#098;&#115;&#045;&#097;s&#115;e.c&#104;\">&#115;&#116;&#101;&#102;a&#110;.ku&#101;&#104;ni&#115;&#064;sv&#098;&#115;&#045;&#097;s&#115;e.c&#104;<\/a><\/i><\/div><\/article><article class=\"vorstand-card\"><div class=\"vorstand-avatar\"><img loading=\"lazy\" decoding=\"async\" width=\"200\" height=\"200\" src=\"https:\/\/www.svbs-asse.ch\/wp-content\/uploads\/2025\/10\/Stefan2.jpg\" class=\"attachment-medium size-medium wp-post-image\" alt=\"\" srcset=\"https:\/\/www.svbs-asse.ch\/wp-content\/uploads\/2025\/10\/Stefan2.jpg 200w, https:\/\/www.svbs-asse.ch\/wp-content\/uploads\/2025\/10\/Stefan2-150x150.jpg 150w\" sizes=\"auto, (max-width: 200px) 100vw, 200px\" \/><\/div><h3 class=\"vorstand-name\">Stefan K\u00fchnis<\/h3><div class=\"vorstand-funktion\">Auditor<\/div><div class=\"vorstand-contact\"><i>E-Mail: <a href=\"mailto:s&#116;efa&#110;.ku&#101;&#104;&#110;i&#115;&#064;sv&#098;s-&#097;ss&#101;&#046;c&#104;\">s&#116;efa&#110;.ku&#101;&#104;&#110;i&#115;&#064;sv&#098;s-&#097;ss&#101;&#046;c&#104;<\/a><\/i><\/div><\/article><\/div>\n","protected":false},"excerpt":{"rendered":"<p>Gerne beraten wir Mitglieder und Nicht-Mitglieder in Fragen rund um ihre Betriebssanit\u00e4t. Wir haben daf\u00fcr verschiedene Angebote (siehe Tabelle). Auf jeden Fall lohnt sich eine Mitgliedschaft, hier profitieren Sie von [&hellip;]<\/p>\n","protected":false},"author":1,"featured_media":0,"parent":0,"menu_order":0,"comment_status":"closed","ping_status":"closed","template":"page.php","meta":{"_acf_changed":false,"footnotes":""},"class_list":["post-24","page","type-page","status-publish","hentry"],"acf":[],"lang":"de","translations":{"de":24,"fr":698,"it":1132,"en":1338},"pll_sync_post":[],"_links":{"self":[{"href":"https:\/\/www.svbs-asse.ch\/index.php?rest_route=\/wp\/v2\/pages\/24","targetHints":{"allow":["GET"]}}],"collection":[{"href":"https:\/\/www.svbs-asse.ch\/index.php?rest_route=\/wp\/v2\/pages"}],"about":[{"href":"https:\/\/www.svbs-asse.ch\/index.php?rest_route=\/wp\/v2\/types\/page"}],"author":[{"embeddable":true,"href":"https:\/\/www.svbs-asse.ch\/index.php?rest_route=\/wp\/v2\/users\/1"}],"replies":[{"embeddable":true,"href":"https:\/\/www.svbs-asse.ch\/index.php?rest_route=%2Fwp%2Fv2%2Fcomments&post=24"}],"version-history":[{"count":29,"href":"https:\/\/www.svbs-asse.ch\/index.php?rest_route=\/wp\/v2\/pages\/24\/revisions"}],"predecessor-version":[{"id":1340,"href":"https:\/\/www.svbs-asse.ch\/index.php?rest_route=\/wp\/v2\/pages\/24\/revisions\/1340"}],"wp:attachment":[{"href":"https:\/\/www.svbs-asse.ch\/index.php?rest_route=%2Fwp%2Fv2%2Fmedia&parent=24"}],"curies":[{"name":"wp","href":"https:\/\/api.w.org\/{rel}","templated":true}]}}