{"id":233,"date":"2025-08-26T09:16:37","date_gmt":"2025-08-26T07:16:37","guid":{"rendered":"https:\/\/www.svbs-asse.ch\/svbs3\/?page_id=233"},"modified":"2026-01-27T10:18:36","modified_gmt":"2026-01-27T09:18:36","slug":"vorteile-2","status":"publish","type":"page","link":"https:\/\/www.svbs-asse.ch\/?page_id=233","title":{"rendered":"Vorteile"},"content":{"rendered":"\n<div class=\"wp-block-columns is-layout-flex wp-container-core-columns-is-layout-9d6595d7 wp-block-columns-is-layout-flex\">\n<div class=\"wp-block-column is-layout-flow wp-block-column-is-layout-flow\" style=\"flex-basis:20%\">\n<div class=\"wp-block-cover\" style=\"min-height:406px;aspect-ratio:unset;\"><img loading=\"lazy\" decoding=\"async\" width=\"1024\" height=\"683\" class=\"wp-block-cover__image-background wp-image-270\" alt=\"\" src=\"https:\/\/www.svbs-asse.ch\/wp-content\/uploads\/2025\/08\/vorteile-1-1024x683.jpg\" data-object-fit=\"cover\" srcset=\"https:\/\/www.svbs-asse.ch\/wp-content\/uploads\/2025\/08\/vorteile-1-1024x683.jpg 1024w, https:\/\/www.svbs-asse.ch\/wp-content\/uploads\/2025\/08\/vorteile-1-300x200.jpg 300w, https:\/\/www.svbs-asse.ch\/wp-content\/uploads\/2025\/08\/vorteile-1-768x512.jpg 768w, https:\/\/www.svbs-asse.ch\/wp-content\/uploads\/2025\/08\/vorteile-1-1536x1024.jpg 1536w, https:\/\/www.svbs-asse.ch\/wp-content\/uploads\/2025\/08\/vorteile-1.jpg 1920w\" sizes=\"auto, (max-width: 1024px) 100vw, 1024px\" \/><span aria-hidden=\"true\" class=\"wp-block-cover__background has-background-dim\"><\/span><div class=\"wp-block-cover__inner-container is-layout-flow wp-block-cover-is-layout-flow\">\n<p class=\"has-text-align-center has-large-font-size\"><\/p>\n<\/div><\/div>\n<\/div>\n\n\n\n<div class=\"wp-block-column is-layout-flow wp-block-column-is-layout-flow\" style=\"flex-basis:80%\">\n<h4 class=\"wp-block-heading\"><strong>Als SVBS-Mitglied erhalten Sie:<\/strong><br><br><\/h4>\n\n\n\n<ul class=\"wp-block-list svbs-list\">\n<li>4 Mal j\u00e4hrlich unsere \u00abSVBS NEWS\u00bb&nbsp;<\/li>\n\n\n\n<li>Die M\u00f6glichkeit, in unseren ERFA-Gruppen dabei zu sein<\/li>\n\n\n\n<li>Zugang zu unseren&nbsp;Dokumenten, Checklisten im <mark style=\"background-color:rgba(0, 0, 0, 0)\" class=\"has-inline-color has-black-color\">Mitgliederbereich <\/mark><\/li>\n\n\n\n<li>Fortbildungen zu Mitgliederpreisen (z.B. <a href=\"https:\/\/www.ersthelfersymposium.ch\">Ersthelfer Symposium<\/a>)<\/li>\n\n\n\n<li><a href=\"https:\/\/www.svbs-asse.ch\/?page_id=172\" data-type=\"page\" data-id=\"172\">Rabatte und Mehrwerte<\/a> auf Produkte und Dienstleistungen von Anbietern<\/li>\n\n\n\n<li>Teilnahmem\u00f6glichkeit am&nbsp;SVBS AWARD mit Preisen von bis zu CHF 2500<\/li>\n\n\n\n<li>Kostenlos den SVBS-Leitfaden zur Umsetzung und Anwendung der Seco-Wegleitung und ein umfassendes Musterbeispiel f\u00fcr ein Erste-Hilfe-Konzept<\/li>\n\n\n\n<li>Mitgliederversammlung mit einer spannenden F\u00fchrung oder Weiterbildung<\/li>\n\n\n\n<li>Kurz-Beratungen zu Ihren offenen Fragen von unseren Vorstandsmitgliedern<\/li>\n\n\n\n<li>Ein aktives und engagiertes Netzwerk, das einen regen Austausch pflegt<\/li>\n<\/ul>\n\n\n\n<p><\/p>\n\n\n\n<p>Sie sind noch nicht Mitglied? <a href=\"https:\/\/www.svbs-asse.ch\/?page_id=231\" data-type=\"page\" data-id=\"231\">Hier<\/a> finden Sie die Beitrittserkl\u00e4rungen f\u00fcr Einzel- oder Kollektivmitgliedschaften! Mit Ihrer Mitgliedschaft unterst\u00fctzten Sie unsere Arbeit in Gremien und Institutionen, wo wir Ihre Anliegen vertreten, und geben uns und der Betriebssanit\u00e4t mehr Gewicht! Wir freuen uns auf Ihre Beitrittserkl\u00e4rung!<\/p>\n<\/div>\n<\/div>\n\n\n\n<div style=\"height:50px\" aria-hidden=\"true\" class=\"wp-block-spacer\"><\/div>\n","protected":false},"excerpt":{"rendered":"<p>Als SVBS-Mitglied erhalten Sie: Sie sind noch nicht Mitglied? Hier finden Sie die Beitrittserkl\u00e4rungen f\u00fcr Einzel- oder Kollektivmitgliedschaften! Mit Ihrer Mitgliedschaft unterst\u00fctzten Sie unsere Arbeit in Gremien und Institutionen, wo [&hellip;]<\/p>\n","protected":false},"author":1,"featured_media":0,"parent":8,"menu_order":0,"comment_status":"closed","ping_status":"closed","template":"","meta":{"_acf_changed":false,"footnotes":""},"class_list":["post-233","page","type-page","status-publish","hentry"],"acf":[],"lang":"de","translations":{"de":233,"fr":283,"it":1178,"en":1397},"pll_sync_post":[],"_links":{"self":[{"href":"https:\/\/www.svbs-asse.ch\/index.php?rest_route=\/wp\/v2\/pages\/233","targetHints":{"allow":["GET"]}}],"collection":[{"href":"https:\/\/www.svbs-asse.ch\/index.php?rest_route=\/wp\/v2\/pages"}],"about":[{"href":"https:\/\/www.svbs-asse.ch\/index.php?rest_route=\/wp\/v2\/types\/page"}],"author":[{"embeddable":true,"href":"https:\/\/www.svbs-asse.ch\/index.php?rest_route=\/wp\/v2\/users\/1"}],"replies":[{"embeddable":true,"href":"https:\/\/www.svbs-asse.ch\/index.php?rest_route=%2Fwp%2Fv2%2Fcomments&post=233"}],"version-history":[{"count":27,"href":"https:\/\/www.svbs-asse.ch\/index.php?rest_route=\/wp\/v2\/pages\/233\/revisions"}],"predecessor-version":[{"id":1664,"href":"https:\/\/www.svbs-asse.ch\/index.php?rest_route=\/wp\/v2\/pages\/233\/revisions\/1664"}],"up":[{"embeddable":true,"href":"https:\/\/www.svbs-asse.ch\/index.php?rest_route=\/wp\/v2\/pages\/8"}],"wp:attachment":[{"href":"https:\/\/www.svbs-asse.ch\/index.php?rest_route=%2Fwp%2Fv2%2Fmedia&parent=233"}],"curies":[{"name":"wp","href":"https:\/\/api.w.org\/{rel}","templated":true}]}}