{"id":160,"date":"2025-07-22T15:44:06","date_gmt":"2025-07-22T13:44:06","guid":{"rendered":"https:\/\/www.svbs-asse.ch\/svbs3\/?page_id=160"},"modified":"2026-01-27T10:17:40","modified_gmt":"2026-01-27T09:17:40","slug":"beitrittsformular-kollektivmitglied","status":"publish","type":"page","link":"https:\/\/www.svbs-asse.ch\/?page_id=160","title":{"rendered":"Beitrittsformular &#8211; Kollektivmitglied"},"content":{"rendered":"<div class=\"frm_forms  with_frm_style frm_style_formidable-stil\" id=\"frm_form_3_container\" data-token=\"640d3107969ba000ce42b1e6ce0f423b\">\n<form enctype=\"multipart\/form-data\" method=\"post\" class=\"frm-show-form  frm_pro_form \" id=\"form_beitritt-kollektiv-de\" data-token=\"640d3107969ba000ce42b1e6ce0f423b\">\n<div class=\"frm_form_fields \">\n<fieldset>\n<legend class=\"frm_screen_reader\">Beitritt - Kollektiv (DE)<\/legend>\r\n\r\n<div class=\"frm_description\"><p>Kollektivmitglieder sind Firmen sowie Betriebssanit\u00e4ter in Firmen. Die Mitgliedschaft und deren Verrechnung lautet auf eine Firmenadresse.<\/p>\n<\/div><div class=\"frm_fields_container\">\n<input type=\"hidden\" name=\"frm_action\" value=\"create\" \/>\n<input type=\"hidden\" name=\"form_id\" value=\"3\" \/>\n<input type=\"hidden\" name=\"frm_hide_fields_3\" id=\"frm_hide_fields_3\" value=\"\" \/>\n<input type=\"hidden\" name=\"form_key\" value=\"beitritt-kollektiv-de\" \/>\n<input type=\"hidden\" name=\"item_meta[0]\" value=\"\" \/>\n<input type=\"hidden\" id=\"frm_submit_entry_3\" name=\"frm_submit_entry_3\" value=\"77afb1d975\" \/><input type=\"hidden\" name=\"_wp_http_referer\" value=\"\/index.php?rest_route=%2Fwp%2Fv2%2Fpages%2F160\" \/><div id=\"frm_field_17_container\" class=\"frm_form_field form-field  frm_required_field frm_top_container vertical_radio\">\r\n\t<div  id=\"field_95trj_label\" class=\"frm_primary_label\">Wahl der Stufe der Kollektivmitgliedschaft\r\n\t\t<span class=\"frm_required\" aria-hidden=\"true\">*<\/span>\r\n\t<\/div>\r\n\t<div class=\"frm_opt_container\" aria-labelledby=\"field_95trj_label\" role=\"radiogroup\" aria-required=\"true\">\t\t<div class=\"frm_radio\" id=\"frm_radio_17-0\">\t\t\t<label  for=\"field_95trj-0\">\n\t\t\t\t\t<input type=\"radio\" name=\"item_meta[17]\" id=\"field_95trj-0\" value=\"Stufe A: Zwei Stimmen, vier Teilnahmepl\u00e4tze zu Mitgliederpreisen an SVBS-Veranstaltungen - Jahresbeitrag CHF 250.-\"\n\t\t data-reqmsg=\"Wahl der Stufe der Kollektivmitgliedschaft cannot be blank.\" data-invmsg=\"Wahl der Stufe der Kollektivmitgliedschaft ist ung\u00fcltig\"   \/> Stufe A: Zwei Stimmen, vier Teilnahmepl\u00e4tze zu Mitgliederpreisen an SVBS-Veranstaltungen - Jahresbeitrag CHF 250.-<\/label><\/div>\n\t\t<div class=\"frm_radio\" id=\"frm_radio_17-1\">\t\t\t<label  for=\"field_95trj-1\">\n\t\t\t\t\t<input type=\"radio\" name=\"item_meta[17]\" id=\"field_95trj-1\" value=\"Stufe B: Zwei Stimmen, acht Teilnahmepl\u00e4tze zu Mitgliederpreisen an SVBS-Veranstaltungen - Jahresbeitrag CHF 490.-\"\n\t\t data-reqmsg=\"Wahl der Stufe der Kollektivmitgliedschaft cannot be blank.\" data-invmsg=\"Wahl der Stufe der Kollektivmitgliedschaft ist ung\u00fcltig\"   \/> Stufe B: Zwei Stimmen, acht Teilnahmepl\u00e4tze zu Mitgliederpreisen an SVBS-Veranstaltungen - Jahresbeitrag CHF 490.-<\/label><\/div>\n\t\t<div class=\"frm_radio\" id=\"frm_radio_17-2\">\t\t\t<label  for=\"field_95trj-2\">\n\t\t\t\t\t<input type=\"radio\" name=\"item_meta[17]\" id=\"field_95trj-2\" value=\"Stufe C: Zwei Stimmen, zw\u00f6lf Teilnahmepl\u00e4tze zu Mitgliederpreisen an SVBS-Veranstaltungen - Jahresbeitrag CHF 730.-\"\n\t\t data-reqmsg=\"Wahl der Stufe der Kollektivmitgliedschaft cannot be blank.\" data-invmsg=\"Wahl der Stufe der Kollektivmitgliedschaft ist ung\u00fcltig\"   \/> Stufe C: Zwei Stimmen, zw\u00f6lf Teilnahmepl\u00e4tze zu Mitgliederpreisen an SVBS-Veranstaltungen - Jahresbeitrag CHF 730.-<\/label><\/div>\n\t\t<div class=\"frm_radio\" id=\"frm_radio_17-3\">\t\t\t<label  for=\"field_95trj-3\">\n\t\t\t\t\t<input type=\"radio\" name=\"item_meta[17]\" id=\"field_95trj-3\" value=\"Stufe D: Zwei Stimmen, 16 Teilnahmepl\u00e4tze zu Mitgliederpreisen an SVBS-Veranstaltungen - Jahresbeitrag CHF 970.-\"\n\t\t data-reqmsg=\"Wahl der Stufe der Kollektivmitgliedschaft cannot be blank.\" data-invmsg=\"Wahl der Stufe der Kollektivmitgliedschaft ist ung\u00fcltig\"   \/> Stufe D: Zwei Stimmen, 16 Teilnahmepl\u00e4tze zu Mitgliederpreisen an SVBS-Veranstaltungen - Jahresbeitrag CHF 970.-<\/label><\/div>\n<\/div>\r\n\t\r\n\t\r\n<\/div>\n<div id=\"frm_field_18_container\" class=\"frm_form_field form-field  frm_required_field frm_top_container vertical_radio\">\r\n\t<div  id=\"field_xq9sl_label\" class=\"frm_primary_label\">Dauer der Kollektivmitgliedschaft\r\n\t\t<span class=\"frm_required\" aria-hidden=\"true\">*<\/span>\r\n\t<\/div>\r\n\t<div class=\"frm_opt_container\" aria-labelledby=\"field_xq9sl_label\" role=\"group\">\t\t<div class=\"frm_checkbox\" id=\"frm_checkbox_18-0\">\t\t\t<label  for=\"field_xq9sl-0\">\n\t\t\t<input type=\"checkbox\" name=\"item_meta[18][]\" id=\"field_xq9sl-0\" value=\"Wir best\u00e4tigen, dass wir diese Mitgliedschaftsstufe f\u00fcr mindestens 3 Jahre w\u00e4hlen. Ein Upgrade auf eine h\u00f6here Stufe ist jederzeit m\u00f6glich, ein Downgrade erst nach Ablauf dieser Laufzeit von 3 Jahren. Ausnahmen kann der Vorstand aufgrund eines schriftlich eingereichten Gesuchs genehmigen.\"  data-reqmsg=\"Dauer der Kollektivmitgliedschaft cannot be blank.\" data-invmsg=\"Dauer der Kollektivmitgliedschaft ist ung\u00fcltig\"   aria-required=\"true\"  \/> Wir best\u00e4tigen, dass wir diese Mitgliedschaftsstufe f\u00fcr mindestens 3 Jahre w\u00e4hlen. Ein Upgrade auf eine h\u00f6here Stufe ist jederzeit m\u00f6glich, ein Downgrade erst nach Ablauf dieser Laufzeit von 3 Jahren. Ausnahmen kann der Vorstand aufgrund eines schriftlich eingereichten Gesuchs genehmigen.<\/label><\/div>\n<\/div>\r\n\t\r\n\t\r\n<\/div>\n<div id=\"frm_field_19_container\" class=\"frm_form_field form-field  frm_top_container\">\r\n\t<label for=\"field_69ie8\" id=\"field_69ie8_label\" class=\"frm_primary_label\">Firma\r\n\t\t<span class=\"frm_required\" aria-hidden=\"true\"><\/span>\r\n\t<\/label>\r\n\t<input  type=\"text\" id=\"field_69ie8\" name=\"item_meta[19]\" value=\"\"  data-invmsg=\"Firma ist ung\u00fcltig\" aria-invalid=\"false\"   \/>\r\n\t\r\n\t\r\n<\/div>\n<div id=\"frm_field_20_container\" class=\"frm_form_field form-field  frm_required_field frm_top_container\">\r\n\t<div  id=\"field_nm2v7_label\" class=\"frm_primary_label\">Name\r\n\t\t<span class=\"frm_required\" aria-hidden=\"true\">*<\/span>\r\n\t<\/div>\r\n\t<fieldset aria-labelledby=\"field_nm2v7_label\">\n\t<legend class=\"frm_screen_reader frm_hidden\">\n\t\tName\t<\/legend>\n\n\t<div  class=\"frm_combo_inputs_container\" id=\"frm_combo_inputs_container_20\" data-name-layout=\"first_last\">\n\t\t\t\t\t<div\n\t\t\t\tid=\"frm_field_20-first_container\"\n\t\t\t\tclass=\"frm_form_field form-field frm_form_subfield-first  frm6\"\n\t\t\t\tdata-sub-field-name=\"first\"\n\t\t\t>\n\t\t\t\t<label for=\"field_nm2v7_first\" class=\"frm_screen_reader frm_hidden\">\n\t\t\t\t\tVorname\t\t\t\t<\/label>\n\n\t\t\t\t<input  type=\"text\" id=\"field_nm2v7_first\" value=\"\" name=\"item_meta[20][first]\" autocomplete=\"given-name\" data-reqmsg=\"Name cannot be blank.\" aria-required=\"true\" data-invmsg=\"Name is invalid\" aria-invalid=\"false\"  \/><div class=\"frm_description\" id=\"frm_field_20_first_desc\">Vorname<\/div>\t\t\t<\/div>\n\t\t\t\t\t\t<div\n\t\t\t\tid=\"frm_field_20-last_container\"\n\t\t\t\tclass=\"frm_form_field form-field frm_form_subfield-last  frm6\"\n\t\t\t\tdata-sub-field-name=\"last\"\n\t\t\t>\n\t\t\t\t<label for=\"field_nm2v7_last\" class=\"frm_screen_reader frm_hidden\">\n\t\t\t\t\tNachname\t\t\t\t<\/label>\n\n\t\t\t\t<input  type=\"text\" id=\"field_nm2v7_last\" value=\"\" name=\"item_meta[20][last]\" autocomplete=\"family-name\" data-reqmsg=\"Name cannot be blank.\" aria-required=\"true\" data-invmsg=\"Name is invalid\" aria-invalid=\"false\"  \/><div class=\"frm_description\" id=\"frm_field_20_last_desc\">Nachname<\/div>\t\t\t<\/div>\n\t\t\t\t<\/div>\n<\/fieldset>\n\r\n\t\r\n\t\r\n<\/div>\n<div id=\"frm_field_21_container\" class=\"frm_form_field form-field  frm_required_field frm_top_container\">\r\n\t<label for=\"field_uv4mz\" id=\"field_uv4mz_label\" class=\"frm_primary_label\">Rechnungsadresse\r\n\t\t<span class=\"frm_required\" aria-hidden=\"true\">*<\/span>\r\n\t<\/label>\r\n\t<input  type=\"text\" id=\"field_uv4mz\" name=\"item_meta[21]\" value=\"\"  data-reqmsg=\"Rechnungsadresse cannot be blank.\" aria-required=\"true\" data-invmsg=\"Rechnungsadresse ist ung\u00fcltig\" aria-invalid=\"false\"   \/>\r\n\t\r\n\t\r\n<\/div>\n<div id=\"frm_field_27_container\" class=\"frm_form_field form-field  frm_required_field frm_top_container\">\r\n\t<label for=\"field_gvqss\" id=\"field_gvqss_label\" class=\"frm_primary_label\">PLZ \/ Ort\r\n\t\t<span class=\"frm_required\" aria-hidden=\"true\">*<\/span>\r\n\t<\/label>\r\n\t<input  type=\"text\" id=\"field_gvqss\" name=\"item_meta[27]\" value=\"\"  data-reqmsg=\"PLZ \/ Ort cannot be blank.\" aria-required=\"true\" data-invmsg=\"PLZ \/ Ort ist ung\u00fcltig\" aria-invalid=\"false\"   \/>\r\n\t\r\n\t\r\n<\/div>\n<div id=\"frm_field_22_container\" class=\"frm_form_field form-field  frm_required_field frm_top_container\">\r\n\t<label for=\"field_a7ftb\" id=\"field_a7ftb_label\" class=\"frm_primary_label\">Lieferadresse\r\n\t\t<span class=\"frm_required\" aria-hidden=\"true\">*<\/span>\r\n\t<\/label>\r\n\t<input  type=\"text\" id=\"field_a7ftb\" name=\"item_meta[22]\" value=\"\"  data-reqmsg=\"Lieferadresse cannot be blank.\" aria-required=\"true\" data-invmsg=\"Lieferadresse ist ung\u00fcltig\" aria-invalid=\"false\"   \/>\r\n\t\r\n\t\r\n<\/div>\n<div id=\"frm_field_28_container\" class=\"frm_form_field form-field  frm_required_field frm_top_container\">\r\n\t<label for=\"field_on79d\" id=\"field_on79d_label\" class=\"frm_primary_label\">PLZ \/ Ort\r\n\t\t<span class=\"frm_required\" aria-hidden=\"true\">*<\/span>\r\n\t<\/label>\r\n\t<input  type=\"text\" id=\"field_on79d\" name=\"item_meta[28]\" value=\"\"  data-reqmsg=\"PLZ \/ Ort cannot be blank.\" aria-required=\"true\" data-invmsg=\"PLZ \/ Ort ist ung\u00fcltig\" aria-invalid=\"false\"   \/>\r\n\t\r\n\t\r\n<\/div>\n<div id=\"frm_field_23_container\" class=\"frm_form_field form-field  frm_top_container\">\r\n\t<label for=\"field_ucrw\" id=\"field_ucrw_label\" class=\"frm_primary_label\">Telefon\r\n\t\t<span class=\"frm_required\" aria-hidden=\"true\"><\/span>\r\n\t<\/label>\r\n\t<input type=\"tel\" id=\"field_ucrw\" name=\"item_meta[23]\" value=\"\"  data-invmsg=\"Telefon ist ung\u00fcltig\" aria-invalid=\"false\" pattern=\"((\\+\\d{1,3}(-|.| )?\\(?\\d\\)?(-| |.)?\\d{1,5})|(\\(?\\d{2,6}\\)?))(-|.| )?(\\d{3,4})(-|.| )?(\\d{4})(( x| ext)\\d{1,5}){0,1}$\"  \/>\r\n\t\r\n\t\r\n<\/div>\n<div id=\"frm_field_24_container\" class=\"frm_form_field form-field  frm_required_field frm_top_container\">\r\n\t<label for=\"field_reao9\" id=\"field_reao9_label\" class=\"frm_primary_label\">E-Mail\r\n\t\t<span class=\"frm_required\" aria-hidden=\"true\">*<\/span>\r\n\t<\/label>\r\n\t<input type=\"email\" id=\"field_reao9\" name=\"item_meta[24]\" value=\"\"  data-reqmsg=\"E-Mail cannot be blank.\" aria-required=\"true\" data-invmsg=\"E-Mail ist ung\u00fcltig\" aria-invalid=\"false\"  \/>\r\n\t\r\n\t\r\n<\/div>\n<div id=\"frm_field_25_container\" class=\"frm_form_field form-field  frm_top_container\">\r\n\t<label for=\"field_7v1lm\" id=\"field_7v1lm_label\" class=\"frm_primary_label\">Anzahl Betriebssanit\u00e4ter\/*innen\r\n\t\t<span class=\"frm_required\" aria-hidden=\"true\"><\/span>\r\n\t<\/label>\r\n\t<input  type=\"text\" id=\"field_7v1lm\" name=\"item_meta[25]\" value=\"\"  data-invmsg=\"Anzahl Betriebssanit\u00e4ter\/*innen ist ung\u00fcltig\" aria-invalid=\"false\"   \/>\r\n\t\r\n\t\r\n<\/div>\n<div id=\"frm_field_26_container\" class=\"frm_form_field form-field  frm_top_container\">\r\n\t<label for=\"field_wus4h\" id=\"field_wus4h_label\" class=\"frm_primary_label\">Bemerkungen\r\n\t\t<span class=\"frm_required\" aria-hidden=\"true\"><\/span>\r\n\t<\/label>\r\n\t<textarea name=\"item_meta[26]\" id=\"field_wus4h\" rows=\"5\"  data-invmsg=\"Bemerkungen is invalid\" aria-invalid=\"false\"  ><\/textarea>\r\n\t\r\n\t\r\n<\/div>\n<div id=\"frm_field_15_container\" class=\"frm_form_field form-field  frm6\">\r\n\t<div class=\"frm_submit frm_flex\">\r\n<button class=\"frm_button_submit frm_final_submit\" type=\"submit\"   formnovalidate=\"formnovalidate\">Absenden<\/button>\r\n\r\n\r\n\r\n<\/div>\r\n<\/div>\n\t<input type=\"hidden\" name=\"item_key\" value=\"\" \/>\n\t\t\t<div id=\"frm_field_191_container\">\n\t\t\t<label for=\"field_dkli6\" >\n\t\t\t\tIf you are human, leave this field blank.\t\t\t<\/label>\n\t\t\t<input  id=\"field_dkli6\" type=\"text\" class=\"frm_form_field form-field frm_verify\" name=\"item_meta[191]\" value=\"\"  \/>\n\t\t<\/div>\n\t\t<input name=\"frm_state\" type=\"hidden\" value=\"H4EpwOTz9zux8+yXa8C0S9NmuvdQ6gknnCOOpAbNputTDKW3p6YMpoR8\/dJm56Zm\" \/><\/div>\n<\/fieldset>\n<\/div>\n\n<\/form>\n<\/div>\n\n\n\n\n<div class=\"wp-block-columns is-layout-flex wp-container-core-columns-is-layout-9d6595d7 wp-block-columns-is-layout-flex\">\n<div class=\"wp-block-column is-layout-flow wp-block-column-is-layout-flow\">\n<div class=\"wp-block-buttons is-content-justification-right is-layout-flex wp-container-core-buttons-is-layout-765c4724 wp-block-buttons-is-layout-flex\">\n<div class=\"wp-block-button\"><a class=\"wp-block-button__link wp-element-button\" href=\"https:\/\/www.svbs-asse.ch\/?page_id=155\">Beitritt Einzelmitglied &#8211;><\/a><\/div>\n<\/div>\n<\/div>\n<\/div>\n\n\n\n<p><\/p>\n","protected":false},"excerpt":{"rendered":"","protected":false},"author":1,"featured_media":0,"parent":231,"menu_order":0,"comment_status":"closed","ping_status":"closed","template":"","meta":{"_acf_changed":false,"footnotes":""},"class_list":["post-160","page","type-page","status-publish","hentry"],"acf":[],"lang":"de","translations":{"de":160,"it":1247,"fr":1256,"en":1392},"pll_sync_post":[],"_links":{"self":[{"href":"https:\/\/www.svbs-asse.ch\/index.php?rest_route=\/wp\/v2\/pages\/160","targetHints":{"allow":["GET"]}}],"collection":[{"href":"https:\/\/www.svbs-asse.ch\/index.php?rest_route=\/wp\/v2\/pages"}],"about":[{"href":"https:\/\/www.svbs-asse.ch\/index.php?rest_route=\/wp\/v2\/types\/page"}],"author":[{"embeddable":true,"href":"https:\/\/www.svbs-asse.ch\/index.php?rest_route=\/wp\/v2\/users\/1"}],"replies":[{"embeddable":true,"href":"https:\/\/www.svbs-asse.ch\/index.php?rest_route=%2Fwp%2Fv2%2Fcomments&post=160"}],"version-history":[{"count":5,"href":"https:\/\/www.svbs-asse.ch\/index.php?rest_route=\/wp\/v2\/pages\/160\/revisions"}],"predecessor-version":[{"id":259,"href":"https:\/\/www.svbs-asse.ch\/index.php?rest_route=\/wp\/v2\/pages\/160\/revisions\/259"}],"up":[{"embeddable":true,"href":"https:\/\/www.svbs-asse.ch\/index.php?rest_route=\/wp\/v2\/pages\/231"}],"wp:attachment":[{"href":"https:\/\/www.svbs-asse.ch\/index.php?rest_route=%2Fwp%2Fv2%2Fmedia&parent=160"}],"curies":[{"name":"wp","href":"https:\/\/api.w.org\/{rel}","templated":true}]}}