{"id":1330,"date":"2025-12-24T11:41:05","date_gmt":"2025-12-24T10:41:05","guid":{"rendered":"https:\/\/www.svbs-asse.ch\/svbs3\/?page_id=1330"},"modified":"2025-12-24T11:41:06","modified_gmt":"2025-12-24T10:41:06","slug":"formulaire-de-candidature-au-prix-asse","status":"publish","type":"page","link":"https:\/\/www.svbs-asse.ch\/?page_id=1330&lang=fr","title":{"rendered":"Formulaire de candidature au prix ASSE"},"content":{"rendered":"<div class=\"frm_forms  with_frm_style frm_style_formidable-stil\" id=\"frm_form_9_container\" data-token=\"c5abe58ae0b52161fb16a8ba1395729b\">\n<form enctype=\"multipart\/form-data\" method=\"post\" class=\"frm-show-form  frm_pro_form \" id=\"form_esnmq2\" data-token=\"c5abe58ae0b52161fb16a8ba1395729b\">\n<div class=\"frm_form_fields \">\n<fieldset>\n<legend class=\"frm_screen_reader\">Antragsformular SVBS Award (FR)<\/legend>\r\n\r\n\r\n<p>Vous trouverez&nbsp;<a href=\"https:\/\/www.svbs-asse.ch\/svbs3\/wp-content\/uploads\/2025\/12\/2024_Erweiterte_Wettbewerbs_und_Teilnahmebedingungen.pdf\" target=\"_blank\">ici<\/a>&nbsp;es conditions d\u00e9taill\u00e9es du concours et de participation. &nbsp;<i>(en allemand)<i\/><\/p>\r\n<br><br><div class=\"frm_fields_container\">\n<input type=\"hidden\" name=\"frm_action\" value=\"create\" \/>\n<input type=\"hidden\" name=\"form_id\" value=\"9\" \/>\n<input type=\"hidden\" name=\"frm_hide_fields_9\" id=\"frm_hide_fields_9\" value=\"\" \/>\n<input type=\"hidden\" name=\"form_key\" value=\"esnmq2\" \/>\n<input type=\"hidden\" name=\"item_meta[0]\" value=\"\" \/>\n<input type=\"hidden\" id=\"frm_submit_entry_9\" name=\"frm_submit_entry_9\" value=\"c614804d0d\" \/><input type=\"hidden\" name=\"_wp_http_referer\" value=\"\/index.php?rest_route=%2Fwp%2Fv2%2Fpages%2F1330\" \/><div id=\"frm_field_85_container\" class=\"frm_form_field form-field  frm_required_field frm_top_container\">\r\n\t<label for=\"field_t8y\" id=\"field_t8y_label\" class=\"frm_primary_label\">Nom \/ Pr\u00e9nom (demandeur)\r\n\t\t<span class=\"frm_required\" aria-hidden=\"true\">*<\/span>\r\n\t<\/label>\r\n\t<input  type=\"text\" id=\"field_t8y\" name=\"item_meta[85]\" value=\"\"  data-reqmsg=\"Nom \/ Pr\u00e9nom (demandeur) cannot be blank.\" aria-required=\"true\" data-invmsg=\"Nom \/ Pr\u00e9nom (demandeur) ist ung\u00fcltig\" aria-invalid=\"false\"   \/>\r\n\t\r\n\t\r\n<\/div>\n<div id=\"frm_field_86_container\" class=\"frm_form_field form-field  frm_top_container\">\r\n\t<label for=\"field_a9gme2\" id=\"field_a9gme2_label\" class=\"frm_primary_label\">Organisation \/ Entreprise\r\n\t\t<span class=\"frm_required\" aria-hidden=\"true\"><\/span>\r\n\t<\/label>\r\n\t<input  type=\"text\" id=\"field_a9gme2\" name=\"item_meta[86]\" value=\"\"  data-invmsg=\"Organisation \/ Entreprise ist ung\u00fcltig\" aria-invalid=\"false\"   \/>\r\n\t\r\n\t\r\n<\/div>\n<div id=\"frm_field_87_container\" class=\"frm_form_field form-field  frm_required_field frm_top_container\">\r\n\t<label for=\"field_4q9342\" id=\"field_4q9342_label\" class=\"frm_primary_label\">Adresse e-mail\r\n\t\t<span class=\"frm_required\" aria-hidden=\"true\">*<\/span>\r\n\t<\/label>\r\n\t<input type=\"email\" id=\"field_4q9342\" name=\"item_meta[87]\" value=\"\"  data-reqmsg=\"Adresse e-mail cannot be blank.\" aria-required=\"true\" data-invmsg=\"Adresse e-mail ist ung\u00fcltig\" aria-invalid=\"false\"  \/>\r\n\t\r\n\t\r\n<\/div>\n<div id=\"frm_field_88_container\" class=\"frm_form_field form-field  frm_required_field frm_top_container\">\r\n\t<label for=\"field_nqrq12\" id=\"field_nqrq12_label\" class=\"frm_primary_label\">Br\u00e8ve description de la demande (intervention \/ projet)\r\n\t\t<span class=\"frm_required\" aria-hidden=\"true\">*<\/span>\r\n\t<\/label>\r\n\t<textarea name=\"item_meta[88]\" id=\"field_nqrq12\" rows=\"7\"  data-reqmsg=\"Br\u00e8ve description de la demande (intervention \/ projet) cannot be blank.\" aria-required=\"true\" data-invmsg=\"Br\u00e8ve description de la demande (intervention \/ projet) ist ung\u00fcltig\" aria-invalid=\"false\"  ><\/textarea>\r\n\t\r\n\t\r\n<\/div>\n<div id=\"frm_field_89_container\" class=\"frm_form_field form-field  frm_top_container\">\r\n\t<label for=\"field_3gatv2\" id=\"field_3gatv2_label\" class=\"frm_primary_label\">Nos secouristes d'entreprise ont \u00e9t\u00e9 form\u00e9s par l'\u00e9cole suivante\r\n\t\t<span class=\"frm_required\" aria-hidden=\"true\"><\/span>\r\n\t<\/label>\r\n\t<input  type=\"text\" id=\"field_3gatv2\" name=\"item_meta[89]\" value=\"\"  data-invmsg=\"Nos secouristes d&#039;entreprise ont \u00e9t\u00e9 form\u00e9s par l&#039;\u00e9cole suivante ist ung\u00fcltig\" aria-invalid=\"false\"   \/>\r\n\t\r\n\t\r\n<\/div>\n<div id=\"frm_field_90_container\" class=\"frm_form_field form-field  frm_required_field frm_top_container\">\r\n\t<label for=\"field_jnfql2\" id=\"field_jnfql2_label\" class=\"frm_primary_label\">T\u00e9l\u00e9charger le fichier\r\n\t\t<span class=\"frm_required\" aria-hidden=\"true\">*<\/span>\r\n\t<\/label>\r\n\t<input type=\"hidden\"  data-reqmsg=\"T\u00e9l\u00e9charger le fichier cannot be blank.\" data-invmsg=\"T\u00e9l\u00e9charger le fichier ist ung\u00fcltig\" class=\"auto_width\" aria-invalid=\"false\"   name=\"item_meta[90][]\"  data-reqmsg=\"T\u00e9l\u00e9charger le fichier cannot be blank.\"  value=\"\" data-frmfile=\"90\" \/>\n\n<div class=\"frm_dropzone frm_multi_upload frm_clearfix\" id=\"file90_dropzone\" role=\"group\" >\n\t<div class=\"fallback\">\n\t\t<input type=\"file\" name=\"file90[]\" id=\"field_jnfql2\"\n\t\t\t data-frmfile=\"90\" multiple=\"multiple\"  data-reqmsg=\"T\u00e9l\u00e9charger le fichier cannot be blank.\" data-invmsg=\"T\u00e9l\u00e9charger le fichier ist ung\u00fcltig\" class=\"auto_width\" aria-invalid=\"false\"  \t\t\t\/>\n\t\t\t\t<div class=\"frm_clearfix \"><\/div>\n\t<\/div>\n\t<div class=\"dz-message needsclick\">\n\t\t\t\t<svg  viewBox=\"0 0 18 18\" class=\"frmsvg frm-svg-icon\">\n\t<path viewBox=\"0 0 18 18\" fill-rule=\"evenodd\" clip-rule=\"evenodd\" d=\"M8.2 4v8a.8.8 0 001.5 0V4l2.1 2.2A.7.7 0 1013 5L9.5 1.7a.7.7 0 00-1.1 0L5.1 5.2a.8.8 0 001 1l2.1-2zm7.6 4.3c.4 0 .7.3.7.7v6.8c0 .4-.3.7-.8.7H2.3a.8.8 0 01-.8-.8V9A.8.8 0 013 9v6h12V9c0-.4.3-.8.8-.8z\"><\/path>\n<\/svg>\t\t<span class=\"frm_upload_text\"><button type=\"button\" aria-label=\"T\u00e9l\u00e9charger le fichier. Pour t\u00e9l\u00e9charger le fichier, d\u00e9posez-le ici ou cliquez sur le bouton.. Maximum file size: 10MB\">Pour t\u00e9l\u00e9charger le fichier, d\u00e9posez-le ici ou cliquez sur le bouton.<\/button><\/span>\n\t\t<span class=\"frm_compact_text\"><button type=\"button\" aria-label=\"T\u00e9l\u00e9charger le fichier. S\u00e9lectionner le fichier. Maximum file size: 10MB\">S\u00e9lectionner le fichier<\/button><\/span>\n\t\t<div class=\"frm_small_text\">\n\t\t\t<p>Maximum file size: 10MB<\/p>\n\t\t<\/div>\n\t<\/div>\n<\/div>\n\t\r\n\t\r\n\t\r\n<\/div>\n<div id=\"frm_field_91_container\" class=\"frm_form_field form-field \">\r\n\t<div class=\"frm_submit frm_flex\">\r\n<button class=\"frm_button_submit frm_final_submit\" type=\"submit\"   formnovalidate=\"formnovalidate\">Envoyer<\/button>\r\n\r\n\r\n\r\n<\/div>\r\n<\/div>\n\t<input type=\"hidden\" name=\"item_key\" value=\"\" \/>\n\t\t\t<div id=\"frm_field_191_container\">\n\t\t\t<label for=\"field_515ef\" >\n\t\t\t\tIf you are human, leave this field blank.\t\t\t<\/label>\n\t\t\t<input  id=\"field_515ef\" type=\"text\" class=\"frm_form_field form-field frm_verify\" name=\"item_meta[191]\" value=\"\"  \/>\n\t\t<\/div>\n\t\t<input name=\"frm_state\" type=\"hidden\" value=\"GNEvr9VGPzcN2WyFe2F4WRKUfXAyD6QfdsYmiGm4+8R7BGxg3ofnyBXLXCvIiJoV\" \/><\/div>\n<\/fieldset>\n<\/div>\n\n<\/form>\n<\/div>\n\n","protected":false},"excerpt":{"rendered":"","protected":false},"author":1,"featured_media":0,"parent":938,"menu_order":0,"comment_status":"closed","ping_status":"closed","template":"","meta":{"_acf_changed":false,"footnotes":""},"class_list":["post-1330","page","type-page","status-publish","hentry"],"acf":[],"lang":"fr","translations":{"fr":1330,"de":1327,"it":1332,"en":1439},"pll_sync_post":[],"_links":{"self":[{"href":"https:\/\/www.svbs-asse.ch\/index.php?rest_route=\/wp\/v2\/pages\/1330","targetHints":{"allow":["GET"]}}],"collection":[{"href":"https:\/\/www.svbs-asse.ch\/index.php?rest_route=\/wp\/v2\/pages"}],"about":[{"href":"https:\/\/www.svbs-asse.ch\/index.php?rest_route=\/wp\/v2\/types\/page"}],"author":[{"embeddable":true,"href":"https:\/\/www.svbs-asse.ch\/index.php?rest_route=\/wp\/v2\/users\/1"}],"replies":[{"embeddable":true,"href":"https:\/\/www.svbs-asse.ch\/index.php?rest_route=%2Fwp%2Fv2%2Fcomments&post=1330"}],"version-history":[{"count":1,"href":"https:\/\/www.svbs-asse.ch\/index.php?rest_route=\/wp\/v2\/pages\/1330\/revisions"}],"predecessor-version":[{"id":1331,"href":"https:\/\/www.svbs-asse.ch\/index.php?rest_route=\/wp\/v2\/pages\/1330\/revisions\/1331"}],"up":[{"embeddable":true,"href":"https:\/\/www.svbs-asse.ch\/index.php?rest_route=\/wp\/v2\/pages\/938"}],"wp:attachment":[{"href":"https:\/\/www.svbs-asse.ch\/index.php?rest_route=%2Fwp%2Fv2%2Fmedia&parent=1330"}],"curies":[{"name":"wp","href":"https:\/\/api.w.org\/{rel}","templated":true}]}}