{"id":1256,"date":"2025-12-24T09:52:30","date_gmt":"2025-12-24T08:52:30","guid":{"rendered":"https:\/\/www.svbs-asse.ch\/svbs3\/?page_id=1256"},"modified":"2026-01-27T10:20:25","modified_gmt":"2026-01-27T09:20:25","slug":"formulaire-dadhesion-membre-collectif","status":"publish","type":"page","link":"https:\/\/www.svbs-asse.ch\/?page_id=1256&lang=fr","title":{"rendered":"Formulaire d&#8217;adh\u00e9sion membre collectif"},"content":{"rendered":"<div class=\"frm_forms  with_frm_style frm_style_formidable-stil\" id=\"frm_form_5_container\" data-token=\"640d3107969ba000ce42b1e6ce0f423b\">\n<form enctype=\"multipart\/form-data\" method=\"post\" class=\"frm-show-form  frm_pro_form \" id=\"form_beitritt-kollektiv-fr\" data-token=\"640d3107969ba000ce42b1e6ce0f423b\">\n<div class=\"frm_form_fields \">\n<fieldset>\n<legend class=\"frm_screen_reader\">Beitritt - Kollektiv (FR)<\/legend>\r\n\r\n<div class=\"frm_description\"><p>Les membres collectifs sont des entreprises ainsi que des secouristes d'entreprise. L'adh\u00e9sion et sa facturation sont \u00e9tablies \u00e0 l'adresse de l'entreprise.<\/p>\n<\/div><div class=\"frm_fields_container\">\n<input type=\"hidden\" name=\"frm_action\" value=\"create\" \/>\n<input type=\"hidden\" name=\"form_id\" value=\"5\" \/>\n<input type=\"hidden\" name=\"frm_hide_fields_5\" id=\"frm_hide_fields_5\" value=\"\" \/>\n<input type=\"hidden\" name=\"form_key\" value=\"beitritt-kollektiv-fr\" \/>\n<input type=\"hidden\" name=\"item_meta[0]\" value=\"\" \/>\n<input type=\"hidden\" id=\"frm_submit_entry_5\" name=\"frm_submit_entry_5\" value=\"77afb1d975\" \/><input type=\"hidden\" name=\"_wp_http_referer\" value=\"\/index.php?rest_route=%2Fwp%2Fv2%2Fpages%2F1256\" \/><div id=\"frm_field_43_container\" class=\"frm_form_field form-field  frm_required_field frm_top_container vertical_radio\">\r\n\t<div  id=\"field_95trj2_label\" class=\"frm_primary_label\">Choix du niveau d'adh\u00e9sion collective\r\n\t\t<span class=\"frm_required\" aria-hidden=\"true\">*<\/span>\r\n\t<\/div>\r\n\t<div class=\"frm_opt_container\" aria-labelledby=\"field_95trj2_label\" role=\"radiogroup\" aria-required=\"true\">\t\t<div class=\"frm_radio\" id=\"frm_radio_43-0\">\t\t\t<label  for=\"field_95trj2-0\">\n\t\t\t\t\t<input type=\"radio\" name=\"item_meta[43]\" id=\"field_95trj2-0\" value=\"Niveau A: Deux voix, quatre places de participation au prix de membre aux manifestations de l&#039;ASSE - Cotisation annuelle CHF 250.-\"\n\t\t data-reqmsg=\"Choix du niveau d&#039;adh\u00e9sion collective cannot be blank.\" data-invmsg=\"Choix du niveau d&#039;adh\u00e9sion collective ist ung\u00fcltig\"   \/> Niveau A: Deux voix, quatre places de participation au prix de membre aux manifestations de l'ASSE - Cotisation annuelle CHF 250.-<\/label><\/div>\n\t\t<div class=\"frm_radio\" id=\"frm_radio_43-1\">\t\t\t<label  for=\"field_95trj2-1\">\n\t\t\t\t\t<input type=\"radio\" name=\"item_meta[43]\" id=\"field_95trj2-1\" value=\"Niveau B: Deux voix, huit places de participation \u00e0 des manifestations de l&#039;ASSE au prix de membre - cotisation annuelle CHF 490.-\"\n\t\t data-reqmsg=\"Choix du niveau d&#039;adh\u00e9sion collective cannot be blank.\" data-invmsg=\"Choix du niveau d&#039;adh\u00e9sion collective ist ung\u00fcltig\"   \/> Niveau B: Deux voix, huit places de participation \u00e0 des manifestations de l'ASSE au prix de membre - cotisation annuelle CHF 490.-<\/label><\/div>\n\t\t<div class=\"frm_radio\" id=\"frm_radio_43-2\">\t\t\t<label  for=\"field_95trj2-2\">\n\t\t\t\t\t<input type=\"radio\" name=\"item_meta[43]\" id=\"field_95trj2-2\" value=\"Niveau C: Deux voix, douze places de participation \u00e0 des manifestations de l&#039;ASSE au prix de membre - cotisation annuelle CHF 730.-\"\n\t\t data-reqmsg=\"Choix du niveau d&#039;adh\u00e9sion collective cannot be blank.\" data-invmsg=\"Choix du niveau d&#039;adh\u00e9sion collective ist ung\u00fcltig\"   \/> Niveau C: Deux voix, douze places de participation \u00e0 des manifestations de l'ASSE au prix de membre - cotisation annuelle CHF 730.-<\/label><\/div>\n\t\t<div class=\"frm_radio\" id=\"frm_radio_43-3\">\t\t\t<label  for=\"field_95trj2-3\">\n\t\t\t\t\t<input type=\"radio\" name=\"item_meta[43]\" id=\"field_95trj2-3\" value=\"Niveau D: Deux voix, seize places de participation au prix de membre aux manifestations de l&#039;ASSE - cotisation annuelle CHF 970.-\"\n\t\t data-reqmsg=\"Choix du niveau d&#039;adh\u00e9sion collective cannot be blank.\" data-invmsg=\"Choix du niveau d&#039;adh\u00e9sion collective ist ung\u00fcltig\"   \/> Niveau D: Deux voix, seize places de participation au prix de membre aux manifestations de l'ASSE - cotisation annuelle CHF 970.-<\/label><\/div>\n<\/div>\r\n\t\r\n\t\r\n<\/div>\n<div id=\"frm_field_44_container\" class=\"frm_form_field form-field  frm_required_field frm_top_container vertical_radio\">\r\n\t<div  id=\"field_xq9sl2_label\" class=\"frm_primary_label\">Dur\u00e9e de l'adh\u00e9sion collective\r\n\t\t<span class=\"frm_required\" aria-hidden=\"true\">*<\/span>\r\n\t<\/div>\r\n\t<div class=\"frm_opt_container\" aria-labelledby=\"field_xq9sl2_label\" role=\"group\">\t\t<div class=\"frm_checkbox\" id=\"frm_checkbox_44-0\">\t\t\t<label  for=\"field_xq9sl2-0\">\n\t\t\t<input type=\"checkbox\" name=\"item_meta[44][]\" id=\"field_xq9sl2-0\" value=\"Nous confirmons que nous choisissons ce niveau d&#039;adh\u00e9sion pour au moins 3 ans. Un passage \u00e0 un niveau sup\u00e9rieur est possible \u00e0 tout moment, un d\u00e9classement n&#039;est possible qu&#039;\u00e0 l&#039;expiration de cette dur\u00e9e de 3 ans. Le comit\u00e9 directeur peut autoriser des exceptions sur la base d&#039;une demande \u00e9crite.\"  data-reqmsg=\"Dur\u00e9e de l&#039;adh\u00e9sion collective cannot be blank.\" data-invmsg=\"Dur\u00e9e de l&#039;adh\u00e9sion collective ist ung\u00fcltig\"   aria-required=\"true\"  \/> Nous confirmons que nous choisissons ce niveau d'adh\u00e9sion pour au moins 3 ans. Un passage \u00e0 un niveau sup\u00e9rieur est possible \u00e0 tout moment, un d\u00e9classement n'est possible qu'\u00e0 l'expiration de cette dur\u00e9e de 3 ans. Le comit\u00e9 directeur peut autoriser des exceptions sur la base d'une demande \u00e9crite.<\/label><\/div>\n<\/div>\r\n\t\r\n\t\r\n<\/div>\n<div id=\"frm_field_45_container\" class=\"frm_form_field form-field  frm_top_container\">\r\n\t<label for=\"field_69ie82\" id=\"field_69ie82_label\" class=\"frm_primary_label\">Soci\u00e9t\u00e9\r\n\t\t<span class=\"frm_required\" aria-hidden=\"true\"><\/span>\r\n\t<\/label>\r\n\t<input  type=\"text\" id=\"field_69ie82\" name=\"item_meta[45]\" value=\"\"  data-invmsg=\"Soci\u00e9t\u00e9 ist ung\u00fcltig\" aria-invalid=\"false\"   \/>\r\n\t\r\n\t\r\n<\/div>\n<div id=\"frm_field_46_container\" class=\"frm_form_field form-field  frm_required_field frm_top_container\">\r\n\t<div  id=\"field_nm2v72_label\" class=\"frm_primary_label\">Nom\r\n\t\t<span class=\"frm_required\" aria-hidden=\"true\">*<\/span>\r\n\t<\/div>\r\n\t<fieldset aria-labelledby=\"field_nm2v72_label\">\n\t<legend class=\"frm_screen_reader frm_hidden\">\n\t\tNom\t<\/legend>\n\n\t<div  class=\"frm_combo_inputs_container\" id=\"frm_combo_inputs_container_46\" data-name-layout=\"first_last\">\n\t\t\t\t\t<div\n\t\t\t\tid=\"frm_field_46-first_container\"\n\t\t\t\tclass=\"frm_form_field form-field frm_form_subfield-first  frm6\"\n\t\t\t\tdata-sub-field-name=\"first\"\n\t\t\t>\n\t\t\t\t<label for=\"field_nm2v72_first\" class=\"frm_screen_reader frm_hidden\">\n\t\t\t\t\tPr\u00e9nom\t\t\t\t<\/label>\n\n\t\t\t\t<input  type=\"text\" id=\"field_nm2v72_first\" value=\"\" name=\"item_meta[46][first]\" autocomplete=\"given-name\" data-reqmsg=\"Nom cannot be blank.\" aria-required=\"true\" data-invmsg=\"Nom is invalid\" aria-invalid=\"false\"  \/><div class=\"frm_description\" id=\"frm_field_46_first_desc\">Pr\u00e9nom<\/div>\t\t\t<\/div>\n\t\t\t\t\t\t<div\n\t\t\t\tid=\"frm_field_46-last_container\"\n\t\t\t\tclass=\"frm_form_field form-field frm_form_subfield-last  frm6\"\n\t\t\t\tdata-sub-field-name=\"last\"\n\t\t\t>\n\t\t\t\t<label for=\"field_nm2v72_last\" class=\"frm_screen_reader frm_hidden\">\n\t\t\t\t\tNom de famille\t\t\t\t<\/label>\n\n\t\t\t\t<input  type=\"text\" id=\"field_nm2v72_last\" value=\"\" name=\"item_meta[46][last]\" autocomplete=\"family-name\" data-reqmsg=\"Nom cannot be blank.\" aria-required=\"true\" data-invmsg=\"Nom is invalid\" aria-invalid=\"false\"  \/><div class=\"frm_description\" id=\"frm_field_46_last_desc\">Nom de famille<\/div>\t\t\t<\/div>\n\t\t\t\t<\/div>\n<\/fieldset>\n\r\n\t\r\n\t\r\n<\/div>\n<div id=\"frm_field_47_container\" class=\"frm_form_field form-field  frm_required_field frm_top_container\">\r\n\t<label for=\"field_uv4mz2\" id=\"field_uv4mz2_label\" class=\"frm_primary_label\">Adresse de facturation\r\n\t\t<span class=\"frm_required\" aria-hidden=\"true\">*<\/span>\r\n\t<\/label>\r\n\t<input  type=\"text\" id=\"field_uv4mz2\" name=\"item_meta[47]\" value=\"\"  data-reqmsg=\"Adresse de facturation cannot be blank.\" aria-required=\"true\" data-invmsg=\"Adresse de facturation ist ung\u00fcltig\" aria-invalid=\"false\"   \/>\r\n\t\r\n\t\r\n<\/div>\n<div id=\"frm_field_48_container\" class=\"frm_form_field form-field  frm_required_field frm_top_container\">\r\n\t<label for=\"field_gvqss2\" id=\"field_gvqss2_label\" class=\"frm_primary_label\">Code postal \/ Localit\u00e9\r\n\t\t<span class=\"frm_required\" aria-hidden=\"true\">*<\/span>\r\n\t<\/label>\r\n\t<input  type=\"text\" id=\"field_gvqss2\" name=\"item_meta[48]\" value=\"\"  data-reqmsg=\"Code postal \/ Localit\u00e9 cannot be blank.\" aria-required=\"true\" data-invmsg=\"Code postal \/ Localit\u00e9 ist ung\u00fcltig\" aria-invalid=\"false\"   \/>\r\n\t\r\n\t\r\n<\/div>\n<div id=\"frm_field_49_container\" class=\"frm_form_field form-field  frm_required_field frm_top_container\">\r\n\t<label for=\"field_a7ftb2\" id=\"field_a7ftb2_label\" class=\"frm_primary_label\">Adresse de livraison\r\n\t\t<span class=\"frm_required\" aria-hidden=\"true\">*<\/span>\r\n\t<\/label>\r\n\t<input  type=\"text\" id=\"field_a7ftb2\" name=\"item_meta[49]\" value=\"\"  data-reqmsg=\"Adresse de livraison cannot be blank.\" aria-required=\"true\" data-invmsg=\"Adresse de livraison ist ung\u00fcltig\" aria-invalid=\"false\"   \/>\r\n\t\r\n\t\r\n<\/div>\n<div id=\"frm_field_50_container\" class=\"frm_form_field form-field  frm_required_field frm_top_container\">\r\n\t<label for=\"field_on79d2\" id=\"field_on79d2_label\" class=\"frm_primary_label\">Code postal \/ Localit\u00e9\r\n\t\t<span class=\"frm_required\" aria-hidden=\"true\">*<\/span>\r\n\t<\/label>\r\n\t<input  type=\"text\" id=\"field_on79d2\" name=\"item_meta[50]\" value=\"\"  data-reqmsg=\"Code postal \/ Localit\u00e9 cannot be blank.\" aria-required=\"true\" data-invmsg=\"Code postal \/ Localit\u00e9 ist ung\u00fcltig\" aria-invalid=\"false\"   \/>\r\n\t\r\n\t\r\n<\/div>\n<div id=\"frm_field_51_container\" class=\"frm_form_field form-field  frm_top_container\">\r\n\t<label for=\"field_ucrw2\" id=\"field_ucrw2_label\" class=\"frm_primary_label\">Num\u00e9ro de t\u00e9l\u00e9phone\r\n\t\t<span class=\"frm_required\" aria-hidden=\"true\"><\/span>\r\n\t<\/label>\r\n\t<input type=\"tel\" id=\"field_ucrw2\" name=\"item_meta[51]\" value=\"\"  data-invmsg=\"Num\u00e9ro de t\u00e9l\u00e9phone ist ung\u00fcltig\" aria-invalid=\"false\" pattern=\"((\\+\\d{1,3}(-|.| )?\\(?\\d\\)?(-| |.)?\\d{1,5})|(\\(?\\d{2,6}\\)?))(-|.| )?(\\d{3,4})(-|.| )?(\\d{4})(( x| ext)\\d{1,5}){0,1}$\"  \/>\r\n\t\r\n\t\r\n<\/div>\n<div id=\"frm_field_52_container\" class=\"frm_form_field form-field  frm_required_field frm_top_container\">\r\n\t<label for=\"field_reao92\" id=\"field_reao92_label\" class=\"frm_primary_label\">E-Mail\r\n\t\t<span class=\"frm_required\" aria-hidden=\"true\">*<\/span>\r\n\t<\/label>\r\n\t<input type=\"email\" id=\"field_reao92\" name=\"item_meta[52]\" value=\"\"  data-reqmsg=\"E-Mail cannot be blank.\" aria-required=\"true\" data-invmsg=\"E-Mail ist ung\u00fcltig\" aria-invalid=\"false\"  \/>\r\n\t\r\n\t\r\n<\/div>\n<div id=\"frm_field_53_container\" class=\"frm_form_field form-field  frm_top_container\">\r\n\t<label for=\"field_7v1lm2\" id=\"field_7v1lm2_label\" class=\"frm_primary_label\">Nombre de secouristes d'entreprise\r\n\t\t<span class=\"frm_required\" aria-hidden=\"true\"><\/span>\r\n\t<\/label>\r\n\t<input  type=\"text\" id=\"field_7v1lm2\" name=\"item_meta[53]\" value=\"\"  data-invmsg=\"Nombre de secouristes d&#039;entreprise ist ung\u00fcltig\" aria-invalid=\"false\"   \/>\r\n\t\r\n\t\r\n<\/div>\n<div id=\"frm_field_54_container\" class=\"frm_form_field form-field  frm_top_container\">\r\n\t<label for=\"field_wus4h2\" id=\"field_wus4h2_label\" class=\"frm_primary_label\">Remarques\r\n\t\t<span class=\"frm_required\" aria-hidden=\"true\"><\/span>\r\n\t<\/label>\r\n\t<textarea name=\"item_meta[54]\" id=\"field_wus4h2\" rows=\"5\"  data-invmsg=\"Remarques ist ung\u00fcltig\" aria-invalid=\"false\"  ><\/textarea>\r\n\t\r\n\t\r\n<\/div>\n<div id=\"frm_field_55_container\" class=\"frm_form_field form-field  frm6\">\r\n\t<div class=\"frm_submit frm_flex\">\r\n<button class=\"frm_button_submit frm_final_submit\" type=\"submit\"   formnovalidate=\"formnovalidate\">Envoyer<\/button>\r\n\r\n\r\n\r\n<\/div>\r\n<\/div>\n\t<input type=\"hidden\" name=\"item_key\" value=\"\" \/>\n\t\t\t<div id=\"frm_field_191_container\">\n\t\t\t<label for=\"field_3o1yl\" >\n\t\t\t\tIf you are human, leave this field blank.\t\t\t<\/label>\n\t\t\t<input  id=\"field_3o1yl\" type=\"text\" class=\"frm_form_field form-field frm_verify\" name=\"item_meta[191]\" value=\"\"  \/>\n\t\t<\/div>\n\t\t<input name=\"frm_state\" type=\"hidden\" value=\"H4EpwOTz9zux8+yXa8C0S5O+8cYQJLOWxdWQgCw3Q+hXrD4QxrJ\/XAw5MU1361Il\" \/><\/div>\n<\/fieldset>\n<\/div>\n\n<\/form>\n<\/div>\n\n\n\n\n<div class=\"wp-block-buttons is-content-justification-right is-layout-flex wp-container-core-buttons-is-layout-765c4724 wp-block-buttons-is-layout-flex\">\n<div class=\"wp-block-button\"><a class=\"wp-block-button__link wp-element-button\" href=\"https:\/\/www.svbs-asse.ch\/?page_id=1253&amp;lang=fr\">Adh\u00e9sion membre individuel &#8211;&gt;<\/a><\/div>\n<\/div>\n\n\n\n<p><\/p>\n","protected":false},"excerpt":{"rendered":"","protected":false},"author":1,"featured_media":0,"parent":675,"menu_order":0,"comment_status":"closed","ping_status":"closed","template":"","meta":{"_acf_changed":false,"footnotes":""},"class_list":["post-1256","page","type-page","status-publish","hentry"],"acf":[],"lang":"fr","translations":{"fr":1256,"de":160,"it":1247,"en":1392},"pll_sync_post":[],"_links":{"self":[{"href":"https:\/\/www.svbs-asse.ch\/index.php?rest_route=\/wp\/v2\/pages\/1256","targetHints":{"allow":["GET"]}}],"collection":[{"href":"https:\/\/www.svbs-asse.ch\/index.php?rest_route=\/wp\/v2\/pages"}],"about":[{"href":"https:\/\/www.svbs-asse.ch\/index.php?rest_route=\/wp\/v2\/types\/page"}],"author":[{"embeddable":true,"href":"https:\/\/www.svbs-asse.ch\/index.php?rest_route=\/wp\/v2\/users\/1"}],"replies":[{"embeddable":true,"href":"https:\/\/www.svbs-asse.ch\/index.php?rest_route=%2Fwp%2Fv2%2Fcomments&post=1256"}],"version-history":[{"count":2,"href":"https:\/\/www.svbs-asse.ch\/index.php?rest_route=\/wp\/v2\/pages\/1256\/revisions"}],"predecessor-version":[{"id":1260,"href":"https:\/\/www.svbs-asse.ch\/index.php?rest_route=\/wp\/v2\/pages\/1256\/revisions\/1260"}],"up":[{"embeddable":true,"href":"https:\/\/www.svbs-asse.ch\/index.php?rest_route=\/wp\/v2\/pages\/675"}],"wp:attachment":[{"href":"https:\/\/www.svbs-asse.ch\/index.php?rest_route=%2Fwp%2Fv2%2Fmedia&parent=1256"}],"curies":[{"name":"wp","href":"https:\/\/api.w.org\/{rel}","templated":true}]}}