{"id":1253,"date":"2025-12-24T09:50:52","date_gmt":"2025-12-24T08:50:52","guid":{"rendered":"https:\/\/www.svbs-asse.ch\/svbs3\/?page_id=1253"},"modified":"2026-01-27T10:20:19","modified_gmt":"2026-01-27T09:20:19","slug":"1253-2","status":"publish","type":"page","link":"https:\/\/www.svbs-asse.ch\/?page_id=1253&lang=fr","title":{"rendered":"Formulaire d&#8217;adh\u00e9sion membre individuel"},"content":{"rendered":"<div class=\"frm_forms  with_frm_style frm_style_formidable-stil\" id=\"frm_form_6_container\" data-token=\"640d3107969ba000ce42b1e6ce0f423b\">\n<form enctype=\"multipart\/form-data\" method=\"post\" class=\"frm-show-form  frm_pro_form \" id=\"form_beitritt-einzeln-fr\" data-token=\"640d3107969ba000ce42b1e6ce0f423b\">\n<div class=\"frm_form_fields \">\n<fieldset>\n<legend class=\"frm_screen_reader\">Beitritt - Einzeln (FR)<\/legend>\r\n\r\n<div class=\"frm_description\"><p>D\u00c9CLARATION D'ADH\u00c9SION EN TANT QUE MEMBRE INDIVIDUEL \/ PERSON PRIVEE (COTISATION ANNUELLE 60.- CHF)<\/p>\n<\/div><div class=\"frm_fields_container\">\n<input type=\"hidden\" name=\"frm_action\" value=\"create\" \/>\n<input type=\"hidden\" name=\"form_id\" value=\"6\" \/>\n<input type=\"hidden\" name=\"frm_hide_fields_6\" id=\"frm_hide_fields_6\" value=\"\" \/>\n<input type=\"hidden\" name=\"form_key\" value=\"beitritt-einzeln-fr\" \/>\n<input type=\"hidden\" name=\"item_meta[0]\" value=\"\" \/>\n<input type=\"hidden\" id=\"frm_submit_entry_6\" name=\"frm_submit_entry_6\" value=\"77afb1d975\" \/><input type=\"hidden\" name=\"_wp_http_referer\" value=\"\/index.php?rest_route=%2Fwp%2Fv2%2Fpages%2F1253\" \/><div id=\"frm_field_56_container\" class=\"frm_form_field form-field  frm_required_field frm_top_container vertical_radio\">\r\n\t<div  id=\"field_2zz3z2_label\" class=\"frm_primary_label\">D\u00e9claration d'adh\u00e9sion\r\n\t\t<span class=\"frm_required\" aria-hidden=\"true\">*<\/span>\r\n\t<\/div>\r\n\t<div class=\"frm_opt_container\" aria-labelledby=\"field_2zz3z2_label\" role=\"group\">\t\t<div class=\"frm_checkbox\" id=\"frm_checkbox_56-0\">\t\t\t<label  for=\"field_2zz3z2-0\">\n\t\t\t<input type=\"checkbox\" name=\"item_meta[56][]\" id=\"field_2zz3z2-0\" value=\"Les membres individuels sont des personnes priv\u00e9es. L&#039;adh\u00e9sion et sa facturation sont \u00e9tablies \u00e0 une adresse priv\u00e9e. Je confirme par la pr\u00e9sente que je souhaite adh\u00e9rer \u00e0 l&#039;ASSE en tant que personne.\"  data-reqmsg=\"D\u00e9claration d&#039;adh\u00e9sion cannot be blank.\" data-invmsg=\"D\u00e9claration d&#039;adh\u00e9sion ist ung\u00fcltig\"   aria-required=\"true\"  \/> Les membres individuels sont des personnes priv\u00e9es. L'adh\u00e9sion et sa facturation sont \u00e9tablies \u00e0 une adresse priv\u00e9e. Je confirme par la pr\u00e9sente que je souhaite adh\u00e9rer \u00e0 l'ASSE en tant que personne.<\/label><\/div>\n<\/div>\r\n\t\r\n\t\r\n<\/div>\n<div id=\"frm_field_57_container\" class=\"frm_form_field form-field  frm_required_field frm_top_container\">\r\n\t<div  id=\"field_gb93h2_label\" class=\"frm_primary_label\">Nom\r\n\t\t<span class=\"frm_required\" aria-hidden=\"true\">*<\/span>\r\n\t<\/div>\r\n\t<fieldset aria-labelledby=\"field_gb93h2_label\">\n\t<legend class=\"frm_screen_reader frm_hidden\">\n\t\tNom\t<\/legend>\n\n\t<div  class=\"frm_combo_inputs_container\" id=\"frm_combo_inputs_container_57\" data-name-layout=\"first_last\">\n\t\t\t\t\t<div\n\t\t\t\tid=\"frm_field_57-first_container\"\n\t\t\t\tclass=\"frm_form_field form-field frm_form_subfield-first  frm6\"\n\t\t\t\tdata-sub-field-name=\"first\"\n\t\t\t>\n\t\t\t\t<label for=\"field_gb93h2_first\" class=\"frm_screen_reader frm_hidden\">\n\t\t\t\t\tPr\u00e9nom\t\t\t\t<\/label>\n\n\t\t\t\t<input  type=\"text\" id=\"field_gb93h2_first\" value=\"\" name=\"item_meta[57][first]\" autocomplete=\"given-name\" data-reqmsg=\"Nom cannot be blank.\" aria-required=\"true\" data-invmsg=\"Nom is invalid\" aria-invalid=\"false\"  \/><div class=\"frm_description\" id=\"frm_field_57_first_desc\">Pr\u00e9nom<\/div>\t\t\t<\/div>\n\t\t\t\t\t\t<div\n\t\t\t\tid=\"frm_field_57-last_container\"\n\t\t\t\tclass=\"frm_form_field form-field frm_form_subfield-last  frm6\"\n\t\t\t\tdata-sub-field-name=\"last\"\n\t\t\t>\n\t\t\t\t<label for=\"field_gb93h2_last\" class=\"frm_screen_reader frm_hidden\">\n\t\t\t\t\tNom de famille\t\t\t\t<\/label>\n\n\t\t\t\t<input  type=\"text\" id=\"field_gb93h2_last\" value=\"\" name=\"item_meta[57][last]\" autocomplete=\"family-name\" data-reqmsg=\"Nom cannot be blank.\" aria-required=\"true\" data-invmsg=\"Nom is invalid\" aria-invalid=\"false\"  \/><div class=\"frm_description\" id=\"frm_field_57_last_desc\">Nom de famille<\/div>\t\t\t<\/div>\n\t\t\t\t<\/div>\n<\/fieldset>\n\r\n\t\r\n\t\r\n<\/div>\n<div id=\"frm_field_58_container\" class=\"frm_form_field form-field  frm_required_field frm_top_container\">\r\n\t<label for=\"field_xs0ok2\" id=\"field_xs0ok2_label\" class=\"frm_primary_label\">Rue\/num\u00e9ro de maison\r\n\t\t<span class=\"frm_required\" aria-hidden=\"true\">*<\/span>\r\n\t<\/label>\r\n\t<input  type=\"text\" id=\"field_xs0ok2\" name=\"item_meta[58]\" value=\"\"  data-reqmsg=\"Rue\/num\u00e9ro de maison cannot be blank.\" aria-required=\"true\" data-invmsg=\"Rue\/num\u00e9ro de maison ist ung\u00fcltig\" aria-invalid=\"false\"   \/>\r\n\t\r\n\t\r\n<\/div>\n<div id=\"frm_field_59_container\" class=\"frm_form_field form-field  frm_required_field frm_top_container\">\r\n\t<label for=\"field_7lws2\" id=\"field_7lws2_label\" class=\"frm_primary_label\">Code postal\/localit\u00e9\r\n\t\t<span class=\"frm_required\" aria-hidden=\"true\">*<\/span>\r\n\t<\/label>\r\n\t<input  type=\"text\" id=\"field_7lws2\" name=\"item_meta[59]\" value=\"\"  data-reqmsg=\"Code postal\/localit\u00e9 cannot be blank.\" aria-required=\"true\" data-invmsg=\"Code postal\/localit\u00e9 ist ung\u00fcltig\" aria-invalid=\"false\"   \/>\r\n\t\r\n\t\r\n<\/div>\n<div id=\"frm_field_60_container\" class=\"frm_form_field form-field  frm_top_container\">\r\n\t<label for=\"field_coinb2\" id=\"field_coinb2_label\" class=\"frm_primary_label\">Num\u00e9ro de t\u00e9l\u00e9phone\r\n\t\t<span class=\"frm_required\" aria-hidden=\"true\"><\/span>\r\n\t<\/label>\r\n\t<input type=\"tel\" id=\"field_coinb2\" name=\"item_meta[60]\" value=\"\"  data-invmsg=\"Num\u00e9ro de t\u00e9l\u00e9phone ist ung\u00fcltig\" aria-invalid=\"false\" pattern=\"((\\+\\d{1,3}(-|.| )?\\(?\\d\\)?(-| |.)?\\d{1,5})|(\\(?\\d{2,6}\\)?))(-|.| )?(\\d{3,4})(-|.| )?(\\d{4})(( x| ext)\\d{1,5}){0,1}$\"  \/>\r\n\t\r\n\t\r\n<\/div>\n<div id=\"frm_field_61_container\" class=\"frm_form_field form-field  frm_required_field frm_top_container\">\r\n\t<label for=\"field_uw8fo2\" id=\"field_uw8fo2_label\" class=\"frm_primary_label\">E-Mail\r\n\t\t<span class=\"frm_required\" aria-hidden=\"true\">*<\/span>\r\n\t<\/label>\r\n\t<input type=\"email\" id=\"field_uw8fo2\" name=\"item_meta[61]\" value=\"\"  data-reqmsg=\"E-Mail cannot be blank.\" aria-required=\"true\" data-invmsg=\"E-Mail ist ung\u00fcltig\" aria-invalid=\"false\"  \/>\r\n\t\r\n\t\r\n<\/div>\n<div id=\"frm_field_62_container\" class=\"frm_form_field form-field  frm_top_container\">\r\n\t<label for=\"field_fnfko2\" id=\"field_fnfko2_label\" class=\"frm_primary_label\">Remarques\r\n\t\t<span class=\"frm_required\" aria-hidden=\"true\"><\/span>\r\n\t<\/label>\r\n\t<textarea name=\"item_meta[62]\" id=\"field_fnfko2\" rows=\"5\"  data-invmsg=\"Remarques ist ung\u00fcltig\" aria-invalid=\"false\"  ><\/textarea>\r\n\t\r\n\t\r\n<\/div>\n<div id=\"frm_field_63_container\" class=\"frm_form_field form-field \">\r\n\t<div class=\"frm_submit frm_flex\">\r\n<button class=\"frm_button_submit frm_final_submit\" type=\"submit\"   formnovalidate=\"formnovalidate\">Envoyer<\/button>\r\n\r\n\r\n\r\n<\/div>\r\n<\/div>\n\t<input type=\"hidden\" name=\"item_key\" value=\"\" \/>\n\t\t\t<div id=\"frm_field_191_container\">\n\t\t\t<label for=\"field_kdc5p\" >\n\t\t\t\tIf you are human, leave this field blank.\t\t\t<\/label>\n\t\t\t<input  id=\"field_kdc5p\" type=\"text\" class=\"frm_form_field form-field frm_verify\" name=\"item_meta[191]\" value=\"\"  \/>\n\t\t<\/div>\n\t\t<input name=\"frm_state\" type=\"hidden\" value=\"H4EpwOTz9zux8+yXa8C0S97a0d3xI9CbRoB3oT+2XUlXrD4QxrJ\/XAw5MU1361Il\" \/><\/div>\n<\/fieldset>\n<\/div>\n\n<\/form>\n<\/div>\n\n\n\n\n<div class=\"wp-block-buttons is-content-justification-right is-layout-flex wp-container-core-buttons-is-layout-765c4724 wp-block-buttons-is-layout-flex\">\n<div class=\"wp-block-button\"><a class=\"wp-block-button__link wp-element-button\" href=\"https:\/\/www.svbs-asse.ch\/?page_id=1256&amp;lang=fr\">Adh\u00e9sion collective &#8211;><\/a><\/div>\n<\/div>\n\n\n\n<p><\/p>\n","protected":false},"excerpt":{"rendered":"","protected":false},"author":1,"featured_media":0,"parent":675,"menu_order":0,"comment_status":"closed","ping_status":"closed","template":"","meta":{"_acf_changed":false,"footnotes":""},"class_list":["post-1253","page","type-page","status-publish","hentry"],"acf":[],"lang":"fr","translations":{"fr":1253,"de":155,"it":1245,"en":1389},"pll_sync_post":[],"_links":{"self":[{"href":"https:\/\/www.svbs-asse.ch\/index.php?rest_route=\/wp\/v2\/pages\/1253","targetHints":{"allow":["GET"]}}],"collection":[{"href":"https:\/\/www.svbs-asse.ch\/index.php?rest_route=\/wp\/v2\/pages"}],"about":[{"href":"https:\/\/www.svbs-asse.ch\/index.php?rest_route=\/wp\/v2\/types\/page"}],"author":[{"embeddable":true,"href":"https:\/\/www.svbs-asse.ch\/index.php?rest_route=\/wp\/v2\/users\/1"}],"replies":[{"embeddable":true,"href":"https:\/\/www.svbs-asse.ch\/index.php?rest_route=%2Fwp%2Fv2%2Fcomments&post=1253"}],"version-history":[{"count":4,"href":"https:\/\/www.svbs-asse.ch\/index.php?rest_route=\/wp\/v2\/pages\/1253\/revisions"}],"predecessor-version":[{"id":1259,"href":"https:\/\/www.svbs-asse.ch\/index.php?rest_route=\/wp\/v2\/pages\/1253\/revisions\/1259"}],"up":[{"embeddable":true,"href":"https:\/\/www.svbs-asse.ch\/index.php?rest_route=\/wp\/v2\/pages\/675"}],"wp:attachment":[{"href":"https:\/\/www.svbs-asse.ch\/index.php?rest_route=%2Fwp%2Fv2%2Fmedia&parent=1253"}],"curies":[{"name":"wp","href":"https:\/\/api.w.org\/{rel}","templated":true}]}}