{"id":1191,"date":"2025-12-12T15:20:28","date_gmt":"2025-12-12T14:20:28","guid":{"rendered":"https:\/\/www.svbs-asse.ch\/svbs3\/?page_id=1191"},"modified":"2025-12-24T14:06:18","modified_gmt":"2025-12-24T13:06:18","slug":"note-legali","status":"publish","type":"page","link":"https:\/\/www.svbs-asse.ch\/?page_id=1191&lang=it","title":{"rendered":"Note legali"},"content":{"rendered":"\n<p><strong>SVBS \/ ASSE \/ ASSA<\/strong><br>Stefan K\u00fchnis<br>Schulstrasse 10<br>8330 Pf\u00e4ffikon ZH<br>Telefono: +41 76 576 19 20<br>E-Mail:\u00a0<a href=\"mailto:info@svbs-asse.ch\">info@svbs-asse.ch<\/a><br>Web:\u00a0<a href=\"https:\/\/www.svbs-asse.ch\/\">https:\/\/www.svbs-asse.ch<\/a><br><br><strong>Amministratore delegato ASSA e responsabile dei contenuti di questo sito web<\/strong><br>Stefan K\u00fchnis<br><br><strong>Avviso di responsabilit\u00e0<\/strong><br>Nonostante l&#8217;attento controllo dei contenuti, non ci assumiamo alcuna responsabilit\u00e0 per i contenuti dei link esterni. La responsabilit\u00e0 dei contenuti delle pagine collegate \u00e8 esclusivamente dei rispettivi gestor<br><br><strong>Collegamenti ipertestuali<\/strong><br>La responsabilit\u00e0 dei contenuti delle pagine collegate \u00e8 sempre dei rispettivi fornitori o gestori delle pagine. Al momento della creazione dei link, le pagine collegate sono state controllate per verificare la presenza di eventuali violazioni della legge. Al momento della creazione dei link non sono stati riscontrati contenuti illegali. Tuttavia, non \u00e8 ragionevole effettuare un controllo permanente dei contenuti delle pagine collegate senza indicazioni concrete di una violazione della legge. Qualora venissimo a conoscenza di violazioni della legge, provvederemo a rimuovere immediatamente tali link.<br><br><\/p>\n\n\n<div class=\"grid grid-cols-2 sm:grid-cols-3 lg:grid-cols-4 gap-6\"><a class=\"relative aspect-video rounded-xl overflow-hidden group block\" href=\"https:\/\/www.svbs-asse.ch\/?page_id=861\" aria-label=\"Zur Seite \u201eDatenschutz\u201c\"><div class=\"absolute inset-0 bg-cover bg-center transition-transform duration-300 group-hover:scale-105\" style=\"background-image:url(https:\/\/www.svbs-asse.ch\/wp-content\/uploads\/2025\/12\/Datenschutz.jpg);\"><\/div><div class=\"absolute inset-0 bg-black\/40 flex items-center justify-center\"><span class=\"text-white text-xl font-semibold bg-black\/60 px-3 py-1 rounded-md drop-shadow-lg\">Datenschutz<\/span><\/div><\/a><a class=\"relative aspect-video rounded-xl overflow-hidden group block\" href=\"https:\/\/www.svbs-asse.ch\/?page_id=859\" aria-label=\"Zur Seite \u201eAGB\u201c\"><div class=\"absolute inset-0 bg-cover bg-center transition-transform duration-300 group-hover:scale-105\" style=\"background-image:url(https:\/\/www.svbs-asse.ch\/wp-content\/uploads\/2025\/12\/agb.jpg);\"><\/div><div class=\"absolute inset-0 bg-black\/40 flex items-center justify-center\"><span class=\"text-white text-xl font-semibold bg-black\/60 px-3 py-1 rounded-md drop-shadow-lg\">AGB<\/span><\/div><\/a><a class=\"relative aspect-video rounded-xl overflow-hidden group block\" href=\"https:\/\/www.svbs-asse.ch\/?page_id=857\" aria-label=\"Zur Seite \u201eCookie-Richtlinie\u201c\"><div class=\"absolute inset-0 bg-cover bg-center transition-transform duration-300 group-hover:scale-105\" style=\"background-image:url(https:\/\/www.svbs-asse.ch\/wp-content\/uploads\/2025\/12\/cookies-672x675.jpg);\"><\/div><div class=\"absolute inset-0 bg-black\/40 flex items-center justify-center\"><span class=\"text-white text-xl font-semibold bg-black\/60 px-3 py-1 rounded-md drop-shadow-lg\">Cookie-Richtlinie<\/span><\/div><\/a><\/div>\n\n\n\n<p><br><br><br><em>Nota: la pagina \u00e8 stata tradotta con l&#8217;AI.<\/em><br><br><br><\/p>\n","protected":false},"excerpt":{"rendered":"<p>SVBS \/ ASSE \/ ASSAStefan K\u00fchnisSchulstrasse 108330 Pf\u00e4ffikon ZHTelefono: +41 76 576 19 20E-Mail:\u00a0info@svbs-asse.chWeb:\u00a0https:\/\/www.svbs-asse.ch Amministratore delegato ASSA e responsabile dei contenuti di questo sito webStefan K\u00fchnis Avviso di responsabilit\u00e0Nonostante l&#8217;attento [&hellip;]<\/p>\n","protected":false},"author":1,"featured_media":0,"parent":0,"menu_order":0,"comment_status":"closed","ping_status":"closed","template":"","meta":{"_acf_changed":false,"footnotes":""},"class_list":["post-1191","page","type-page","status-publish","hentry"],"acf":[],"lang":"it","translations":{"it":1191,"fr":642,"de":555,"en":1362},"pll_sync_post":[],"_links":{"self":[{"href":"https:\/\/www.svbs-asse.ch\/index.php?rest_route=\/wp\/v2\/pages\/1191","targetHints":{"allow":["GET"]}}],"collection":[{"href":"https:\/\/www.svbs-asse.ch\/index.php?rest_route=\/wp\/v2\/pages"}],"about":[{"href":"https:\/\/www.svbs-asse.ch\/index.php?rest_route=\/wp\/v2\/types\/page"}],"author":[{"embeddable":true,"href":"https:\/\/www.svbs-asse.ch\/index.php?rest_route=\/wp\/v2\/users\/1"}],"replies":[{"embeddable":true,"href":"https:\/\/www.svbs-asse.ch\/index.php?rest_route=%2Fwp%2Fv2%2Fcomments&post=1191"}],"version-history":[{"count":4,"href":"https:\/\/www.svbs-asse.ch\/index.php?rest_route=\/wp\/v2\/pages\/1191\/revisions"}],"predecessor-version":[{"id":1379,"href":"https:\/\/www.svbs-asse.ch\/index.php?rest_route=\/wp\/v2\/pages\/1191\/revisions\/1379"}],"wp:attachment":[{"href":"https:\/\/www.svbs-asse.ch\/index.php?rest_route=%2Fwp%2Fv2%2Fmedia&parent=1191"}],"curies":[{"name":"wp","href":"https:\/\/api.w.org\/{rel}","templated":true}]}}