{"id":1132,"date":"2025-12-11T08:55:46","date_gmt":"2025-12-11T07:55:46","guid":{"rendered":"https:\/\/www.svbs-asse.ch\/svbs3\/?page_id=1132"},"modified":"2026-01-27T10:20:00","modified_gmt":"2026-01-27T09:20:00","slug":"consulenze-audit","status":"publish","type":"page","link":"https:\/\/www.svbs-asse.ch\/?page_id=1132&lang=it","title":{"rendered":"Consulenze \/ Audit"},"content":{"rendered":"\n<div class=\"wp-block-columns is-layout-flex wp-container-core-columns-is-layout-9d6595d7 wp-block-columns-is-layout-flex\">\n<div class=\"wp-block-column is-layout-flow wp-block-column-is-layout-flow\" style=\"flex-basis:33.33%\">\n<div class=\"wp-block-cover is-light\"><img loading=\"lazy\" decoding=\"async\" width=\"1024\" height=\"683\" class=\"wp-block-cover__image-background wp-image-689 size-large\" alt=\"\" src=\"https:\/\/www.svbs-asse.ch\/wp-content\/uploads\/2025\/10\/beratung_audits-1024x683.jpg\" data-object-fit=\"cover\" srcset=\"https:\/\/www.svbs-asse.ch\/wp-content\/uploads\/2025\/10\/beratung_audits-1024x683.jpg 1024w, https:\/\/www.svbs-asse.ch\/wp-content\/uploads\/2025\/10\/beratung_audits-300x200.jpg 300w, https:\/\/www.svbs-asse.ch\/wp-content\/uploads\/2025\/10\/beratung_audits-768x513.jpg 768w\" sizes=\"auto, (max-width: 1024px) 100vw, 1024px\" \/><span aria-hidden=\"true\" class=\"wp-block-cover__background has-background-dim\" style=\"background-color:#bcbcbd\"><\/span><div class=\"wp-block-cover__inner-container is-layout-constrained wp-block-cover-is-layout-constrained\">\n<p class=\"has-text-align-center has-large-font-size\"><\/p>\n<\/div><\/div>\n<\/div>\n\n\n\n<div class=\"wp-block-column is-layout-flow wp-block-column-is-layout-flow\" style=\"flex-basis:66.66%\">\n<p>Siamo lieti di offrire consulenza a soci e non soci su tutti gli aspetti della salute e sicurezza sul lavoro. Offriamo una vasta gamma di servizi (vedi tabella). L&#8217;iscrizione \u00e8 sicuramente vantaggiosa, poich\u00e9 consente di beneficiare di consulenze iniziali gratuite e tariffe ridotte per consulenze pi\u00f9 approfondite. Per diventare soci della ASSA, <strong><a href=\"https:\/\/www.svbs-asse.ch\/?page_id=1180&amp;lang=it\" data-type=\"link\" data-id=\"https:\/\/www.svbs-asse.ch\/?page_id=1180&amp;lang=it\">potete trovare i moduli di domanda qui <\/a><\/strong>.<\/p>\n\n\n\n<br>\n\n\n\n<figure class=\"wp-block-table is-style-stripes has-small-font-size\"><table class=\"has-fixed-layout\"><tbody><tr><td><strong><strong>Audit, consulenza e presentazioni<\/strong><\/strong><\/td><td><strong><strong>membri<\/strong><\/strong><\/td><td><strong><strong>Non membri<\/strong><\/strong><\/td><\/tr><tr><td>Consulenza telefonica\/revisione dei documenti fino a 15 minuti.<\/td><td>gratuitamente<\/td><td>gratuitamente<\/td><\/tr><tr><td>Consulenza telefonica \/ revisione dei documenti, prima ora<\/td><td>gratuitamente<\/td><td>CHF 125<\/td><\/tr><tr><td>Consulenza telefonica \/ revisione documenti: ogni ora aggiuntiva<\/td><td>CHF 95<\/td><td>CHF 125<\/td><\/tr><tr><td>Consulenza in loco per mezza giornata<\/td><td>CHF 600*<\/td><td>CHF 700*<\/td><\/tr><tr><td>Audit di un servizio sanitario aziendale esistente<\/td><td>CHF 2500*<\/td><td>CHF 2600*<\/td><\/tr><tr><td>Presentazioni standard (tempo totale richiesto fino a 4 ore)<\/td><td>CHF 500*<\/td><td>CHF 600*<\/td><\/tr><tr><td>Presentazioni speciali (tempo totale impiegato oltre 4 ore)<\/td><td>CHF 800*<\/td><td>CHF 900*<\/td><\/tr><tr><td>*escluse le spese di viaggio<\/td><td><\/td><td><\/td><\/tr><\/tbody><\/table><\/figure>\n<\/div>\n<\/div>\n\n\n\n<br>\n\n\n\n<p><strong>Audit di un servizio medico aziendale<\/strong><br><br>Hai bisogno di una prospettiva esterna sulla salute e la sicurezza della tua azienda? Oppure hai bisogno di argomentazioni pi\u00f9 numerose e pi\u00f9 convincenti da presentare al management?<br><br>Saremo lieti di effettuare una verifica completa e, soprattutto, completamente imparziale delle vostre misure di salute e sicurezza sul lavoro! Due professionisti visiteranno i vostri locali per un giorno, esamineranno attentamente le vostre strutture e redigeranno un rapporto scritto dettagliato, comprensivo di raccomandazioni. Per un preventivo, vi preghiamo di inviarci un&#8217;e-mail a <strong><a href=\"mailto:info@svbs-asse.ch\">info@svbs-asse.ch<\/a> <\/strong>.<br><br><\/p>\n\n\n\n<h2 class=\"wp-block-heading\"><strong>Team di revisione<\/strong><\/h2>\n\n\n<div class=\"vorstand-grid \" style=\"--vg-cols:3\"><article class=\"vorstand-card\"><div class=\"vorstand-avatar\"><img loading=\"lazy\" decoding=\"async\" width=\"200\" height=\"200\" src=\"https:\/\/www.svbs-asse.ch\/wp-content\/uploads\/2025\/10\/Bruno2.jpg\" class=\"attachment-medium size-medium wp-post-image\" alt=\"\" srcset=\"https:\/\/www.svbs-asse.ch\/wp-content\/uploads\/2025\/10\/Bruno2.jpg 200w, https:\/\/www.svbs-asse.ch\/wp-content\/uploads\/2025\/10\/Bruno2-150x150.jpg 150w\" sizes=\"auto, (max-width: 200px) 100vw, 200px\" \/><\/div><h3 class=\"vorstand-name\">Bruno Ducceschi<\/h3><div class=\"vorstand-funktion\">Lead-Auditor<\/div><div class=\"vorstand-contact\"><i>E-Mail: <a href=\"mailto:b&#114;un&#111;.d&#117;cc&#101;schi&#064;sv&#098;&#115;-&#097;&#115;s&#101;.&#099;&#104;\">b&#114;un&#111;.d&#117;cc&#101;schi&#064;sv&#098;&#115;-&#097;&#115;s&#101;.&#099;&#104;<\/a><\/i><\/div><\/article><article class=\"vorstand-card\"><div class=\"vorstand-avatar\"><img loading=\"lazy\" decoding=\"async\" width=\"200\" height=\"200\" src=\"https:\/\/www.svbs-asse.ch\/wp-content\/uploads\/2025\/10\/Bruno2.jpg\" class=\"attachment-medium size-medium wp-post-image\" alt=\"\" srcset=\"https:\/\/www.svbs-asse.ch\/wp-content\/uploads\/2025\/10\/Bruno2.jpg 200w, https:\/\/www.svbs-asse.ch\/wp-content\/uploads\/2025\/10\/Bruno2-150x150.jpg 150w\" sizes=\"auto, (max-width: 200px) 100vw, 200px\" \/><\/div><h3 class=\"vorstand-name\">Bruno Ducceschi<\/h3><div class=\"vorstand-funktion\">Auditeur principal<\/div><div class=\"vorstand-contact\"><i>E-Mail: <a href=\"mailto:b&#114;uno.&#100;uc&#099;es&#099;&#104;&#105;&#064;s&#118;bs-&#097;&#115;se&#046;&#099;h\">b&#114;uno.&#100;uc&#099;es&#099;&#104;&#105;&#064;s&#118;bs-&#097;&#115;se&#046;&#099;h<\/a><\/i><\/div><\/article><article class=\"vorstand-card\"><div class=\"vorstand-avatar\"><img loading=\"lazy\" decoding=\"async\" width=\"200\" height=\"200\" src=\"https:\/\/www.svbs-asse.ch\/wp-content\/uploads\/2025\/10\/Bruno2.jpg\" class=\"attachment-medium size-medium wp-post-image\" alt=\"\" srcset=\"https:\/\/www.svbs-asse.ch\/wp-content\/uploads\/2025\/10\/Bruno2.jpg 200w, https:\/\/www.svbs-asse.ch\/wp-content\/uploads\/2025\/10\/Bruno2-150x150.jpg 150w\" sizes=\"auto, (max-width: 200px) 100vw, 200px\" \/><\/div><h3 class=\"vorstand-name\">Bruno Ducceschi<\/h3><div class=\"vorstand-funktion\">Revisore capo<\/div><div class=\"vorstand-contact\"><i>E-Mail: <a href=\"mailto:b&#114;&#117;&#110;&#111;.&#100;&#117;&#099;ces&#099;h&#105;&#064;&#115;&#118;&#098;&#115;-&#097;&#115;&#115;&#101;&#046;c&#104;\">b&#114;&#117;&#110;&#111;.&#100;&#117;&#099;ces&#099;h&#105;&#064;&#115;&#118;&#098;&#115;-&#097;&#115;&#115;&#101;&#046;c&#104;<\/a><\/i><\/div><\/article><article class=\"vorstand-card\"><div class=\"vorstand-avatar\"><img loading=\"lazy\" decoding=\"async\" width=\"200\" height=\"200\" src=\"https:\/\/www.svbs-asse.ch\/wp-content\/uploads\/2025\/10\/Bruno2.jpg\" class=\"attachment-medium size-medium wp-post-image\" alt=\"\" srcset=\"https:\/\/www.svbs-asse.ch\/wp-content\/uploads\/2025\/10\/Bruno2.jpg 200w, https:\/\/www.svbs-asse.ch\/wp-content\/uploads\/2025\/10\/Bruno2-150x150.jpg 150w\" sizes=\"auto, (max-width: 200px) 100vw, 200px\" \/><\/div><h3 class=\"vorstand-name\">Bruno Ducceschi<\/h3><div class=\"vorstand-funktion\">Lead-Auditor<\/div><div class=\"vorstand-contact\"><i>E-Mail: <a href=\"mailto:&#098;r&#117;n&#111;&#046;&#100;uc&#099;&#101;s&#099;hi&#064;s&#118;b&#115;-as&#115;e&#046;c&#104;\">&#098;r&#117;n&#111;&#046;&#100;uc&#099;&#101;s&#099;hi&#064;s&#118;b&#115;-as&#115;e&#046;c&#104;<\/a><\/i><\/div><\/article><article class=\"vorstand-card\"><div class=\"vorstand-avatar\"><img loading=\"lazy\" decoding=\"async\" width=\"200\" height=\"200\" src=\"https:\/\/www.svbs-asse.ch\/wp-content\/uploads\/2025\/10\/Katja2.jpg\" class=\"attachment-medium size-medium wp-post-image\" alt=\"\" srcset=\"https:\/\/www.svbs-asse.ch\/wp-content\/uploads\/2025\/10\/Katja2.jpg 200w, https:\/\/www.svbs-asse.ch\/wp-content\/uploads\/2025\/10\/Katja2-150x150.jpg 150w\" sizes=\"auto, (max-width: 200px) 100vw, 200px\" \/><\/div><h3 class=\"vorstand-name\">Katja G\u00fcntert<\/h3><div class=\"vorstand-funktion\">Auditorin<\/div><div class=\"vorstand-contact\"><i>E-Mail: <a href=\"mailto:k&#097;&#116;&#105;a&#046;guen&#116;ert&#064;&#115;&#118;bs-a&#115;se&#046;c&#104;\">k&#097;&#116;&#105;a&#046;guen&#116;ert&#064;&#115;&#118;bs-a&#115;se&#046;c&#104;<\/a><\/i><\/div><\/article><article class=\"vorstand-card\"><div class=\"vorstand-avatar\"><img loading=\"lazy\" decoding=\"async\" width=\"200\" height=\"200\" src=\"https:\/\/www.svbs-asse.ch\/wp-content\/uploads\/2025\/10\/Katja2.jpg\" class=\"attachment-medium size-medium wp-post-image\" alt=\"\" srcset=\"https:\/\/www.svbs-asse.ch\/wp-content\/uploads\/2025\/10\/Katja2.jpg 200w, https:\/\/www.svbs-asse.ch\/wp-content\/uploads\/2025\/10\/Katja2-150x150.jpg 150w\" sizes=\"auto, (max-width: 200px) 100vw, 200px\" \/><\/div><h3 class=\"vorstand-name\">Katja G\u00fcntert<\/h3><div class=\"vorstand-funktion\">Auditrice<\/div><div class=\"vorstand-contact\"><i>E-Mail: <a href=\"mailto:k&#097;&#116;ia.&#103;&#117;e&#110;te&#114;&#116;&#064;s&#118;&#098;&#115;-&#097;&#115;&#115;&#101;&#046;ch\">k&#097;&#116;ia.&#103;&#117;e&#110;te&#114;&#116;&#064;s&#118;&#098;&#115;-&#097;&#115;&#115;&#101;&#046;ch<\/a><\/i><\/div><\/article><article class=\"vorstand-card\"><div class=\"vorstand-avatar\"><img loading=\"lazy\" decoding=\"async\" width=\"200\" height=\"200\" src=\"https:\/\/www.svbs-asse.ch\/wp-content\/uploads\/2025\/10\/Katja2.jpg\" class=\"attachment-medium size-medium wp-post-image\" alt=\"\" srcset=\"https:\/\/www.svbs-asse.ch\/wp-content\/uploads\/2025\/10\/Katja2.jpg 200w, https:\/\/www.svbs-asse.ch\/wp-content\/uploads\/2025\/10\/Katja2-150x150.jpg 150w\" sizes=\"auto, (max-width: 200px) 100vw, 200px\" \/><\/div><h3 class=\"vorstand-name\">Katja G\u00fcntert<\/h3><div class=\"vorstand-funktion\">Revisore<\/div><div class=\"vorstand-contact\"><i>E-Mail: <a href=\"mailto:&#107;&#097;&#116;i&#097;&#046;g&#117;e&#110;t&#101;r&#116;&#064;&#115;&#118;b&#115;&#045;&#097;s&#115;&#101;.&#099;&#104;\">&#107;&#097;&#116;i&#097;&#046;g&#117;e&#110;t&#101;r&#116;&#064;&#115;&#118;b&#115;&#045;&#097;s&#115;&#101;.&#099;&#104;<\/a><\/i><\/div><\/article><article class=\"vorstand-card\"><div class=\"vorstand-avatar\"><img loading=\"lazy\" decoding=\"async\" width=\"200\" height=\"200\" src=\"https:\/\/www.svbs-asse.ch\/wp-content\/uploads\/2025\/10\/Katja2.jpg\" class=\"attachment-medium size-medium wp-post-image\" alt=\"\" srcset=\"https:\/\/www.svbs-asse.ch\/wp-content\/uploads\/2025\/10\/Katja2.jpg 200w, https:\/\/www.svbs-asse.ch\/wp-content\/uploads\/2025\/10\/Katja2-150x150.jpg 150w\" sizes=\"auto, (max-width: 200px) 100vw, 200px\" \/><\/div><h3 class=\"vorstand-name\">Katja G\u00fcntert<\/h3><div class=\"vorstand-funktion\">Auditor<\/div><div class=\"vorstand-contact\"><i>E-Mail: <a href=\"mailto:&#107;&#097;&#116;i&#097;.&#103;u&#101;&#110;ter&#116;&#064;&#115;v&#098;&#115;-a&#115;s&#101;&#046;c&#104;\">&#107;&#097;&#116;i&#097;.&#103;u&#101;&#110;ter&#116;&#064;&#115;v&#098;&#115;-a&#115;s&#101;&#046;c&#104;<\/a><\/i><\/div><\/article><article class=\"vorstand-card\"><div class=\"vorstand-avatar\"><img loading=\"lazy\" decoding=\"async\" width=\"200\" height=\"200\" src=\"https:\/\/www.svbs-asse.ch\/wp-content\/uploads\/2025\/10\/Morgana2.jpg\" class=\"attachment-medium size-medium wp-post-image\" alt=\"\" srcset=\"https:\/\/www.svbs-asse.ch\/wp-content\/uploads\/2025\/10\/Morgana2.jpg 200w, https:\/\/www.svbs-asse.ch\/wp-content\/uploads\/2025\/10\/Morgana2-150x150.jpg 150w\" sizes=\"auto, (max-width: 200px) 100vw, 200px\" \/><\/div><h3 class=\"vorstand-name\">Morgana Dias-Langhi<\/h3><div class=\"vorstand-funktion\">Auditorin<\/div><div class=\"vorstand-contact\"><i>E-Mail: <a href=\"mailto:m&#111;&#114;&#103;an&#097;.&#100;&#105;a&#115;-&#108;an&#103;&#104;&#105;&#064;sv&#098;s-&#097;ss&#101;.ch\">m&#111;&#114;&#103;an&#097;.&#100;&#105;a&#115;-&#108;an&#103;&#104;&#105;&#064;sv&#098;s-&#097;ss&#101;.ch<\/a><\/i><\/div><\/article><article class=\"vorstand-card\"><div class=\"vorstand-avatar\"><img loading=\"lazy\" decoding=\"async\" width=\"200\" height=\"200\" src=\"https:\/\/www.svbs-asse.ch\/wp-content\/uploads\/2025\/10\/Morgana2.jpg\" class=\"attachment-medium size-medium wp-post-image\" alt=\"\" srcset=\"https:\/\/www.svbs-asse.ch\/wp-content\/uploads\/2025\/10\/Morgana2.jpg 200w, https:\/\/www.svbs-asse.ch\/wp-content\/uploads\/2025\/10\/Morgana2-150x150.jpg 150w\" sizes=\"auto, (max-width: 200px) 100vw, 200px\" \/><\/div><h3 class=\"vorstand-name\">Morgana Dias-Langhi<\/h3><div class=\"vorstand-funktion\">Auditrice<\/div><div class=\"vorstand-contact\"><i>E-Mail: <a href=\"mailto:m&#111;r&#103;a&#110;&#097;&#046;d&#105;&#097;s-&#108;&#097;n&#103;&#104;i&#064;&#115;v&#098;&#115;-&#097;&#115;&#115;&#101;.c&#104;\">m&#111;r&#103;a&#110;&#097;&#046;d&#105;&#097;s-&#108;&#097;n&#103;&#104;i&#064;&#115;v&#098;&#115;-&#097;&#115;&#115;&#101;.c&#104;<\/a><\/i><\/div><\/article><article class=\"vorstand-card\"><div class=\"vorstand-avatar\"><img loading=\"lazy\" decoding=\"async\" width=\"200\" height=\"200\" src=\"https:\/\/www.svbs-asse.ch\/wp-content\/uploads\/2025\/10\/Morgana2.jpg\" class=\"attachment-medium size-medium wp-post-image\" alt=\"\" srcset=\"https:\/\/www.svbs-asse.ch\/wp-content\/uploads\/2025\/10\/Morgana2.jpg 200w, https:\/\/www.svbs-asse.ch\/wp-content\/uploads\/2025\/10\/Morgana2-150x150.jpg 150w\" sizes=\"auto, (max-width: 200px) 100vw, 200px\" \/><\/div><h3 class=\"vorstand-name\">Morgana Dias-Langhi<\/h3><div class=\"vorstand-funktion\">Revisore<\/div><div class=\"vorstand-contact\"><i>E-Mail: <a href=\"mailto:mor&#103;ana.d&#105;&#097;&#115;-l&#097;&#110;gh&#105;&#064;s&#118;bs&#045;a&#115;&#115;&#101;.&#099;&#104;\">mor&#103;ana.d&#105;&#097;&#115;-l&#097;&#110;gh&#105;&#064;s&#118;bs&#045;a&#115;&#115;&#101;.&#099;&#104;<\/a><\/i><\/div><\/article><article class=\"vorstand-card\"><div class=\"vorstand-avatar\"><img loading=\"lazy\" decoding=\"async\" width=\"200\" height=\"200\" src=\"https:\/\/www.svbs-asse.ch\/wp-content\/uploads\/2025\/10\/Morgana2.jpg\" class=\"attachment-medium size-medium wp-post-image\" alt=\"\" srcset=\"https:\/\/www.svbs-asse.ch\/wp-content\/uploads\/2025\/10\/Morgana2.jpg 200w, https:\/\/www.svbs-asse.ch\/wp-content\/uploads\/2025\/10\/Morgana2-150x150.jpg 150w\" sizes=\"auto, (max-width: 200px) 100vw, 200px\" \/><\/div><h3 class=\"vorstand-name\">Morgana Dias-Langhi<\/h3><div class=\"vorstand-funktion\">Auditor<\/div><div class=\"vorstand-contact\"><i>E-Mail: <a href=\"mailto:m&#111;rg&#097;na&#046;di&#097;&#115;-la&#110;gh&#105;&#064;sv&#098;s&#045;&#097;ss&#101;&#046;&#099;h\">m&#111;rg&#097;na&#046;di&#097;&#115;-la&#110;gh&#105;&#064;sv&#098;s&#045;&#097;ss&#101;&#046;&#099;h<\/a><\/i><\/div><\/article><article class=\"vorstand-card\"><div class=\"vorstand-avatar\"><img loading=\"lazy\" decoding=\"async\" width=\"200\" height=\"200\" src=\"https:\/\/www.svbs-asse.ch\/wp-content\/uploads\/2025\/10\/Roger2.jpg\" class=\"attachment-medium size-medium wp-post-image\" alt=\"\" srcset=\"https:\/\/www.svbs-asse.ch\/wp-content\/uploads\/2025\/10\/Roger2.jpg 200w, https:\/\/www.svbs-asse.ch\/wp-content\/uploads\/2025\/10\/Roger2-150x150.jpg 150w\" sizes=\"auto, (max-width: 200px) 100vw, 200px\" \/><\/div><h3 class=\"vorstand-name\">Roger Berger<\/h3><div class=\"vorstand-funktion\">Auditor<\/div><div class=\"vorstand-contact\"><i>E-Mail: <a href=\"mailto:ro&#103;e&#114;.&#098;&#101;&#114;g&#101;r&#064;&#115;&#118;b&#115;&#045;a&#115;&#115;e.ch\">ro&#103;e&#114;.&#098;&#101;&#114;g&#101;r&#064;&#115;&#118;b&#115;&#045;a&#115;&#115;e.ch<\/a><\/i><\/div><\/article><article class=\"vorstand-card\"><div class=\"vorstand-avatar\"><img loading=\"lazy\" decoding=\"async\" width=\"200\" height=\"200\" src=\"https:\/\/www.svbs-asse.ch\/wp-content\/uploads\/2025\/10\/Roger2.jpg\" class=\"attachment-medium size-medium wp-post-image\" alt=\"\" srcset=\"https:\/\/www.svbs-asse.ch\/wp-content\/uploads\/2025\/10\/Roger2.jpg 200w, https:\/\/www.svbs-asse.ch\/wp-content\/uploads\/2025\/10\/Roger2-150x150.jpg 150w\" sizes=\"auto, (max-width: 200px) 100vw, 200px\" \/><\/div><h3 class=\"vorstand-name\">Roger Berger<\/h3><div class=\"vorstand-funktion\">Auditeur<\/div><div class=\"vorstand-contact\"><i>E-Mail: <a href=\"mailto:&#114;&#111;g&#101;r&#046;&#098;&#101;rg&#101;&#114;&#064;s&#118;&#098;&#115;&#045;&#097;s&#115;&#101;&#046;ch\">&#114;&#111;g&#101;r&#046;&#098;&#101;rg&#101;&#114;&#064;s&#118;&#098;&#115;&#045;&#097;s&#115;&#101;&#046;ch<\/a><\/i><\/div><\/article><article class=\"vorstand-card\"><div class=\"vorstand-avatar\"><img loading=\"lazy\" decoding=\"async\" width=\"200\" height=\"200\" src=\"https:\/\/www.svbs-asse.ch\/wp-content\/uploads\/2025\/10\/Roger2.jpg\" class=\"attachment-medium size-medium wp-post-image\" alt=\"\" srcset=\"https:\/\/www.svbs-asse.ch\/wp-content\/uploads\/2025\/10\/Roger2.jpg 200w, https:\/\/www.svbs-asse.ch\/wp-content\/uploads\/2025\/10\/Roger2-150x150.jpg 150w\" sizes=\"auto, (max-width: 200px) 100vw, 200px\" \/><\/div><h3 class=\"vorstand-name\">Roger Berger<\/h3><div class=\"vorstand-funktion\">Revisore<\/div><div class=\"vorstand-contact\"><i>E-Mail: <a href=\"mailto:&#114;oge&#114;&#046;&#098;e&#114;&#103;e&#114;&#064;&#115;&#118;&#098;&#115;&#045;ass&#101;.&#099;&#104;\">&#114;oge&#114;&#046;&#098;e&#114;&#103;e&#114;&#064;&#115;&#118;&#098;&#115;&#045;ass&#101;.&#099;&#104;<\/a><\/i><\/div><\/article><article class=\"vorstand-card\"><div class=\"vorstand-avatar\"><img loading=\"lazy\" decoding=\"async\" width=\"200\" height=\"200\" src=\"https:\/\/www.svbs-asse.ch\/wp-content\/uploads\/2025\/10\/Roger2.jpg\" class=\"attachment-medium size-medium wp-post-image\" alt=\"\" srcset=\"https:\/\/www.svbs-asse.ch\/wp-content\/uploads\/2025\/10\/Roger2.jpg 200w, https:\/\/www.svbs-asse.ch\/wp-content\/uploads\/2025\/10\/Roger2-150x150.jpg 150w\" sizes=\"auto, (max-width: 200px) 100vw, 200px\" \/><\/div><h3 class=\"vorstand-name\">Roger Berger<\/h3><div class=\"vorstand-funktion\">Auditor<\/div><div class=\"vorstand-contact\"><i>E-Mail: <a href=\"mailto:r&#111;&#103;&#101;&#114;&#046;b&#101;&#114;g&#101;r&#064;&#115;v&#098;&#115;-&#097;&#115;&#115;&#101;&#046;&#099;h\">r&#111;&#103;&#101;&#114;&#046;b&#101;&#114;g&#101;r&#064;&#115;v&#098;&#115;-&#097;&#115;&#115;&#101;&#046;&#099;h<\/a><\/i><\/div><\/article><article class=\"vorstand-card\"><div class=\"vorstand-avatar\"><img loading=\"lazy\" decoding=\"async\" width=\"200\" height=\"200\" src=\"https:\/\/www.svbs-asse.ch\/wp-content\/uploads\/2025\/10\/Stefan2.jpg\" class=\"attachment-medium size-medium wp-post-image\" alt=\"\" srcset=\"https:\/\/www.svbs-asse.ch\/wp-content\/uploads\/2025\/10\/Stefan2.jpg 200w, https:\/\/www.svbs-asse.ch\/wp-content\/uploads\/2025\/10\/Stefan2-150x150.jpg 150w\" sizes=\"auto, (max-width: 200px) 100vw, 200px\" \/><\/div><h3 class=\"vorstand-name\">Stefan K\u00fchnis<\/h3><div class=\"vorstand-funktion\">Auditor<\/div><div class=\"vorstand-contact\"><i>E-Mail: <a href=\"mailto:s&#116;&#101;f&#097;n.&#107;ueh&#110;i&#115;&#064;s&#118;&#098;s&#045;as&#115;e.ch\">s&#116;&#101;f&#097;n.&#107;ueh&#110;i&#115;&#064;s&#118;&#098;s&#045;as&#115;e.ch<\/a><\/i><\/div><\/article><article class=\"vorstand-card\"><div class=\"vorstand-avatar\"><img loading=\"lazy\" decoding=\"async\" width=\"200\" height=\"200\" src=\"https:\/\/www.svbs-asse.ch\/wp-content\/uploads\/2025\/10\/Stefan2.jpg\" class=\"attachment-medium size-medium wp-post-image\" alt=\"\" srcset=\"https:\/\/www.svbs-asse.ch\/wp-content\/uploads\/2025\/10\/Stefan2.jpg 200w, https:\/\/www.svbs-asse.ch\/wp-content\/uploads\/2025\/10\/Stefan2-150x150.jpg 150w\" sizes=\"auto, (max-width: 200px) 100vw, 200px\" \/><\/div><h3 class=\"vorstand-name\">Stefan K\u00fchnis<\/h3><div class=\"vorstand-funktion\">Auditeur<\/div><div class=\"vorstand-contact\"><i>E-Mail: <a href=\"mailto:s&#116;ef&#097;&#110;.k&#117;&#101;&#104;&#110;is&#064;&#115;&#118;bs&#045;as&#115;e&#046;c&#104;\">s&#116;ef&#097;&#110;.k&#117;&#101;&#104;&#110;is&#064;&#115;&#118;bs&#045;as&#115;e&#046;c&#104;<\/a><\/i><\/div><\/article><article class=\"vorstand-card\"><div class=\"vorstand-avatar\"><img loading=\"lazy\" decoding=\"async\" width=\"200\" height=\"200\" src=\"https:\/\/www.svbs-asse.ch\/wp-content\/uploads\/2025\/10\/Stefan2.jpg\" class=\"attachment-medium size-medium wp-post-image\" alt=\"\" srcset=\"https:\/\/www.svbs-asse.ch\/wp-content\/uploads\/2025\/10\/Stefan2.jpg 200w, https:\/\/www.svbs-asse.ch\/wp-content\/uploads\/2025\/10\/Stefan2-150x150.jpg 150w\" sizes=\"auto, (max-width: 200px) 100vw, 200px\" \/><\/div><h3 class=\"vorstand-name\">Stefan K\u00fchnis<\/h3><div class=\"vorstand-funktion\">Revisore<\/div><div class=\"vorstand-contact\"><i>E-Mail: <a href=\"mailto:s&#116;&#101;&#102;&#097;n.&#107;u&#101;&#104;&#110;is&#064;s&#118;b&#115;&#045;&#097;&#115;se.&#099;h\">s&#116;&#101;&#102;&#097;n.&#107;u&#101;&#104;&#110;is&#064;s&#118;b&#115;&#045;&#097;&#115;se.&#099;h<\/a><\/i><\/div><\/article><article class=\"vorstand-card\"><div class=\"vorstand-avatar\"><img loading=\"lazy\" decoding=\"async\" width=\"200\" height=\"200\" src=\"https:\/\/www.svbs-asse.ch\/wp-content\/uploads\/2025\/10\/Stefan2.jpg\" class=\"attachment-medium size-medium wp-post-image\" alt=\"\" srcset=\"https:\/\/www.svbs-asse.ch\/wp-content\/uploads\/2025\/10\/Stefan2.jpg 200w, https:\/\/www.svbs-asse.ch\/wp-content\/uploads\/2025\/10\/Stefan2-150x150.jpg 150w\" sizes=\"auto, (max-width: 200px) 100vw, 200px\" \/><\/div><h3 class=\"vorstand-name\">Stefan K\u00fchnis<\/h3><div class=\"vorstand-funktion\">Auditor<\/div><div class=\"vorstand-contact\"><i>E-Mail: <a href=\"mailto:st&#101;&#102;&#097;n.&#107;&#117;&#101;h&#110;i&#115;&#064;&#115;v&#098;s-asse.c&#104;\">st&#101;&#102;&#097;n.&#107;&#117;&#101;h&#110;i&#115;&#064;&#115;v&#098;s-asse.c&#104;<\/a><\/i><\/div><\/article><\/div>\n","protected":false},"excerpt":{"rendered":"<p>Siamo lieti di offrire consulenza a soci e non soci su tutti gli aspetti della salute e sicurezza sul lavoro. Offriamo una vasta gamma di servizi (vedi tabella). L&#8217;iscrizione \u00e8 [&hellip;]<\/p>\n","protected":false},"author":1,"featured_media":0,"parent":0,"menu_order":0,"comment_status":"closed","ping_status":"closed","template":"page.php","meta":{"_acf_changed":false,"footnotes":""},"class_list":["post-1132","page","type-page","status-publish","hentry"],"acf":[],"lang":"it","translations":{"it":1132,"fr":698,"de":24,"en":1338},"pll_sync_post":[],"_links":{"self":[{"href":"https:\/\/www.svbs-asse.ch\/index.php?rest_route=\/wp\/v2\/pages\/1132","targetHints":{"allow":["GET"]}}],"collection":[{"href":"https:\/\/www.svbs-asse.ch\/index.php?rest_route=\/wp\/v2\/pages"}],"about":[{"href":"https:\/\/www.svbs-asse.ch\/index.php?rest_route=\/wp\/v2\/types\/page"}],"author":[{"embeddable":true,"href":"https:\/\/www.svbs-asse.ch\/index.php?rest_route=\/wp\/v2\/users\/1"}],"replies":[{"embeddable":true,"href":"https:\/\/www.svbs-asse.ch\/index.php?rest_route=%2Fwp%2Fv2%2Fcomments&post=1132"}],"version-history":[{"count":2,"href":"https:\/\/www.svbs-asse.ch\/index.php?rest_route=\/wp\/v2\/pages\/1132\/revisions"}],"predecessor-version":[{"id":1294,"href":"https:\/\/www.svbs-asse.ch\/index.php?rest_route=\/wp\/v2\/pages\/1132\/revisions\/1294"}],"wp:attachment":[{"href":"https:\/\/www.svbs-asse.ch\/index.php?rest_route=%2Fwp%2Fv2%2Fmedia&parent=1132"}],"curies":[{"name":"wp","href":"https:\/\/api.w.org\/{rel}","templated":true}]}}